{"id":6574,"date":"2019-09-12T20:39:16","date_gmt":"2019-09-12T20:39:16","guid":{"rendered":"http:\/\/trenaferragens1.hospedagemdesites.ws\/?post_type=product&#038;p=6574"},"modified":"2019-09-12T20:42:34","modified_gmt":"2019-09-12T20:42:34","slug":"trena-emborrachada-5m-c-led-duplo-momfort","status":"publish","type":"product","link":"https:\/\/trenaferragens.com.br\/?product=trena-emborrachada-5m-c-led-duplo-momfort","title":{"rendered":"Trena Emborrachada 5M C\/Led Duplo MOMFORT"},"content":{"rendered":"<p>Trena Emborrachada 5M C\/Led Duplo MOMFORT<\/p>\n<p>MOMFORT<\/p>\n<p>A Momfort foi fundada em 23 de outubro 1964. Esta pequena oficina de torneados e usinados em madeira evoluiu para os atuais 7 mil metros quadrados de \u00e1rea constru\u00edda, nos quais trabalham 127 funcion\u00e1rios.<br \/>\nA sede da Momfort fica localizada em Jaragu\u00e1 do Sul\/SC, um dos principais polos industriais da Regi\u00e3o Sul, pr\u00f3xima aos portos de S\u00e3o Francisco do Sul, Itapo\u00e1, Itaja\u00ed, Navegantes e Paranagu\u00e1, dos aeroportos de Joinville, Navegantes e Curitiba, bem como as principais rodovias do estado.<br \/>\nNossa tradi\u00e7\u00e3o de qualidade come\u00e7ou l\u00e1 no in\u00edcio de nossa hist\u00f3ria, fabricando cabos de ferramentas manuais para constru\u00e7\u00e3o civil, principalmente para martelos, serrotes e torneados em madeira para a ind\u00fastria moveleira e utens\u00edlios dom\u00e9sticos.<br \/>\nCome\u00e7ava a\u00ed uma trilha que nos trouxe \u00e0 condi\u00e7\u00e3o de uma das principais ind\u00fastrias nacionais do segmento. E al\u00e9m de sua presen\u00e7a em todo o pa\u00eds, a Momfort Industrial exporta sua linha de cabos e ferramentas para diversos pa\u00edses.<\/p>\n","protected":false},"excerpt":{"rendered":"<p>Trena Emborrachada 5M C\/Led Duplo MOMFORT<\/p>\n<p>Indica\u00e7\u00e3o de uso: Indica\u00e7\u00e3o de uso:\u00a0A trena \u00e9 um instrumento para medi\u00e7\u00e3o linear e em curvas. Caracter\u00edstica:\u00a0Fita de a\u00e7o com medidas em CM\/POL. Corpo em PVC e emborrachado. Possui trava para facilitar a confer\u00eancia de medidas e led duplo.<\/p>\n","protected":false},"featured_media":6575,"comment_status":"open","ping_status":"closed","template":"","meta":[],"product_cat":[1093,281,1094],"product_tag":[2334,2538,2540,2539],"_links":{"self":[{"href":"https:\/\/trenaferragens.com.br\/index.php?rest_route=\/wp\/v2\/product\/6574"}],"collection":[{"href":"https:\/\/trenaferragens.com.br\/index.php?rest_route=\/wp\/v2\/product"}],"about":[{"href":"https:\/\/trenaferragens.com.br\/index.php?rest_route=\/wp\/v2\/types\/product"}],"replies":[{"embeddable":true,"href":"https:\/\/trenaferragens.com.br\/index.php?rest_route=%2Fwp%2Fv2%2Fcomments&post=6574"}],"wp:featuredmedia":[{"embeddable":true,"href":"https:\/\/trenaferragens.com.br\/index.php?rest_route=\/wp\/v2\/media\/6575"}],"wp:attachment":[{"href":"https:\/\/trenaferragens.com.br\/index.php?rest_route=%2Fwp%2Fv2%2Fmedia&parent=6574"}],"wp:term":[{"taxonomy":"product_cat","embeddable":true,"href":"https:\/\/trenaferragens.com.br\/index.php?rest_route=%2Fwp%2Fv2%2Fproduct_cat&post=6574"},{"taxonomy":"product_tag","embeddable":true,"href":"https:\/\/trenaferragens.com.br\/index.php?rest_route=%2Fwp%2Fv2%2Fproduct_tag&post=6574"}],"curies":[{"name":"wp","href":"https:\/\/api.w.org\/{rel}","templated":true}]}}