{"id":6587,"date":"2019-09-13T19:16:04","date_gmt":"2019-09-13T19:16:04","guid":{"rendered":"http:\/\/trenaferragens1.hospedagemdesites.ws\/?post_type=product&#038;p=6587"},"modified":"2019-09-13T19:47:42","modified_gmt":"2019-09-13T19:47:42","slug":"tinta-spray-alta-temperatura-colorgin","status":"publish","type":"product","link":"https:\/\/trenaferragens.com.br\/?product=tinta-spray-alta-temperatura-colorgin","title":{"rendered":"Tinta Spray Alta Temperatura &#8211; Colorgin"},"content":{"rendered":"<p>Tinta Spray Alta Temperatura &#8211; Colorgin<\/p>\n<p>A Sherwin-Williams<br \/>\nA Sherwin-Williams est\u00e1 presente no Brasil h\u00e1 mais de\u00a070 anos\u00a0com o objetivo de trazer ao mercado as melhores op\u00e7\u00f5es em revestimento e prote\u00e7\u00e3o, com tintas para as mais diversas finalidades. A empresa atua tanto no segmento imobili\u00e1rio, quanto industrial, sempre com produtos reconhecidos por sua durabilidade, qualidade e inova\u00e7\u00e3o.<\/p>\n<p>Entre suas principais marcas est\u00e3o Metalatex, Novacor, KemTone, Aquacryl e Colorgin, amplamente reconhecidas por formadores de opini\u00e3o e consumidores. A Sherwin-Williams vem investindo em diversas a\u00e7\u00f5es de marketing como an\u00fancios, desenvolvimento de novas embalagens, a\u00e7\u00f5es diretas com revendedores, patroc\u00ednios, entre outros.<\/p>\n<p>A Empresa est\u00e1 localizada no estado de S\u00e3o Paulo, onde possui escrit\u00f3rio e f\u00e1brica no munic\u00edpio de Tabo\u00e3o da Serra, no segmento imobili\u00e1rio.<\/p>\n","protected":false},"excerpt":{"rendered":"<p>Tinta Spray Alta Temperatura &#8211; Colorgin<\/p>\n<p>DISPON\u00cdVEL NAS OP\u00c7\u00d5ES: Alum\u00ednio, Branco e Preto<\/p>\n<p>COLORGIN ALTA TEMPERATURA \u00e9 uma tinta em spray especialmente desenvolvida para pintura de partes externas de objetos ou superf\u00edcies met\u00e1licas, expostas \u00e0s altas temperaturas, apresentando resist\u00eancia a at\u00e9 600\u00b0C.<\/p>\n<p>Acabamento:\u00a0fosco e met\u00e1lico.<\/p>\n<p>Indicada para:\u00a0escapamentos, chamin\u00e9s, lareiras, caldeiras, tubula\u00e7\u00f5es e parte externa de churrasqueiras e fog\u00f5es.<\/p>\n<p>Rendimento Aproximado:\u00a0de 1,0 m\u00b2 a 1,2 m\u00b2 por embalagem, por dem\u00e3o.<\/p>\n","protected":false},"featured_media":6588,"comment_status":"open","ping_status":"closed","template":"","meta":[],"product_cat":[178,1126],"product_tag":[2552,2550,2551,2553],"_links":{"self":[{"href":"https:\/\/trenaferragens.com.br\/index.php?rest_route=\/wp\/v2\/product\/6587"}],"collection":[{"href":"https:\/\/trenaferragens.com.br\/index.php?rest_route=\/wp\/v2\/product"}],"about":[{"href":"https:\/\/trenaferragens.com.br\/index.php?rest_route=\/wp\/v2\/types\/product"}],"replies":[{"embeddable":true,"href":"https:\/\/trenaferragens.com.br\/index.php?rest_route=%2Fwp%2Fv2%2Fcomments&post=6587"}],"wp:featuredmedia":[{"embeddable":true,"href":"https:\/\/trenaferragens.com.br\/index.php?rest_route=\/wp\/v2\/media\/6588"}],"wp:attachment":[{"href":"https:\/\/trenaferragens.com.br\/index.php?rest_route=%2Fwp%2Fv2%2Fmedia&parent=6587"}],"wp:term":[{"taxonomy":"product_cat","embeddable":true,"href":"https:\/\/trenaferragens.com.br\/index.php?rest_route=%2Fwp%2Fv2%2Fproduct_cat&post=6587"},{"taxonomy":"product_tag","embeddable":true,"href":"https:\/\/trenaferragens.com.br\/index.php?rest_route=%2Fwp%2Fv2%2Fproduct_tag&post=6587"}],"curies":[{"name":"wp","href":"https:\/\/api.w.org\/{rel}","templated":true}]}}