{"id":6597,"date":"2019-09-13T19:49:29","date_gmt":"2019-09-13T19:49:29","guid":{"rendered":"http:\/\/trenaferragens1.hospedagemdesites.ws\/?post_type=product&#038;p=6597"},"modified":"2019-09-13T19:51:31","modified_gmt":"2019-09-13T19:51:31","slug":"super-galvite-fundo-especial","status":"publish","type":"product","link":"https:\/\/trenaferragens.com.br\/?product=super-galvite-fundo-especial","title":{"rendered":"Super Galvite Fundo Especial"},"content":{"rendered":"<p>Super Galvite Fundo Especial<\/p>\n<p>A Sherwin-Williams<\/p>\n<p>A Sherwin-Williams est\u00e1 presente no Brasil h\u00e1 mais de\u00a070 anos\u00a0com o objetivo de trazer ao mercado as melhores op\u00e7\u00f5es em revestimento e prote\u00e7\u00e3o, com tintas para as mais diversas finalidades. A empresa atua tanto no segmento imobili\u00e1rio, quanto industrial, sempre com produtos reconhecidos por sua durabilidade, qualidade e inova\u00e7\u00e3o.<\/p>\n<p>Entre suas principais marcas est\u00e3o Metalatex, Novacor, KemTone, Aquacryl e Colorgin, amplamente reconhecidas por formadores de opini\u00e3o e consumidores. A Sherwin-Williams vem investindo em diversas a\u00e7\u00f5es de marketing como an\u00fancios, desenvolvimento de novas embalagens, a\u00e7\u00f5es diretas com revendedores, patroc\u00ednios, entre outros.<\/p>\n<p>A Empresa est\u00e1 localizada no estado de S\u00e3o Paulo, onde possui escrit\u00f3rio e f\u00e1brica no munic\u00edpio de Tabo\u00e3o da Serra, no segmento imobili\u00e1rio.<\/p>\n","protected":false},"excerpt":{"rendered":"<p>Super Galvite Fundo Especial<\/p>\n<p>DISPON\u00cdVEL NAS OP\u00c7\u00d5ES: 0.9L e 3.6L<\/p>\n<p>Super Galvite<\/p>\n<p>Super Galvite alqu\u00eddico \u00e9 um fundo especial, indicado para promover ader\u00eancia sobre superf\u00edcies de a\u00e7o galvanizado e chapas zincadas, canaletas, condutores, calhas, rufos, chapas lisas e onduladas, pain\u00e9is de propaganda, etc.<\/p>\n<p>Rendimento:<br \/>\n\u00bc de gal\u00e3o (900 ML): 12,5 M\u00b2 a 17,5 M\u00b2 por dem\u00e3o.<br \/>\nGal\u00e3o (3,6L): 50 M\u00b2 a 70M\u00b2 por dem\u00e3o.<\/p>\n<p>Cores:<br \/>\nDispon\u00edvel na cor branco gelo no acabamento fosco.<\/p>\n<p>Secagem:<br \/>\nAo toque: 2 horas.<br \/>\nFinal: 24 horas.<\/p>\n<p>Aplica\u00e7\u00e3o:<br \/>\nDem\u00e3os:<br \/>\n1 dem\u00e3o.<\/p>\n<p>Rolo ou pincel:<br \/>\n10% de Metalatex Aguarr\u00e1s.<\/p>\n<p>Pistola:<br \/>\n30% de Metalatex Aguarr\u00e1s.<\/p>\n<p>FISPQGal\u00e3o (3,6L)<\/p>\n<p>Quarto (900ML)<\/p>\n","protected":false},"featured_media":6598,"comment_status":"open","ping_status":"closed","template":"","meta":[],"product_cat":[178,1123],"product_tag":[2561,2562,2550,2560],"_links":{"self":[{"href":"https:\/\/trenaferragens.com.br\/index.php?rest_route=\/wp\/v2\/product\/6597"}],"collection":[{"href":"https:\/\/trenaferragens.com.br\/index.php?rest_route=\/wp\/v2\/product"}],"about":[{"href":"https:\/\/trenaferragens.com.br\/index.php?rest_route=\/wp\/v2\/types\/product"}],"replies":[{"embeddable":true,"href":"https:\/\/trenaferragens.com.br\/index.php?rest_route=%2Fwp%2Fv2%2Fcomments&post=6597"}],"wp:featuredmedia":[{"embeddable":true,"href":"https:\/\/trenaferragens.com.br\/index.php?rest_route=\/wp\/v2\/media\/6598"}],"wp:attachment":[{"href":"https:\/\/trenaferragens.com.br\/index.php?rest_route=%2Fwp%2Fv2%2Fmedia&parent=6597"}],"wp:term":[{"taxonomy":"product_cat","embeddable":true,"href":"https:\/\/trenaferragens.com.br\/index.php?rest_route=%2Fwp%2Fv2%2Fproduct_cat&post=6597"},{"taxonomy":"product_tag","embeddable":true,"href":"https:\/\/trenaferragens.com.br\/index.php?rest_route=%2Fwp%2Fv2%2Fproduct_tag&post=6597"}],"curies":[{"name":"wp","href":"https:\/\/api.w.org\/{rel}","templated":true}]}}