{"id":6599,"date":"2019-09-13T19:52:29","date_gmt":"2019-09-13T19:52:29","guid":{"rendered":"http:\/\/trenaferragens1.hospedagemdesites.ws\/?post_type=product&#038;p=6599"},"modified":"2019-09-13T19:55:39","modified_gmt":"2019-09-13T19:55:39","slug":"tinta-pinta-piso-novacor","status":"publish","type":"product","link":"https:\/\/trenaferragens.com.br\/?product=tinta-pinta-piso-novacor","title":{"rendered":"Tinta Pinta Piso NOVACOR"},"content":{"rendered":"<p>Tinta Pinta Piso NOVACOR<\/p>\n<p>A Sherwin-Williams<\/p>\n<p>A Sherwin-Williams est\u00e1 presente no Brasil h\u00e1 mais de\u00a070 anos\u00a0com o objetivo de trazer ao mercado as melhores op\u00e7\u00f5es em revestimento e prote\u00e7\u00e3o, com tintas para as mais diversas finalidades. A empresa atua tanto no segmento imobili\u00e1rio, quanto industrial, sempre com produtos reconhecidos por sua durabilidade, qualidade e inova\u00e7\u00e3o.<\/p>\n<p>Entre suas principais marcas est\u00e3o Metalatex, Novacor, KemTone, Aquacryl e Colorgin, amplamente reconhecidas por formadores de opini\u00e3o e consumidores. A Sherwin-Williams vem investindo em diversas a\u00e7\u00f5es de marketing como an\u00fancios, desenvolvimento de novas embalagens, a\u00e7\u00f5es diretas com revendedores, patroc\u00ednios, entre outros.<\/p>\n<p>A Empresa est\u00e1 localizada no estado de S\u00e3o Paulo, onde possui escrit\u00f3rio e f\u00e1brica no munic\u00edpio de Tabo\u00e3o da Serra, no segmento imobili\u00e1rio.<\/p>\n","protected":false},"excerpt":{"rendered":"<p>Tinta Pinta Piso NOVACOR<\/p>\n<p>DISPON\u00cdVEL NAS OP\u00c7\u00d5ES: Amarelo Demarca\u00e7\u00e3o (3.6L e 18L), Branco (3.6L e 18L), Cinza (3.6L e 18L), Cinza Chumbo (3.6L e 18L), Concreto (3.6L e 18L), Preto (3.6L e 18L) e Verde (3.6L e 18L)<\/p>\n<p>Novacor Piso Premium<\/p>\n<p>Novacor Piso Premium \u00e9 uma tinta \u00e0 base de resina acr\u00edlica para pisos cimentados, mesmo que j\u00e1 tenham sido pintados anteriormente. Indicada para quadras poliesportivas, demarca\u00e7\u00e3o de garagens, pisos comerciais, \u00e1reas de recrea\u00e7\u00e3o e etc. Tem grande poder de cobertura e alta durabilidade. Por isso, \u00e9 muito resistente ao tr\u00e1fego de pessoas, carros e intemp\u00e9ries, quando aplicada sobre superf\u00edcies corretamente preparadas e conservadas.<\/p>\n<p>Rendimento:<br \/>\nLata (18L): 250 M\u00b2 a 350 M\u00b2 por dem\u00e3o.<br \/>\nRende at\u00e9 350 M\u00b2 Lata 18L \/ dem\u00e3o.<\/p>\n<p>Gal\u00e3o (3,6L): 50 M\u00b2 a 70M\u00b2 por dem\u00e3o.<br \/>\nRende at\u00e9 70 M\u00b2 Gal\u00e3o 3,6L \/ dem\u00e3o.<\/p>\n<p>Quarto (900ML): 12,5 M\u00b2 a 17,5 M\u00b2 por dem\u00e3o.<br \/>\nRende at\u00e9 17,5 M\u00b2 Quarto 900 ML\/ dem\u00e3o.<\/p>\n<p>Cores:<br \/>\nConforme cartela de cores no acabamento fosco.<\/p>\n<p>Secagem:<br \/>\nSecagem ao toque: 2 horas.<br \/>\nEntre dem\u00e3os: 4 horas.<br \/>\nFinal: 12 horas.<\/p>\n<p>Deve-se esperar pelo menos 48 horas ap\u00f3s a pintura, para permitir o tr\u00e1fego de pessoas, e 72 horas para ve\u00edculos.<\/p>\n<p>Aplica\u00e7\u00e3o:<br \/>\n&#8211; Misture bem o produto antes e durante a aplica\u00e7\u00e3o;<br \/>\n&#8211; Aplique com temperatura ambiente entre 10\u00b0C e 40\u00b0C;<br \/>\n&#8211; Evite aplicar em dias chuvosos, sobre superf\u00edcie quente, com corrente de ar intensa ou com umidade relativa do ar superior a 90%;<br \/>\n&#8211; Aplique o produto por igual, evitando repasses excessivos;<br \/>\n&#8211; N\u00e3o interrompa a aplica\u00e7\u00e3o no meio da superf\u00edcie;<br \/>\n&#8211; Evite retoques isolados ap\u00f3s a secagem do produto.<\/p>\n<p>FISPQ<\/p>\n<p>Gal\u00e3o (3.6L) e Lata (18L)<\/p>\n","protected":false},"featured_media":6600,"comment_status":"open","ping_status":"closed","template":"","meta":[],"product_cat":[178,1125],"product_tag":[2565,2564,2550,2563,2566],"_links":{"self":[{"href":"https:\/\/trenaferragens.com.br\/index.php?rest_route=\/wp\/v2\/product\/6599"}],"collection":[{"href":"https:\/\/trenaferragens.com.br\/index.php?rest_route=\/wp\/v2\/product"}],"about":[{"href":"https:\/\/trenaferragens.com.br\/index.php?rest_route=\/wp\/v2\/types\/product"}],"replies":[{"embeddable":true,"href":"https:\/\/trenaferragens.com.br\/index.php?rest_route=%2Fwp%2Fv2%2Fcomments&post=6599"}],"wp:featuredmedia":[{"embeddable":true,"href":"https:\/\/trenaferragens.com.br\/index.php?rest_route=\/wp\/v2\/media\/6600"}],"wp:attachment":[{"href":"https:\/\/trenaferragens.com.br\/index.php?rest_route=%2Fwp%2Fv2%2Fmedia&parent=6599"}],"wp:term":[{"taxonomy":"product_cat","embeddable":true,"href":"https:\/\/trenaferragens.com.br\/index.php?rest_route=%2Fwp%2Fv2%2Fproduct_cat&post=6599"},{"taxonomy":"product_tag","embeddable":true,"href":"https:\/\/trenaferragens.com.br\/index.php?rest_route=%2Fwp%2Fv2%2Fproduct_tag&post=6599"}],"curies":[{"name":"wp","href":"https:\/\/api.w.org\/{rel}","templated":true}]}}