{"id":6610,"date":"2019-09-25T17:11:34","date_gmt":"2019-09-25T17:11:34","guid":{"rendered":"http:\/\/trenaferragens1.hospedagemdesites.ws\/?post_type=product&#038;p=6610"},"modified":"2019-09-25T17:24:06","modified_gmt":"2019-09-25T17:24:06","slug":"raticida-granulado-20gr","status":"publish","type":"product","link":"https:\/\/trenaferragens.com.br\/?product=raticida-granulado-20gr","title":{"rendered":"Raticida Granulado 20Gr"},"content":{"rendered":"<p>Raticida Granulado 20Gr<\/p>\n<p>KRODEC<\/p>\n<p>A KRODEC desenvolve produtos at\u00f3xicos e sem adi\u00e7\u00e3o de veneno, evitando assim acidentes. Nossas ratoeiras adesivas podem ser utilizadas em diversos estabelecimentos, como: padarias, mercados, ind\u00fastrias, hospitais e dep\u00f3sitos, al\u00e9m do uso dom\u00e9stico. Dentre os produtos fabricados pela KRODEC est\u00e1 tamb\u00e9m o repelente para pombos e morcegos, um gel inodoro e at\u00f3xico que afasta pombos e morcegos.<\/p>\n","protected":false},"excerpt":{"rendered":"<p>Raticida Granulado 20Gr<\/p>\n<p>\u2022 Econ\u00f4mico:\u00a0voc\u00ea n\u00e3o paga pelas cascas;<br \/>\n\u2022 Seguro:\u00a0n\u00e3o sobram cascas envenenadas no ambiente;<br \/>\n\u2022 Eficaz:\u00a0o ingrediente ativo \u00e9 impregnado diretamente na parte comest\u00edvel do gr\u00e3o;<br \/>\n\u2022 Eficiente:\u00a0dose \u00fanica.<br \/>\nModo de usar:<br \/>\nKromax Raticida\u00a0\u00e9 f\u00e1cil de usar.<br \/>\nBasta seguir os seguintes passos:<br \/>\n1. Identificar as tocas e locais onde os ratos transitam.<br \/>\n2. Nas tocas, trilhas, rodap\u00e9s de paredes e onde houver sinais como pegadas, pelos e excrementos, definir os pontos para iscagem e aplicar 1 a 3 saches de 20g em cada ponto definido.<br \/>\n3. A cada 7 dias avaliar o consumo em cada ponto e repor o produto onde houver consumo total, at\u00e9 n\u00e3o haver mais sinais dos roedores.<\/p>\n","protected":false},"featured_media":6611,"comment_status":"open","ping_status":"closed","template":"","meta":[],"product_cat":[1855],"product_tag":[2572,2573,2574,2575],"_links":{"self":[{"href":"https:\/\/trenaferragens.com.br\/index.php?rest_route=\/wp\/v2\/product\/6610"}],"collection":[{"href":"https:\/\/trenaferragens.com.br\/index.php?rest_route=\/wp\/v2\/product"}],"about":[{"href":"https:\/\/trenaferragens.com.br\/index.php?rest_route=\/wp\/v2\/types\/product"}],"replies":[{"embeddable":true,"href":"https:\/\/trenaferragens.com.br\/index.php?rest_route=%2Fwp%2Fv2%2Fcomments&post=6610"}],"wp:featuredmedia":[{"embeddable":true,"href":"https:\/\/trenaferragens.com.br\/index.php?rest_route=\/wp\/v2\/media\/6611"}],"wp:attachment":[{"href":"https:\/\/trenaferragens.com.br\/index.php?rest_route=%2Fwp%2Fv2%2Fmedia&parent=6610"}],"wp:term":[{"taxonomy":"product_cat","embeddable":true,"href":"https:\/\/trenaferragens.com.br\/index.php?rest_route=%2Fwp%2Fv2%2Fproduct_cat&post=6610"},{"taxonomy":"product_tag","embeddable":true,"href":"https:\/\/trenaferragens.com.br\/index.php?rest_route=%2Fwp%2Fv2%2Fproduct_tag&post=6610"}],"curies":[{"name":"wp","href":"https:\/\/api.w.org\/{rel}","templated":true}]}}