{"id":6612,"date":"2019-09-25T17:24:41","date_gmt":"2019-09-25T17:24:41","guid":{"rendered":"http:\/\/trenaferragens1.hospedagemdesites.ws\/?post_type=product&#038;p=6612"},"modified":"2019-09-25T17:37:13","modified_gmt":"2019-09-25T17:37:13","slug":"pega-rato-adesivo","status":"publish","type":"product","link":"https:\/\/trenaferragens.com.br\/?product=pega-rato-adesivo","title":{"rendered":"Pega Rato Adesivo"},"content":{"rendered":"<p>Pega Rato Adesivo<\/p>\n<p>KRODEC<\/p>\n<p>A KRODEC desenvolve produtos at\u00f3xicos e sem adi\u00e7\u00e3o de veneno, evitando assim acidentes. Nossas ratoeiras adesivas podem ser utilizadas em diversos estabelecimentos, como: padarias, mercados, ind\u00fastrias, hospitais e dep\u00f3sitos, al\u00e9m do uso dom\u00e9stico. Dentre os produtos fabricados pela KRODEC est\u00e1 tamb\u00e9m o repelente para pombos e morcegos, um gel inodoro e at\u00f3xico que afasta pombos e morcegos.<\/p>\n","protected":false},"excerpt":{"rendered":"<p>Pega Rato Adesivo<\/p>\n<p>Mede 34 cm X 25 cm, e possui uma cola especial em sua superf\u00edcie que imobiliza o rato ao passar ou atraido pela isca.\u00a0\u00c9 recomendado a arma\u00e7\u00e3o da ratoeira em locais de freq\u00fcente circula\u00e7\u00e3o de ratos, como pr\u00f3ximos a frestas e locais com pouca luminosidade. Desenvolvido para o uso dom\u00e9stico.<\/p>\n<p>Uso Dom\u00e9stico<br \/>\nDimens\u00f5es:\u00a034 X 25 cm<br \/>\nIndica\u00e7\u00e3o:\u00a0ratos e camundongos<br \/>\nLocais:\u00a0uso dom\u00e9stico em frequente circula\u00e7\u00e3o de ratos.<\/p>\n<p>At\u00f3xica\u00a0N\u00e3o \u00e9 composto por produtos t\u00f3xicos e nocivos \u00e0 sua sa\u00fade.<br \/>\nHigi\u00eanica\u00a0Utiliza\u00e7\u00e3o limpa e sem contato com o rato.<br \/>\nF\u00e1cil de Usar\u00a0A ratoeira \u00e9 de f\u00e1cil arma\u00e7\u00e3o.<br \/>\nDescart\u00e1vel\u00a0N\u00e3o deixa o cheiro das ratoeiras convencionais.<br \/>\nMaior poder de a\u00e7\u00e3o\u00a0Pode capturar mais de um rato com apenas uma unidade.<\/p>\n","protected":false},"featured_media":6613,"comment_status":"open","ping_status":"closed","template":"","meta":[],"product_cat":[1855],"product_tag":[2572,2573,2576,2577],"_links":{"self":[{"href":"https:\/\/trenaferragens.com.br\/index.php?rest_route=\/wp\/v2\/product\/6612"}],"collection":[{"href":"https:\/\/trenaferragens.com.br\/index.php?rest_route=\/wp\/v2\/product"}],"about":[{"href":"https:\/\/trenaferragens.com.br\/index.php?rest_route=\/wp\/v2\/types\/product"}],"replies":[{"embeddable":true,"href":"https:\/\/trenaferragens.com.br\/index.php?rest_route=%2Fwp%2Fv2%2Fcomments&post=6612"}],"wp:featuredmedia":[{"embeddable":true,"href":"https:\/\/trenaferragens.com.br\/index.php?rest_route=\/wp\/v2\/media\/6613"}],"wp:attachment":[{"href":"https:\/\/trenaferragens.com.br\/index.php?rest_route=%2Fwp%2Fv2%2Fmedia&parent=6612"}],"wp:term":[{"taxonomy":"product_cat","embeddable":true,"href":"https:\/\/trenaferragens.com.br\/index.php?rest_route=%2Fwp%2Fv2%2Fproduct_cat&post=6612"},{"taxonomy":"product_tag","embeddable":true,"href":"https:\/\/trenaferragens.com.br\/index.php?rest_route=%2Fwp%2Fv2%2Fproduct_tag&post=6612"}],"curies":[{"name":"wp","href":"https:\/\/api.w.org\/{rel}","templated":true}]}}