{"id":6614,"date":"2019-09-25T17:38:12","date_gmt":"2019-09-25T17:38:12","guid":{"rendered":"http:\/\/trenaferragens1.hospedagemdesites.ws\/?post_type=product&#038;p=6614"},"modified":"2019-09-25T17:44:08","modified_gmt":"2019-09-25T17:44:08","slug":"mata-formigas-gel-10gr","status":"publish","type":"product","link":"https:\/\/trenaferragens.com.br\/?product=mata-formigas-gel-10gr","title":{"rendered":"Mata Formigas Gel 10Gr"},"content":{"rendered":"<p>Mata Formigas Gel 10Gr<\/p>\n<p>KRODEC<\/p>\n<p>A KRODEC desenvolve produtos at\u00f3xicos e sem adi\u00e7\u00e3o de veneno, evitando assim acidentes. Nossas ratoeiras adesivas podem ser utilizadas em diversos estabelecimentos, como: padarias, mercados, ind\u00fastrias, hospitais e dep\u00f3sitos, al\u00e9m do uso dom\u00e9stico. Dentre os produtos fabricados pela KRODEC est\u00e1 tamb\u00e9m o repelente para pombos e morcegos, um gel inodoro e at\u00f3xico que afasta pombos e morcegos.<\/p>\n","protected":false},"excerpt":{"rendered":"<p>Mata Formigas Gel 10Gr<\/p>\n<p>Kromax Gel Mata Formiga\u00a0apresenta uma formula\u00e7\u00e3o altamente atrativa para formigas doceiras associado a um ingrediente ativo, Hidrametilnona, que tem a\u00e7\u00e3o lenta fazendo com que as formigas oper\u00e1rias se alimentem e levem para sua rainha. Desta forma o impacto do produto se da sobre a col\u00f4nia que \u00e9 definitivamente eliminada.<\/p>\n<p>Modo de usar:<br \/>\nKromax Gel Mata Formigas\u00a0deve ser usado aplicando-se pequenas gotas ou filetes pr\u00f3ximo aos locais onde as formigas se escondem como frestas, fendas, rachaduras, buracos, em baixo e atr\u00e1s de m\u00f3veis, pias, arm\u00e1rios, fog\u00f5es, coifas ou em superf\u00edcies onde transitam como parede, rodap\u00e9s, piso, etc\u2026<\/p>\n","protected":false},"featured_media":6615,"comment_status":"open","ping_status":"closed","template":"","meta":[],"product_cat":[1855],"product_tag":[2579,2572,2573,2578,2580],"_links":{"self":[{"href":"https:\/\/trenaferragens.com.br\/index.php?rest_route=\/wp\/v2\/product\/6614"}],"collection":[{"href":"https:\/\/trenaferragens.com.br\/index.php?rest_route=\/wp\/v2\/product"}],"about":[{"href":"https:\/\/trenaferragens.com.br\/index.php?rest_route=\/wp\/v2\/types\/product"}],"replies":[{"embeddable":true,"href":"https:\/\/trenaferragens.com.br\/index.php?rest_route=%2Fwp%2Fv2%2Fcomments&post=6614"}],"wp:featuredmedia":[{"embeddable":true,"href":"https:\/\/trenaferragens.com.br\/index.php?rest_route=\/wp\/v2\/media\/6615"}],"wp:attachment":[{"href":"https:\/\/trenaferragens.com.br\/index.php?rest_route=%2Fwp%2Fv2%2Fmedia&parent=6614"}],"wp:term":[{"taxonomy":"product_cat","embeddable":true,"href":"https:\/\/trenaferragens.com.br\/index.php?rest_route=%2Fwp%2Fv2%2Fproduct_cat&post=6614"},{"taxonomy":"product_tag","embeddable":true,"href":"https:\/\/trenaferragens.com.br\/index.php?rest_route=%2Fwp%2Fv2%2Fproduct_tag&post=6614"}],"curies":[{"name":"wp","href":"https:\/\/api.w.org\/{rel}","templated":true}]}}