{"id":6616,"date":"2019-09-25T17:44:17","date_gmt":"2019-09-25T17:44:17","guid":{"rendered":"http:\/\/trenaferragens1.hospedagemdesites.ws\/?post_type=product&#038;p=6616"},"modified":"2019-09-25T17:54:58","modified_gmt":"2019-09-25T17:54:58","slug":"mata-baratas-gel-10gr","status":"publish","type":"product","link":"https:\/\/trenaferragens.com.br\/?product=mata-baratas-gel-10gr","title":{"rendered":"Mata Baratas Gel 10Gr"},"content":{"rendered":"<p>Mata Baratas Gel 10Gr<\/p>\n<p>KRODEC<\/p>\n<p>A KRODEC desenvolve produtos at\u00f3xicos e sem adi\u00e7\u00e3o de veneno, evitando assim acidentes. Nossas ratoeiras adesivas podem ser utilizadas em diversos estabelecimentos, como: padarias, mercados, ind\u00fastrias, hospitais e dep\u00f3sitos, al\u00e9m do uso dom\u00e9stico. Dentre os produtos fabricados pela KRODEC est\u00e1 tamb\u00e9m o repelente para pombos e morcegos, um gel inodoro e at\u00f3xico que afasta pombos e morcegos.<\/p>\n","protected":false},"excerpt":{"rendered":"<p>Mata Baratas Gel 10Gr<\/p>\n<p>Kromax Gel Mata Barata\u00a0\u00e9 uma isca perfeita. Combina o que h\u00e1 de mais atrativo e eficaz para as baratas com um poderoso ingrediente ativo, Imidacloprid, capaz de matar as baratas em poucos minutos ap\u00f3s a ingest\u00e3o do gel.<br \/>\nKromax Gel Mata Barata\u00a0\u00e9 uma ferramenta poderosa, pr\u00e1tica, limpa e segura de combater as baratas de quaisquer esp\u00e9cies.<\/p>\n<p>Modo de usar:<br \/>\nAplique pequenas gotas ou filetes pr\u00f3ximo aos locais onde as baratas se escondem ou transitam. Ap\u00f3s a aplica\u00e7\u00e3o permanece eficiente por semanas. Reaplique sempre que houver o consumo das iscas.<\/p>\n","protected":false},"featured_media":6617,"comment_status":"open","ping_status":"closed","template":"","meta":[],"product_cat":[1855],"product_tag":[2581,2572,2573,2582,2583],"_links":{"self":[{"href":"https:\/\/trenaferragens.com.br\/index.php?rest_route=\/wp\/v2\/product\/6616"}],"collection":[{"href":"https:\/\/trenaferragens.com.br\/index.php?rest_route=\/wp\/v2\/product"}],"about":[{"href":"https:\/\/trenaferragens.com.br\/index.php?rest_route=\/wp\/v2\/types\/product"}],"replies":[{"embeddable":true,"href":"https:\/\/trenaferragens.com.br\/index.php?rest_route=%2Fwp%2Fv2%2Fcomments&post=6616"}],"wp:featuredmedia":[{"embeddable":true,"href":"https:\/\/trenaferragens.com.br\/index.php?rest_route=\/wp\/v2\/media\/6617"}],"wp:attachment":[{"href":"https:\/\/trenaferragens.com.br\/index.php?rest_route=%2Fwp%2Fv2%2Fmedia&parent=6616"}],"wp:term":[{"taxonomy":"product_cat","embeddable":true,"href":"https:\/\/trenaferragens.com.br\/index.php?rest_route=%2Fwp%2Fv2%2Fproduct_cat&post=6616"},{"taxonomy":"product_tag","embeddable":true,"href":"https:\/\/trenaferragens.com.br\/index.php?rest_route=%2Fwp%2Fv2%2Fproduct_tag&post=6616"}],"curies":[{"name":"wp","href":"https:\/\/api.w.org\/{rel}","templated":true}]}}