{"id":6632,"date":"2019-10-17T17:08:28","date_gmt":"2019-10-17T17:08:28","guid":{"rendered":"http:\/\/trenaferragens1.hospedagemdesites.ws\/?post_type=product&#038;p=6632"},"modified":"2019-10-17T17:20:47","modified_gmt":"2019-10-17T17:20:47","slug":"suporte-microondas-preto-sbr3-4","status":"publish","type":"product","link":"https:\/\/trenaferragens.com.br\/?product=suporte-microondas-preto-sbr3-4","title":{"rendered":"Suporte Microondas Preto (SBR3.4)"},"content":{"rendered":"<p>Suporte Microondas Preto (SBR3.4)<\/p>\n<p>BRASFORMA<\/p>\n<p>Fundada no dia 18 de maio de 1987, no bairro paulista da \u00c1gua Rasa, a Brasforma iniciou suas atividades atuando no ramo metal\u00fargico leve, inicialmente desenvolvendo e produzindo suportes para televis\u00f5es de CRT (televis\u00e3o de tubo cat\u00f3dico), suportes para micro-ondas e lava lou\u00e7as.<\/p>\n<p>Sempre acompanhou as tend\u00eancias de mercado, aliados a tecnologia, seguran\u00e7a e satisfa\u00e7\u00e3o de nossos clientes.<\/p>\n","protected":false},"excerpt":{"rendered":"<p>Suporte Microondas Preto (SBR3.4)<\/p>\n<p>Seu aparelho dom\u00e9stico no lugar e altura ideal! Esse suporte para micro-ondas ou forno el\u00e9trico, da Brasforma, \u00e9 feito em a\u00e7o carbono e tem acabamento com pintura eletrost\u00e1tica. A carga m\u00e1xima \u00e9 de 40 quilos.<\/p>\n<p>REF:\u00a0SBR3.4<\/p>\n","protected":false},"featured_media":6633,"comment_status":"open","ping_status":"closed","template":"","meta":[],"product_cat":[1143],"product_tag":[2587,2588,2589,2590],"_links":{"self":[{"href":"https:\/\/trenaferragens.com.br\/index.php?rest_route=\/wp\/v2\/product\/6632"}],"collection":[{"href":"https:\/\/trenaferragens.com.br\/index.php?rest_route=\/wp\/v2\/product"}],"about":[{"href":"https:\/\/trenaferragens.com.br\/index.php?rest_route=\/wp\/v2\/types\/product"}],"replies":[{"embeddable":true,"href":"https:\/\/trenaferragens.com.br\/index.php?rest_route=%2Fwp%2Fv2%2Fcomments&post=6632"}],"wp:featuredmedia":[{"embeddable":true,"href":"https:\/\/trenaferragens.com.br\/index.php?rest_route=\/wp\/v2\/media\/6633"}],"wp:attachment":[{"href":"https:\/\/trenaferragens.com.br\/index.php?rest_route=%2Fwp%2Fv2%2Fmedia&parent=6632"}],"wp:term":[{"taxonomy":"product_cat","embeddable":true,"href":"https:\/\/trenaferragens.com.br\/index.php?rest_route=%2Fwp%2Fv2%2Fproduct_cat&post=6632"},{"taxonomy":"product_tag","embeddable":true,"href":"https:\/\/trenaferragens.com.br\/index.php?rest_route=%2Fwp%2Fv2%2Fproduct_tag&post=6632"}],"curies":[{"name":"wp","href":"https:\/\/api.w.org\/{rel}","templated":true}]}}