{"id":6641,"date":"2019-10-17T17:25:36","date_gmt":"2019-10-17T17:25:36","guid":{"rendered":"http:\/\/trenaferragens1.hospedagemdesites.ws\/?post_type=product&#038;p=6641"},"modified":"2019-10-17T17:28:31","modified_gmt":"2019-10-17T17:28:31","slug":"suporte-tv-lcd-tri-articulado-10-a-47p-ft-4m","status":"publish","type":"product","link":"https:\/\/trenaferragens.com.br\/?product=suporte-tv-lcd-tri-articulado-10-a-47p-ft-4m","title":{"rendered":"Suporte TV\/LCD Tri-Articulado 10 a 47P (FT-4M)"},"content":{"rendered":"<p>Suporte TV\/LCD Tri-Articulado 10 a 47P (FT-4M)<\/p>\n<p>BRASFORMA<\/p>\n<p>Fundada no dia 18 de maio de 1987, no bairro paulista da \u00c1gua Rasa, a Brasforma iniciou suas atividades atuando no ramo metal\u00fargico leve, inicialmente desenvolvendo e produzindo suportes para televis\u00f5es de CRT (televis\u00e3o de tubo cat\u00f3dico), suportes para micro-ondas e lava lou\u00e7as.<\/p>\n<p>Sempre acompanhou as tend\u00eancias de mercado, aliados a tecnologia, seguran\u00e7a e satisfa\u00e7\u00e3o de nossos clientes.<\/p>\n","protected":false},"excerpt":{"rendered":"<p>Suporte TV\/LCD Tri-Articulado 10 a 47P (FT-4M)<\/p>\n<p>Suporte Articulado Brasforma para TVs LCD, LED, Plasma, 3D e Smart TV de 10 at\u00e9 55 polegadas (com VESA m\u00e1ximo de 400x400mm). Permite inclina\u00e7\u00e3o e rota\u00e7\u00e3o (4 movimentos). Permite Ajustar a TV para assistir de v\u00e1rios \u00e2ngulos. Ideal para salas, escrit\u00f3rios, quartos, hospitais, restaurantes, entre outros locais.<\/p>\n<p>REF:\u00a0SBRP140<\/p>\n","protected":false},"featured_media":6642,"comment_status":"open","ping_status":"closed","template":"","meta":[],"product_cat":[1149,1143],"product_tag":[2587,2588,2591,2590],"_links":{"self":[{"href":"https:\/\/trenaferragens.com.br\/index.php?rest_route=\/wp\/v2\/product\/6641"}],"collection":[{"href":"https:\/\/trenaferragens.com.br\/index.php?rest_route=\/wp\/v2\/product"}],"about":[{"href":"https:\/\/trenaferragens.com.br\/index.php?rest_route=\/wp\/v2\/types\/product"}],"replies":[{"embeddable":true,"href":"https:\/\/trenaferragens.com.br\/index.php?rest_route=%2Fwp%2Fv2%2Fcomments&post=6641"}],"wp:featuredmedia":[{"embeddable":true,"href":"https:\/\/trenaferragens.com.br\/index.php?rest_route=\/wp\/v2\/media\/6642"}],"wp:attachment":[{"href":"https:\/\/trenaferragens.com.br\/index.php?rest_route=%2Fwp%2Fv2%2Fmedia&parent=6641"}],"wp:term":[{"taxonomy":"product_cat","embeddable":true,"href":"https:\/\/trenaferragens.com.br\/index.php?rest_route=%2Fwp%2Fv2%2Fproduct_cat&post=6641"},{"taxonomy":"product_tag","embeddable":true,"href":"https:\/\/trenaferragens.com.br\/index.php?rest_route=%2Fwp%2Fv2%2Fproduct_tag&post=6641"}],"curies":[{"name":"wp","href":"https:\/\/api.w.org\/{rel}","templated":true}]}}