{"id":6670,"date":"2019-10-17T19:36:03","date_gmt":"2019-10-17T19:36:03","guid":{"rendered":"http:\/\/trenaferragens1.hospedagemdesites.ws\/?post_type=product&#038;p=6670"},"modified":"2019-10-17T19:40:54","modified_gmt":"2019-10-17T19:40:54","slug":"interruptor-3s-simples-c-placa-blanc-r-0656","status":"publish","type":"product","link":"https:\/\/trenaferragens.com.br\/?product=interruptor-3s-simples-c-placa-blanc-r-0656","title":{"rendered":"Interruptor 3S Simples C\/Placa Blanc R.0656"},"content":{"rendered":"<p>Interruptor 3S Simples C\/Placa Blanc R.0656<\/p>\n<p>FAME<\/p>\n<p>A hist\u00f3ria da FAME se inicia em 1940, quando seu fundador, Sr. \u00c1lvaro Coelho Silva, identificando necessidades de mercado e contrariando todas as expectativas, come\u00e7ou a produzir ferros de soldar antes importados e ent\u00e3o escassos, pois o mundo enfrentava a 2\u00aa Grande Guerra. Com um come\u00e7o humilde, em um galp\u00e3o de apenas 15m\u00b2 e munido apenas de muita disposi\u00e7\u00e3o e da confian\u00e7a no futuro, o Sr. \u00c1lvaro Coelho Silva, iniciava uma das maiores e mais respeitadas empresas brasileiras. A partir da\u00ed o crescimento foi cont\u00ednuo e expressivo, regado com muito trabalho, honestidade e certeza do sucesso.<\/p>\n<p>Formando profissionais de primeira, Sr. \u00c1lvaro Coelho Silva, transformou um sonho e um galp\u00e3o de 15m\u00b2 em um complexo industrial de 5 plantas, mais de 2.400 empregos diretos, cerca de 40.000 clientes e exporta\u00e7\u00f5es para mais de 40 pa\u00edses. Hoje, mesmo com sua aus\u00eancia a FAME \u00e9 dirigida dentro dos mesmos princ\u00edpios praticados desde 1940: trabalho, vis\u00e3o, honestidade e confian\u00e7a no futuro.<\/p>\n","protected":false},"excerpt":{"rendered":"<p>Interruptor 3S Simples C\/Placa Blanc R.0656<\/p>\n<p>Acabamento perfeito e funcionalidade.<\/p>\n<p>A S\u00e9rie Blanc FAME, traz a sofistica\u00e7\u00e3o que seu ambiente pede na medida exata.<\/p>\n<p>As placas arredondadas e de dimens\u00f5es maiores oferecem acabamento liso perfeito que n\u00e3o risca e n\u00e3o ret\u00e9m sujeira, al\u00e9m da resist\u00eancia aos raios UVA e UVB.<\/p>\n<p>Uma solu\u00e7\u00e3o ideal para cada aplica\u00e7\u00e3o, com design exclusivo e um toque diferenciado.<\/p>\n<p>Placas em ABS:\u00a0Superf\u00edcie polida e antiaderente.<\/p>\n<p>Tratamento Anti U.V.A e U. V.B.:\u00a0Maior solidez e resist\u00eancia a luz.<\/p>\n<p>Dimens\u00f5es maiores:\u00a0Melhor cobertura e acabamento.<\/p>\n","protected":false},"featured_media":6671,"comment_status":"open","ping_status":"closed","template":"","meta":[],"product_cat":[194],"product_tag":[2592,2613,2612,2614],"_links":{"self":[{"href":"https:\/\/trenaferragens.com.br\/index.php?rest_route=\/wp\/v2\/product\/6670"}],"collection":[{"href":"https:\/\/trenaferragens.com.br\/index.php?rest_route=\/wp\/v2\/product"}],"about":[{"href":"https:\/\/trenaferragens.com.br\/index.php?rest_route=\/wp\/v2\/types\/product"}],"replies":[{"embeddable":true,"href":"https:\/\/trenaferragens.com.br\/index.php?rest_route=%2Fwp%2Fv2%2Fcomments&post=6670"}],"wp:featuredmedia":[{"embeddable":true,"href":"https:\/\/trenaferragens.com.br\/index.php?rest_route=\/wp\/v2\/media\/6671"}],"wp:attachment":[{"href":"https:\/\/trenaferragens.com.br\/index.php?rest_route=%2Fwp%2Fv2%2Fmedia&parent=6670"}],"wp:term":[{"taxonomy":"product_cat","embeddable":true,"href":"https:\/\/trenaferragens.com.br\/index.php?rest_route=%2Fwp%2Fv2%2Fproduct_cat&post=6670"},{"taxonomy":"product_tag","embeddable":true,"href":"https:\/\/trenaferragens.com.br\/index.php?rest_route=%2Fwp%2Fv2%2Fproduct_tag&post=6670"}],"curies":[{"name":"wp","href":"https:\/\/api.w.org\/{rel}","templated":true}]}}