{"id":6763,"date":"2019-10-24T12:58:39","date_gmt":"2019-10-24T12:58:39","guid":{"rendered":"http:\/\/trenaferragens1.hospedagemdesites.ws\/?post_type=product&#038;p=6763"},"modified":"2019-10-24T13:14:10","modified_gmt":"2019-10-24T13:14:10","slug":"suporte-tv-lcd-universal-fixo-10-a-47p-sbrub750-2","status":"publish","type":"product","link":"https:\/\/trenaferragens.com.br\/?product=suporte-tv-lcd-universal-fixo-10-a-47p-sbrub750-2","title":{"rendered":"Suporte TV\/LCD Universal Fixo 10 a 47P (SBRUB750)"},"content":{"rendered":"<p>Suporte TV\/LCD Universal Fixo 10 a 47P (SBRUB750)<\/p>\n<p>BRASFORMA<\/p>\n<p>Fundada no dia 18 de maio de 1987, no bairro paulista da \u00c1gua Rasa, a Brasforma iniciou suas atividades atuando no ramo metal\u00fargico leve, inicialmente desenvolvendo e produzindo suportes para televis\u00f5es de CRT (televis\u00e3o de tubo cat\u00f3dico), suportes para micro-ondas e lava lou\u00e7as.<br \/>\nSempre acompanhou as tend\u00eancias de mercado, aliados a tecnologia, seguran\u00e7a e satisfa\u00e7\u00e3o de nossos clientes.<\/p>\n","protected":false},"excerpt":{"rendered":"<p>Suporte TV\/LCD Universal Fixo 10 a 47P (SBRUB750)<\/p>\n<p>O Suporte da Brasforma \u00e9 o acess\u00f3rio ideal para voc\u00ea que deseja espa\u00e7o e organiza\u00e7\u00e3o na sua casa. Suporta at\u00e9 40kg e voc\u00ea pode instalar com praticidade sua TV na parede. Indicado para aparelhos de 10 a 71 polegadas.<\/p>\n<p>REF:\u00a0SBRUB750<\/p>\n","protected":false},"featured_media":6764,"comment_status":"open","ping_status":"closed","template":"","meta":[],"product_cat":[1852,1149,1143],"product_tag":[2587,2591,2590],"_links":{"self":[{"href":"https:\/\/trenaferragens.com.br\/index.php?rest_route=\/wp\/v2\/product\/6763"}],"collection":[{"href":"https:\/\/trenaferragens.com.br\/index.php?rest_route=\/wp\/v2\/product"}],"about":[{"href":"https:\/\/trenaferragens.com.br\/index.php?rest_route=\/wp\/v2\/types\/product"}],"replies":[{"embeddable":true,"href":"https:\/\/trenaferragens.com.br\/index.php?rest_route=%2Fwp%2Fv2%2Fcomments&post=6763"}],"wp:featuredmedia":[{"embeddable":true,"href":"https:\/\/trenaferragens.com.br\/index.php?rest_route=\/wp\/v2\/media\/6764"}],"wp:attachment":[{"href":"https:\/\/trenaferragens.com.br\/index.php?rest_route=%2Fwp%2Fv2%2Fmedia&parent=6763"}],"wp:term":[{"taxonomy":"product_cat","embeddable":true,"href":"https:\/\/trenaferragens.com.br\/index.php?rest_route=%2Fwp%2Fv2%2Fproduct_cat&post=6763"},{"taxonomy":"product_tag","embeddable":true,"href":"https:\/\/trenaferragens.com.br\/index.php?rest_route=%2Fwp%2Fv2%2Fproduct_tag&post=6763"}],"curies":[{"name":"wp","href":"https:\/\/api.w.org\/{rel}","templated":true}]}}