{"id":6804,"date":"2019-12-02T17:48:31","date_gmt":"2019-12-02T17:48:31","guid":{"rendered":"http:\/\/trenaferragens1.hospedagemdesites.ws\/?post_type=product&#038;p=6804"},"modified":"2019-12-02T17:58:18","modified_gmt":"2019-12-02T17:58:18","slug":"tela-ref-cafe-12-5x0-80mt-telas-sao-jorge","status":"publish","type":"product","link":"https:\/\/trenaferragens.com.br\/?product=tela-ref-cafe-12-5x0-80mt-telas-sao-jorge","title":{"rendered":"Tela Ref. Caf\u00e9 12.5X0.80MT &#8211; Telas S\u00e3o Jorge"},"content":{"rendered":"<p>Tela Ref. Caf\u00e9 12.5X0.80MT &#8211; S\u00e3o Jorge <\/p>\n<p>TELAS S\u00c3O JORGE<\/p>\n<p>Fundada em 12 de julho de 1972 na cidade de Petr\u00f3polis, fruto de uma vis\u00e3o empreendedora, impar de seus idealizadores, nasceu a F\u00e1brica de Telas S\u00e3o Jorge. Ao longo de todos esses anos sempre na busca constante de sua pr\u00f3pria supera\u00e7\u00e3o, a empresa hoje se enquadra como um dos maiores fabricantes de Telas e Peneiras do pa\u00eds. <\/p>\n<p>Dotada de uma moderna sede industrial, seu parque fabril conta com 6000 M2 de \u00e1rea constru\u00edda, onde possui equipamentos de \u00faltima gera\u00e7\u00e3o, para a fabrica\u00e7\u00e3o de toda a sua linha de produtos, permitindo um produto final de extrema precis\u00e3o. Sua linha de produtos \u00e9 composta por Tela de Alambrado com arame galvanizado e revestidas em PVC, para quadras e alambrados em geral, uma Linha Completa de Cercamento com Gradis e Tela Soldada, Tela ciranda a tela para toda obra, tela para jardim a beleza que protege, telas Hexagonais utilizadas para galinheiros pinteiros e viveiros, Telas de nylon para mosquiteiro e prote\u00e7\u00e3o de fachadas, telas de Estuque, tubos galvanizados, pregos, arames galvanizados e arames recozidos.<\/p>\n<p>A Fabrica de Telas S\u00e3o Jorge \u00e9 tamb\u00e9m a maior fabricante de Peneiras do Brasil, tendo em sua linha de produ\u00e7\u00e3o a tradicional Peneira com Aro de Madeira e tamb\u00e9m a nov\u00edssima Peneira com Aro Pl\u00e1stico utilizando alta tecnologia, mat\u00e9ria prima de alta qualidade e com respeito ao meio ambiente. Com a mais completa linha de Peneiras do Brasil atendemos a Constru\u00e7\u00e3o Civil e ao setor agr\u00edcola.<\/p>\n","protected":false},"excerpt":{"rendered":"<p>Tela Ref. Caf\u00e9 12.5X0.80MT &#8211; Telas S\u00e3o Jorge<\/p>\n<p>Utilizada na fabrica\u00e7\u00e3o de peneiras, na constru\u00e7\u00e3o civil para peneirar barro e areia, em cercas de prote\u00e7\u00e3o de jardins e hortas, confec\u00e7\u00e3o de pequenos viveiros e outras aplica\u00e7\u00f5es.<br \/>\nAPLICA\u00c7\u00c3O:\u00a0Pequenas cercas, prote\u00e7\u00e3o de calhas, prote\u00e7\u00e3o contra\u00a0roedores (inclusive pequenos camundongos) e peneiras.<\/p>\n","protected":false},"featured_media":6805,"comment_status":"open","ping_status":"closed","template":"","meta":[],"product_cat":[1852,1143],"product_tag":[2719,2718],"_links":{"self":[{"href":"https:\/\/trenaferragens.com.br\/index.php?rest_route=\/wp\/v2\/product\/6804"}],"collection":[{"href":"https:\/\/trenaferragens.com.br\/index.php?rest_route=\/wp\/v2\/product"}],"about":[{"href":"https:\/\/trenaferragens.com.br\/index.php?rest_route=\/wp\/v2\/types\/product"}],"replies":[{"embeddable":true,"href":"https:\/\/trenaferragens.com.br\/index.php?rest_route=%2Fwp%2Fv2%2Fcomments&post=6804"}],"wp:featuredmedia":[{"embeddable":true,"href":"https:\/\/trenaferragens.com.br\/index.php?rest_route=\/wp\/v2\/media\/6805"}],"wp:attachment":[{"href":"https:\/\/trenaferragens.com.br\/index.php?rest_route=%2Fwp%2Fv2%2Fmedia&parent=6804"}],"wp:term":[{"taxonomy":"product_cat","embeddable":true,"href":"https:\/\/trenaferragens.com.br\/index.php?rest_route=%2Fwp%2Fv2%2Fproduct_cat&post=6804"},{"taxonomy":"product_tag","embeddable":true,"href":"https:\/\/trenaferragens.com.br\/index.php?rest_route=%2Fwp%2Fv2%2Fproduct_tag&post=6804"}],"curies":[{"name":"wp","href":"https:\/\/api.w.org\/{rel}","templated":true}]}}