{"id":6808,"date":"2019-12-02T18:23:18","date_gmt":"2019-12-02T18:23:18","guid":{"rendered":"http:\/\/trenaferragens1.hospedagemdesites.ws\/?post_type=product&#038;p=6808"},"modified":"2019-12-02T18:38:50","modified_gmt":"2019-12-02T18:38:50","slug":"ventilador-de-teto-c-luminaria-led-citrino-tron","status":"publish","type":"product","link":"https:\/\/trenaferragens.com.br\/?product=ventilador-de-teto-c-luminaria-led-citrino-tron","title":{"rendered":"Ventilador de Teto C\/Lumin\u00e1ria LED Citrino Tron"},"content":{"rendered":"<p>Ventilador de Teto C\/Lumin\u00e1ria LED Citrino Tron<\/p>\n<p>TRON<\/p>\n<p><strong>Nesta marca voc\u00ea pode confiar.<\/strong><br \/>\nUma das maiores e mais importantes f\u00e1bricas de ventiladores do pa\u00eds, a TRON acaba de inovar mais uma vez.<\/p>\n<p>Para garantir ainda mais agilidade e qualidade em sua linha de produ\u00e7\u00e3o, acaba de inaugurar sua mais nova unidade.<\/p>\n<p>Localizada \u00e0s margens da Rodovia Washington Luis, a\u00a0<strong>nova f\u00e1brica \u00e9 equipada com tudo o que existe de mais moderno no segmento de ventiladores.<\/strong>\u00a0E essa privilegiada localiza\u00e7\u00e3o \u2013 \u00e0s margens de uma das mais importantes rodovias brasileiras \u2013 \u00e9 um fator estrat\u00e9gico de extrema relev\u00e2ncia, pois garante maior agilidade \u00e0 log\u00edstica e pontualidade nas entregas.<\/p>\n<p>Al\u00e9m disso, conta tamb\u00e9m com uma equipe de profissionais especializados, dedicados para a fabrica\u00e7\u00e3o de produtos realmente diferenciados que tenham como principais caracter\u00edsticas a ousadia de um design de vanguarda, durabilidade e qualidade total.<\/p>\n","protected":false},"excerpt":{"rendered":"<p>Ventilador de Teto C\/Lumin\u00e1ria LED Citrino Tron<\/p>\n<p>DISPON\u00cdVEL NAS OP\u00c7\u00d5ES: Branco<br \/>\nC\u00f3digo de F\u00e1brica: 51.01-1353<br \/>\nTens\u00e3o: 127V ou 220V<br \/>\nPot\u00eancia: 130W<br \/>\nDi\u00e2metro: 980mm<br \/>\nRota\u00e7\u00e3o m\u00e1xima: 480rpm<br \/>\n\u00c1rea abrangente: 20m\u00b2<br \/>\nPeso: 3,40kg<br \/>\nMaterial das p\u00e1s: SAN ou MDF<br \/>\nCor das p\u00e1s: Transparente e Branca<br \/>\nPLAFON DE LEDFluxo luminoso: 1350 lumens<br \/>\nTemp. da Cor: 5500K<br \/>\nPot\u00eancia da lumin\u00e1ria: 18W<br \/>\nACOMPANHA LUMIN\u00c1RIA DE LED+ economia+ durabilidade+ ilumina\u00e7\u00e3o<\/p>\n","protected":false},"featured_media":6812,"comment_status":"open","ping_status":"closed","template":"","meta":[],"product_cat":[194,1143,1065],"product_tag":[2720,2721,2179],"_links":{"self":[{"href":"https:\/\/trenaferragens.com.br\/index.php?rest_route=\/wp\/v2\/product\/6808"}],"collection":[{"href":"https:\/\/trenaferragens.com.br\/index.php?rest_route=\/wp\/v2\/product"}],"about":[{"href":"https:\/\/trenaferragens.com.br\/index.php?rest_route=\/wp\/v2\/types\/product"}],"replies":[{"embeddable":true,"href":"https:\/\/trenaferragens.com.br\/index.php?rest_route=%2Fwp%2Fv2%2Fcomments&post=6808"}],"wp:featuredmedia":[{"embeddable":true,"href":"https:\/\/trenaferragens.com.br\/index.php?rest_route=\/wp\/v2\/media\/6812"}],"wp:attachment":[{"href":"https:\/\/trenaferragens.com.br\/index.php?rest_route=%2Fwp%2Fv2%2Fmedia&parent=6808"}],"wp:term":[{"taxonomy":"product_cat","embeddable":true,"href":"https:\/\/trenaferragens.com.br\/index.php?rest_route=%2Fwp%2Fv2%2Fproduct_cat&post=6808"},{"taxonomy":"product_tag","embeddable":true,"href":"https:\/\/trenaferragens.com.br\/index.php?rest_route=%2Fwp%2Fv2%2Fproduct_tag&post=6808"}],"curies":[{"name":"wp","href":"https:\/\/api.w.org\/{rel}","templated":true}]}}