{"id":6824,"date":"2019-12-02T19:42:56","date_gmt":"2019-12-02T19:42:56","guid":{"rendered":"http:\/\/trenaferragens1.hospedagemdesites.ws\/?post_type=product&#038;p=6824"},"modified":"2019-12-02T19:45:46","modified_gmt":"2019-12-02T19:45:46","slug":"conector-de-louca-tripolar-10mm-bestfer","status":"publish","type":"product","link":"https:\/\/trenaferragens.com.br\/?product=conector-de-louca-tripolar-10mm-bestfer","title":{"rendered":"Conector de Lou\u00e7a Tripolar 10MM Bestfer"},"content":{"rendered":"<p>Conector de Lou\u00e7a Tripolar 10MM Bestfer<\/p>\n<p>BESTFER<\/p>\n<p>A BESTFER\u00a0iniciou sua trajet\u00f3ria de sucesso em 2000, no Rio de Janeiro. Com mais de 15 anos de atua\u00e7\u00e3o,\u00a0\u00a0e j\u00e1 consolidada no mercado,\u00a0\u00a0tem como seus principais produtos a linha de ferramentas e linha de produtos de melamina para o lar. A especializa\u00e7\u00e3o nesses segmentos deu origem \u00e0 marca \u00a0BESTFER. Com a revis\u00e3o de processos, atualiza\u00e7\u00e3o de conceitos, fortalecimento das marcas, foco nos segmentos de atua\u00e7\u00e3o,\u00a0\u00a0consist\u00eancia e continuidade\u00a0 da linha de produtos, apresenta\u00e7\u00e3o de novidades ao mercado nacional,\u00a0agilidade no atendimento, planejamento estrat\u00e9gico, desenvolvimento de produtos e pessoas. Agregamos valor e incrementamos o volume de vendas, contribuindo para os bons neg\u00f3cios e satisfa\u00e7\u00e3o de toda a cadeia de clientes. Nossos produtos s\u00e3o comercializados em todo pa\u00eds atrav\u00e9s de representantes e do atendimento direto.Nossa empresa est\u00e1 em constante desenvolvimento, investindo cada vez mais em design, marketing, controle de qualidade e aprimoramento t\u00e9cnico dos produtos. Frequentamos as principais feiras nacionais e internacionais para pesquisar novidades e oferecer ao consumidor brasileiro produtos com o melhor custo-benef\u00edcio. Contamos com mais de 3.000 clientes ativos e satisfeitos. Nossa maior refer\u00eancia e motivo de orgulho para todos os profissionais da empresa!<\/p>\n","protected":false},"excerpt":{"rendered":"<p>Conector de Lou\u00e7a Tripolar 10MM Bestfer<\/p>\n<p>ESPECIFICA\u00c7\u00d5ES \/ INFORMA\u00c7\u00d5ES:<\/p>\n<p>CONECTOR DE PORCELANA TRIPOLAR &#8211; FIO 10 mm<\/p>\n<p>EMBALAGEM:<\/p>\n<p>&#8211;<\/p>\n","protected":false},"featured_media":6825,"comment_status":"open","ping_status":"closed","template":"","meta":[],"product_cat":[1852],"product_tag":[2725,2731,2732],"_links":{"self":[{"href":"https:\/\/trenaferragens.com.br\/index.php?rest_route=\/wp\/v2\/product\/6824"}],"collection":[{"href":"https:\/\/trenaferragens.com.br\/index.php?rest_route=\/wp\/v2\/product"}],"about":[{"href":"https:\/\/trenaferragens.com.br\/index.php?rest_route=\/wp\/v2\/types\/product"}],"replies":[{"embeddable":true,"href":"https:\/\/trenaferragens.com.br\/index.php?rest_route=%2Fwp%2Fv2%2Fcomments&post=6824"}],"wp:featuredmedia":[{"embeddable":true,"href":"https:\/\/trenaferragens.com.br\/index.php?rest_route=\/wp\/v2\/media\/6825"}],"wp:attachment":[{"href":"https:\/\/trenaferragens.com.br\/index.php?rest_route=%2Fwp%2Fv2%2Fmedia&parent=6824"}],"wp:term":[{"taxonomy":"product_cat","embeddable":true,"href":"https:\/\/trenaferragens.com.br\/index.php?rest_route=%2Fwp%2Fv2%2Fproduct_cat&post=6824"},{"taxonomy":"product_tag","embeddable":true,"href":"https:\/\/trenaferragens.com.br\/index.php?rest_route=%2Fwp%2Fv2%2Fproduct_tag&post=6824"}],"curies":[{"name":"wp","href":"https:\/\/api.w.org\/{rel}","templated":true}]}}