{"id":6840,"date":"2019-12-02T20:50:31","date_gmt":"2019-12-02T20:50:31","guid":{"rendered":"http:\/\/trenaferragens1.hospedagemdesites.ws\/?post_type=product&#038;p=6840"},"modified":"2019-12-02T20:56:15","modified_gmt":"2019-12-02T20:56:15","slug":"escada-aluminio-4-degraus-domestica","status":"publish","type":"product","link":"https:\/\/trenaferragens.com.br\/?product=escada-aluminio-4-degraus-domestica","title":{"rendered":"Escada Alum\u00ednio 4 Degraus Dom\u00e9stica"},"content":{"rendered":"<p>Escada Alum\u00ednio 4 Degraus Dom\u00e9stica<\/p>\n<p>ALUMASA<\/p>\n<p>A Alumasa Ind\u00fastria de Alum\u00ednio e Pl\u00e1stico foi fundada em 1986 na cidade de Urussanga, no sul de Santa Catarina. Inicialmente, produzia apenas esquadrias de alum\u00ednio, entretanto desde 2003 passou a fabricar acess\u00f3rios para banheiro e jardim, derivados de pl\u00e1stico. No ano de 2008 a empresa adquiriu sua primeira extrusora para fabrica\u00e7\u00e3o de perfis de alum\u00ednio e a partir de 2011 iniciou tamb\u00e9m sua unidade de Refus\u00e3o, onde atualmente fabrica 100% dos tarugos utilizados na produ\u00e7\u00e3o de perfis.<\/p>\n<p>Durantes esses anos, conseguiu adaptar-se de forma r\u00e1pida e eficiente, produzindo em larga escala e fornecendo para todo o territ\u00f3rio nacional. Investimos constantemente no desenvolvimento de nossos produtos, por isso utilizamos mat\u00e9ria-prima de qualidade, tecnologia de ponta e profissionais altamente qualificados, tendo como objetivo oferecer \u00e0s pessoas, de forma sustent\u00e1vel, o que existe de melhor em produtos derivados de alum\u00ednio e pl\u00e1stico.<\/p>\n","protected":false},"excerpt":{"rendered":"<p>Escada Alum\u00ednio 4 Degraus Dom\u00e9stica<\/p>\n<p>Quantidade de Degraus; 4 degraus<br \/>\nMaterial: Metal e pl\u00e1stico<br \/>\nTipo de Material: Alum\u00ednio e polipropileno<br \/>\nCapacidade de Peso: 120 Kg<br \/>\nAltura da escada: fechada 1,40 m<br \/>\nAltura da escada: aberta 0,85 m<br \/>\nLargura da escada: aberta 0,75 m<br \/>\nQuantidade de Posi\u00e7\u00f5es 01<br \/>\nDobr\u00e1vel: Sim<br \/>\nPeso do Produto: 3,20Kg<br \/>\nTipo: Residencial Produto Escada Marca Alumasa Cor Prata e azul<br \/>\nRefer\u00eancia do Produto: 960520 <\/p>\n<p>Uso Indicado: Dom\u00e9stica<br \/>\nGarantia do Fabricante 24 meses<\/p>\n","protected":false},"featured_media":6841,"comment_status":"open","ping_status":"closed","template":"","meta":[],"product_cat":[1144,1143],"product_tag":[2740,2741,2742],"_links":{"self":[{"href":"https:\/\/trenaferragens.com.br\/index.php?rest_route=\/wp\/v2\/product\/6840"}],"collection":[{"href":"https:\/\/trenaferragens.com.br\/index.php?rest_route=\/wp\/v2\/product"}],"about":[{"href":"https:\/\/trenaferragens.com.br\/index.php?rest_route=\/wp\/v2\/types\/product"}],"replies":[{"embeddable":true,"href":"https:\/\/trenaferragens.com.br\/index.php?rest_route=%2Fwp%2Fv2%2Fcomments&post=6840"}],"wp:featuredmedia":[{"embeddable":true,"href":"https:\/\/trenaferragens.com.br\/index.php?rest_route=\/wp\/v2\/media\/6841"}],"wp:attachment":[{"href":"https:\/\/trenaferragens.com.br\/index.php?rest_route=%2Fwp%2Fv2%2Fmedia&parent=6840"}],"wp:term":[{"taxonomy":"product_cat","embeddable":true,"href":"https:\/\/trenaferragens.com.br\/index.php?rest_route=%2Fwp%2Fv2%2Fproduct_cat&post=6840"},{"taxonomy":"product_tag","embeddable":true,"href":"https:\/\/trenaferragens.com.br\/index.php?rest_route=%2Fwp%2Fv2%2Fproduct_tag&post=6840"}],"curies":[{"name":"wp","href":"https:\/\/api.w.org\/{rel}","templated":true}]}}