{"id":6850,"date":"2019-12-04T20:07:18","date_gmt":"2019-12-04T20:07:18","guid":{"rendered":"http:\/\/trenaferragens1.hospedagemdesites.ws\/?post_type=product&#038;p=6850"},"modified":"2019-12-04T20:36:07","modified_gmt":"2019-12-04T20:36:07","slug":"escada-aluminio-extensiva-8-degraus","status":"publish","type":"product","link":"https:\/\/trenaferragens.com.br\/?product=escada-aluminio-extensiva-8-degraus","title":{"rendered":"Escada Alum\u00ednio Extensiva 8 Degraus"},"content":{"rendered":"<p>Escada Alum\u00ednio Extensiva 8 Degraus<\/p>\n<p>ALUMASA<\/p>\n<p>A Alumasa Ind\u00fastria de Alum\u00ednio e Pl\u00e1stico foi fundada em 1986 na cidade de Urussanga, no sul de Santa Catarina. Inicialmente, produzia apenas esquadrias de alum\u00ednio, entretanto desde 2003 passou a fabricar acess\u00f3rios para banheiro e jardim, derivados de pl\u00e1stico. No ano de 2008 a empresa adquiriu sua primeira extrusora para fabrica\u00e7\u00e3o de perfis de alum\u00ednio e a partir de 2011 iniciou tamb\u00e9m sua unidade de Refus\u00e3o, onde atualmente fabrica 100% dos tarugos utilizados na produ\u00e7\u00e3o de perfis.<\/p>\n<p>Durantes esses anos, conseguiu adaptar-se de forma r\u00e1pida e eficiente, produzindo em larga escala e fornecendo para todo o territ\u00f3rio nacional. Investimos constantemente no desenvolvimento de nossos produtos, por isso utilizamos mat\u00e9ria-prima de qualidade, tecnologia de ponta e profissionais altamente qualificados, tendo como objetivo oferecer \u00e0s pessoas, de forma sustent\u00e1vel, o que existe de melhor em produtos derivados de alum\u00ednio e pl\u00e1stico.<\/p>\n","protected":false},"excerpt":{"rendered":"<p>Escada Alum\u00ednio Extensiva 8 Degraus<\/p>\n<p>Quantidade de Degraus: 2&#215;8 degraus<br \/>\nMaterial: Metal e pl\u00e1stico<br \/>\nTipo de Material: Alum\u00ednio e polipropileno<br \/>\nCapacidade de Peso: 120 Kg<br \/>\nAltura da escada fechada: 2,63 m<br \/>\nAltura da escada extendida: 4,22 m<br \/>\nDist\u00e2ncia entre p\u00e9s: 0,58 m<br \/>\nQuantidade de Posi\u00e7\u00f5es: 03 Dobr\u00e1vel 10,03 Kg 0Kg<br \/>\nTipo: Extensiva<br \/>\nProduto: Escada<br \/>\nMarca: Alumasa<br \/>\nCor: Prata, Azul<br \/>\nRefer\u00eancia do Produto: 944646<br \/>\nUso: Indicado Profissional<br \/>\nGarantia do Fabricante: 36 meses<\/p>\n","protected":false},"featured_media":6851,"comment_status":"open","ping_status":"closed","template":"","meta":[],"product_cat":[1144,1143],"product_tag":[2740,2741,2742,2743],"_links":{"self":[{"href":"https:\/\/trenaferragens.com.br\/index.php?rest_route=\/wp\/v2\/product\/6850"}],"collection":[{"href":"https:\/\/trenaferragens.com.br\/index.php?rest_route=\/wp\/v2\/product"}],"about":[{"href":"https:\/\/trenaferragens.com.br\/index.php?rest_route=\/wp\/v2\/types\/product"}],"replies":[{"embeddable":true,"href":"https:\/\/trenaferragens.com.br\/index.php?rest_route=%2Fwp%2Fv2%2Fcomments&post=6850"}],"wp:featuredmedia":[{"embeddable":true,"href":"https:\/\/trenaferragens.com.br\/index.php?rest_route=\/wp\/v2\/media\/6851"}],"wp:attachment":[{"href":"https:\/\/trenaferragens.com.br\/index.php?rest_route=%2Fwp%2Fv2%2Fmedia&parent=6850"}],"wp:term":[{"taxonomy":"product_cat","embeddable":true,"href":"https:\/\/trenaferragens.com.br\/index.php?rest_route=%2Fwp%2Fv2%2Fproduct_cat&post=6850"},{"taxonomy":"product_tag","embeddable":true,"href":"https:\/\/trenaferragens.com.br\/index.php?rest_route=%2Fwp%2Fv2%2Fproduct_tag&post=6850"}],"curies":[{"name":"wp","href":"https:\/\/api.w.org\/{rel}","templated":true}]}}