{"id":6886,"date":"2019-12-17T19:49:04","date_gmt":"2019-12-17T19:49:04","guid":{"rendered":"http:\/\/trenaferragens1.hospedagemdesites.ws\/?post_type=product&#038;p=6886"},"modified":"2019-12-17T19:50:15","modified_gmt":"2019-12-17T19:50:15","slug":"modulo-tomada-padrao-2pt-20a-evidence-r-1428","status":"publish","type":"product","link":"https:\/\/trenaferragens.com.br\/?product=modulo-tomada-padrao-2pt-20a-evidence-r-1428","title":{"rendered":"M\u00f3dulo Tomada Padr\u00e3o 2P+T 20A Evidence R.1428"},"content":{"rendered":"<p>M\u00f3dulo Tomada Padr\u00e3o 2P+T 20A Evidence R.1428<\/p>\n<p>FAME<\/p>\n<p>A hist\u00f3ria da FAME se inicia em 1940, quando seu fundador, Sr. \u00c1lvaro Coelho Silva, identificando necessidades de mercado e contrariando todas as expectativas, come\u00e7ou a produzir ferros de soldar antes importados e ent\u00e3o escassos, pois o mundo enfrentava a 2\u00aa Grande Guerra. Com um come\u00e7o humilde, em um galp\u00e3o de apenas 15m\u00b2 e munido apenas de muita disposi\u00e7\u00e3o e da confian\u00e7a no futuro, o Sr. \u00c1lvaro Coelho Silva, iniciava uma das maiores e mais respeitadas empresas brasileiras. A partir da\u00ed o crescimento foi cont\u00ednuo e expressivo, regado com muito trabalho, honestidade e certeza do sucesso.<\/p>\n<p>Formando profissionais de primeira, Sr. \u00c1lvaro Coelho Silva, transformou um sonho e um galp\u00e3o de 15m\u00b2 em um complexo industrial de 5 plantas, mais de 2.400 empregos diretos, cerca de 40.000 clientes e exporta\u00e7\u00f5es para mais de 40 pa\u00edses. Hoje, mesmo com sua aus\u00eancia a FAME \u00e9 dirigida dentro dos mesmos princ\u00edpios praticados desde 1940: trabalho, vis\u00e3o, honestidade e confian\u00e7a no futuro.<\/p>\n","protected":false},"excerpt":{"rendered":"<p>M\u00f3dulo Tomada Padr\u00e3o 2P+T 20A Evidence R.1428<\/p>\n<p>A beleza do seu ambiente em evid\u00eancia.<\/p>\n<p>A S\u00e9rie Evidence FAME \u00e9 uma linha composta por Suportes, Placas e M\u00f3dulos com acabamento brilhante.<\/p>\n<p>Design exclusivo, com a proposta de unir tecnologia e uma apar\u00eancia sofisticada em perfeita harmonia.<\/p>\n<p>&#8211; Placas e M\u00f3dulos com Tratamento Anti &#8211; U.V.A. e U.V.B.<\/p>\n<p>&#8211; Acabamento monocrom\u00e1tico: Mesma tonalidade no mecanismo e na placa.<\/p>\n<p>&#8211; Sistema de encaixe modular.<\/p>\n<p>&#8211; Fixa\u00e7\u00e3o de condutores com exclusivo borne gaiola com parafusos imperd\u00edveis.<\/p>\n<p>&#8211; Placas em ABS.<\/p>\n","protected":false},"featured_media":6885,"comment_status":"open","ping_status":"closed","template":"","meta":[],"product_cat":[194],"product_tag":[2592,2746,2747,2760,2761],"_links":{"self":[{"href":"https:\/\/trenaferragens.com.br\/index.php?rest_route=\/wp\/v2\/product\/6886"}],"collection":[{"href":"https:\/\/trenaferragens.com.br\/index.php?rest_route=\/wp\/v2\/product"}],"about":[{"href":"https:\/\/trenaferragens.com.br\/index.php?rest_route=\/wp\/v2\/types\/product"}],"replies":[{"embeddable":true,"href":"https:\/\/trenaferragens.com.br\/index.php?rest_route=%2Fwp%2Fv2%2Fcomments&post=6886"}],"wp:featuredmedia":[{"embeddable":true,"href":"https:\/\/trenaferragens.com.br\/index.php?rest_route=\/wp\/v2\/media\/6885"}],"wp:attachment":[{"href":"https:\/\/trenaferragens.com.br\/index.php?rest_route=%2Fwp%2Fv2%2Fmedia&parent=6886"}],"wp:term":[{"taxonomy":"product_cat","embeddable":true,"href":"https:\/\/trenaferragens.com.br\/index.php?rest_route=%2Fwp%2Fv2%2Fproduct_cat&post=6886"},{"taxonomy":"product_tag","embeddable":true,"href":"https:\/\/trenaferragens.com.br\/index.php?rest_route=%2Fwp%2Fv2%2Fproduct_tag&post=6886"}],"curies":[{"name":"wp","href":"https:\/\/api.w.org\/{rel}","templated":true}]}}