{"id":6950,"date":"2020-01-27T20:02:40","date_gmt":"2020-01-27T20:02:40","guid":{"rendered":"http:\/\/trenaferragens1.hospedagemdesites.ws\/?post_type=product&#038;p=6950"},"modified":"2020-01-27T20:05:31","modified_gmt":"2020-01-27T20:05:31","slug":"cabo-flexivel-paralelo-branco-bobina","status":"publish","type":"product","link":"https:\/\/trenaferragens.com.br\/?product=cabo-flexivel-paralelo-branco-bobina","title":{"rendered":"Cabo Flex\u00edvel Paralelo (BRANCO) Bobina"},"content":{"rendered":"<p class=\"itemTitle\">Cabo Flex\u00edvel Paralelo (BRANCO) Bobina<\/p>\n<p>SIL<\/p>\n<p>Empresa s\u00f3lida e 100% nacional, desde 1974 a SIL fornece fios e cabos el\u00e9tricos seguros e dur\u00e1veis, com pre\u00e7o competitivo e qualidade certificada conforme as normas t\u00e9cnicas vigentes. O conjunto de a\u00e7\u00f5es mercadol\u00f3gicas, a seriedade na pol\u00edtica de atua\u00e7\u00e3o e na rela\u00e7\u00e3o com seus parceiros e fornecedores, com metas e diretrizes honestas, somadas a iniciativas como avan\u00e7os tecnol\u00f3gicos, rigoroso controle de qualidade, valoriza\u00e7\u00e3o profissional e respeito ao consumidor, fazem com que a SIL seja reconhecida como uma das principais empresas brasileiras de seu segmento.<\/p>\n","protected":false},"excerpt":{"rendered":"<p>Cabo Flex\u00edvel Paralelo (BRANCO) Bobina<\/p>\n<p>DISPON\u00cdVEL NAS OP\u00c7\u00d5ES: 2x 0,75 &#8211; (Bobina &#8211; 900mt), 2x 100 &#8211; (Bobina &#8211; 800mt), 2x 1.50 &#8211; (Bobina &#8211; 700mt),\u00a02x 2.50 &#8211; (Bobina &#8211; 500mt) e 2x 4.00 &#8211; (Bobina &#8211; 400mt)<\/p>\n<p>APLICA\u00c7\u00c3O: Recomendado para instala\u00e7\u00f5es internas e liga\u00e7\u00f5es de pequenos aparelhos eletrodom\u00e9sticos, de ilumina\u00e7\u00e3o, aparelhos port\u00e1teis e extens\u00f5es el\u00e9tricas.<\/p>\n<p>CONDUTOR:\u00a0Fios de Cobre, t\u00eampera mole, classe 5 atendendo a norma ABNT NM 280.<\/p>\n<p>ISOLA\u00c7\u00c3O:\u00a0Composto termopl\u00e1stico polivin\u00edlico (PVC) tipo PVC\/D.<\/p>\n<p>NORMA DE REFER\u00caNCIA:\u00a0NBR NM 247-5 &#8211; Cabos isolados com policloreto de vinila (PVC) para tens\u00f5es nominais at\u00e9 450\/750 V, inclusive Parte 5: Cabos flex\u00edveis (cord\u00f5es) (IEC 60227-5, MOD).<\/p>\n<p>NORMAS APLIC\u00c1VEIS:\u00a0NBR NM 280 e NBR NM 247-2.<\/p>\n<p>DESIGNA\u00c7\u00c3O DO PRODUTO:\u00a0247 NM 42-C5.<\/p>\n<p>OBSERVA\u00c7\u00d5ES:<\/p>\n<p>\u2022 Os rolos possuem 100 metros.<\/p>\n<p>\u2022 Os dados da tabela est\u00e3o sujeitos a altera\u00e7\u00f5es, sem pr\u00e9vio aviso.<\/p>\n","protected":false},"featured_media":6951,"comment_status":"open","ping_status":"closed","template":"","meta":[],"product_cat":[221],"product_tag":[2788,2786,2787,2785,2784],"_links":{"self":[{"href":"https:\/\/trenaferragens.com.br\/index.php?rest_route=\/wp\/v2\/product\/6950"}],"collection":[{"href":"https:\/\/trenaferragens.com.br\/index.php?rest_route=\/wp\/v2\/product"}],"about":[{"href":"https:\/\/trenaferragens.com.br\/index.php?rest_route=\/wp\/v2\/types\/product"}],"replies":[{"embeddable":true,"href":"https:\/\/trenaferragens.com.br\/index.php?rest_route=%2Fwp%2Fv2%2Fcomments&post=6950"}],"wp:featuredmedia":[{"embeddable":true,"href":"https:\/\/trenaferragens.com.br\/index.php?rest_route=\/wp\/v2\/media\/6951"}],"wp:attachment":[{"href":"https:\/\/trenaferragens.com.br\/index.php?rest_route=%2Fwp%2Fv2%2Fmedia&parent=6950"}],"wp:term":[{"taxonomy":"product_cat","embeddable":true,"href":"https:\/\/trenaferragens.com.br\/index.php?rest_route=%2Fwp%2Fv2%2Fproduct_cat&post=6950"},{"taxonomy":"product_tag","embeddable":true,"href":"https:\/\/trenaferragens.com.br\/index.php?rest_route=%2Fwp%2Fv2%2Fproduct_tag&post=6950"}],"curies":[{"name":"wp","href":"https:\/\/api.w.org\/{rel}","templated":true}]}}