{"id":7000,"date":"2020-03-04T18:07:26","date_gmt":"2020-03-04T18:07:26","guid":{"rendered":"http:\/\/trenaferragens1.hospedagemdesites.ws\/?post_type=product&#038;p=7000"},"modified":"2020-03-04T18:10:36","modified_gmt":"2020-03-04T18:10:36","slug":"ralo-japones-valvula-lavatorio-especial","status":"publish","type":"product","link":"https:\/\/trenaferragens.com.br\/?product=ralo-japones-valvula-lavatorio-especial","title":{"rendered":"Ralo Japon\u00eas V\u00e1lvula Lavat\u00f3rio (Especial)"},"content":{"rendered":"<p class=\"itemTitle\">Ralo Japon\u00eas V\u00e1lvula Lavat\u00f3rio (Especial)<\/p>\n<p>OVERTIME JAP<\/p>\n","protected":false},"excerpt":{"rendered":"<p>Ralo Japon\u00eas V\u00e1lvula Lavat\u00f3rio (Especial)<\/p>\n<p>OP\u00c7\u00d5ES:<\/p>\n<p>Ralo Japon\u00eas V\u00e1lvula Lavat\u00f3rio (Especial)<\/p>\n<p>EMBALAGEM:<\/p>\n<p>&#8211;<\/p>\n","protected":false},"featured_media":7001,"comment_status":"open","ping_status":"closed","template":"","meta":[],"product_cat":[1101],"product_tag":[2798,2808,2807],"_links":{"self":[{"href":"https:\/\/trenaferragens.com.br\/index.php?rest_route=\/wp\/v2\/product\/7000"}],"collection":[{"href":"https:\/\/trenaferragens.com.br\/index.php?rest_route=\/wp\/v2\/product"}],"about":[{"href":"https:\/\/trenaferragens.com.br\/index.php?rest_route=\/wp\/v2\/types\/product"}],"replies":[{"embeddable":true,"href":"https:\/\/trenaferragens.com.br\/index.php?rest_route=%2Fwp%2Fv2%2Fcomments&post=7000"}],"wp:featuredmedia":[{"embeddable":true,"href":"https:\/\/trenaferragens.com.br\/index.php?rest_route=\/wp\/v2\/media\/7001"}],"wp:attachment":[{"href":"https:\/\/trenaferragens.com.br\/index.php?rest_route=%2Fwp%2Fv2%2Fmedia&parent=7000"}],"wp:term":[{"taxonomy":"product_cat","embeddable":true,"href":"https:\/\/trenaferragens.com.br\/index.php?rest_route=%2Fwp%2Fv2%2Fproduct_cat&post=7000"},{"taxonomy":"product_tag","embeddable":true,"href":"https:\/\/trenaferragens.com.br\/index.php?rest_route=%2Fwp%2Fv2%2Fproduct_tag&post=7000"}],"curies":[{"name":"wp","href":"https:\/\/api.w.org\/{rel}","templated":true}]}}