{"id":7055,"date":"2020-03-04T19:14:55","date_gmt":"2020-03-04T19:14:55","guid":{"rendered":"http:\/\/trenaferragens1.hospedagemdesites.ws\/?post_type=product&#038;p=7055"},"modified":"2020-03-04T19:21:26","modified_gmt":"2020-03-04T19:21:26","slug":"cavadeira-articulada-c-2-cabos-madeira","status":"publish","type":"product","link":"https:\/\/trenaferragens.com.br\/?product=cavadeira-articulada-c-2-cabos-madeira","title":{"rendered":"Cavadeira Articulada C\/2 Cabos Madeira"},"content":{"rendered":"<p class=\"itemTitle\">Cavadeira Articulada C\/2 Cabos Madeira<\/p>\n<p>FERRAMENTAS TENACE<\/p>\n<p>A Ferramentas Tenace \u00e9 uma empresa de capital totalmente nacional e se dedica, desde 1\u00ba de julho de 1.992, \u00e0 produ\u00e7\u00e3o de fundidos de ferro cinzento e nodular. Sediada em Cl\u00e1udio, Minas Gerais, cidade conhecida como o \u201cMaior Polo de Fundi\u00e7\u00f5es e Metal\u00fargicas da Am\u00e9rica Latina\u201d, atende diversos setores da ind\u00fastria, como constru\u00e7\u00e3o civil, saneamento e agr\u00edcola e oferece um amplo leque de produtos aos melhores e maiores distribuidores do pa\u00eds.<\/p>\n<p>Na Ferramentas Tenace voc\u00ea tem a garantia de estar comprando, al\u00e9m de uma marca, uma tradi\u00e7\u00e3o, que est\u00e1 presente no mercado h\u00e1 mais de duas d\u00e9cadas oferecendo os melhores e mais confi\u00e1veis produtos. Qualidade, pontualidade e as melhores condi\u00e7\u00f5es voc\u00ea encontra na Ferramentas Tenace. Porque o mais importante \u00e9 a satisfa\u00e7\u00e3o dos nossos clientes!<\/p>\n","protected":false},"excerpt":{"rendered":"<p>Cavadeira Articulada C\/2 Cabos Madeira<\/p>\n<p>OP\u00c7\u00d5ES:<\/p>\n<p>Cavadeira Articulada C\/2 Cabos Madeira<\/p>\n<p>Descri\u00e7\u00e3o fabricante: Cavadeira Articulada<\/p>\n<p>EMBALAGEM:<\/p>\n<p>&#8211;<\/p>\n","protected":false},"featured_media":7056,"comment_status":"open","ping_status":"closed","template":"","meta":[],"product_cat":[281],"product_tag":[2819,2820,2817],"_links":{"self":[{"href":"https:\/\/trenaferragens.com.br\/index.php?rest_route=\/wp\/v2\/product\/7055"}],"collection":[{"href":"https:\/\/trenaferragens.com.br\/index.php?rest_route=\/wp\/v2\/product"}],"about":[{"href":"https:\/\/trenaferragens.com.br\/index.php?rest_route=\/wp\/v2\/types\/product"}],"replies":[{"embeddable":true,"href":"https:\/\/trenaferragens.com.br\/index.php?rest_route=%2Fwp%2Fv2%2Fcomments&post=7055"}],"wp:featuredmedia":[{"embeddable":true,"href":"https:\/\/trenaferragens.com.br\/index.php?rest_route=\/wp\/v2\/media\/7056"}],"wp:attachment":[{"href":"https:\/\/trenaferragens.com.br\/index.php?rest_route=%2Fwp%2Fv2%2Fmedia&parent=7055"}],"wp:term":[{"taxonomy":"product_cat","embeddable":true,"href":"https:\/\/trenaferragens.com.br\/index.php?rest_route=%2Fwp%2Fv2%2Fproduct_cat&post=7055"},{"taxonomy":"product_tag","embeddable":true,"href":"https:\/\/trenaferragens.com.br\/index.php?rest_route=%2Fwp%2Fv2%2Fproduct_tag&post=7055"}],"curies":[{"name":"wp","href":"https:\/\/api.w.org\/{rel}","templated":true}]}}