{"id":7060,"date":"2020-03-04T19:41:27","date_gmt":"2020-03-04T19:41:27","guid":{"rendered":"http:\/\/trenaferragens1.hospedagemdesites.ws\/?post_type=product&#038;p=7060"},"modified":"2020-03-04T20:12:40","modified_gmt":"2020-03-04T20:12:40","slug":"controle-remoto-p-ventilador-de-teto-e-lampada-qv40","status":"publish","type":"product","link":"https:\/\/trenaferragens.com.br\/?product=controle-remoto-p-ventilador-de-teto-e-lampada-qv40","title":{"rendered":"Controle Remoto P\/Ventilador de Teto e L\u00e2mpada QV40"},"content":{"rendered":"<p class=\"itemTitle\">Controle Remoto P\/Ventilador de Teto e L\u00e2mpada QV40<\/p>\n<p>QUALITRONIX<\/p>\n<p>A\u00a0Qualitronix Tecnologia Ltda\u00a0vem ampliando o espa\u00e7o comercial de seus produtos com economia nas resid\u00eancias, com\u00e9rcios, ind\u00fastrias e outros empreendimentos. Destaca-se com vantagem competitiva em qualidade, durabilidade e seguran\u00e7a de seus equipamentos. O foco da empresa \u00e9 trabalhar com produtos de valor agregado, economicamente sustent\u00e1veis e preocupa\u00e7\u00e3o social, inspirada na filosofia da \u201cqualidade total a pre\u00e7os competitivos\u201d. Fundada em 1998, iniciou suas atividades na Incubadora de Produtos e Projetos do Instituto Nacional de Telecomunica\u00e7\u00f5es \u2013 Inatel. Demonstrando bom desempenho e capacidade de sobreviv\u00eancia no mercado global, graduou-se em 2001, deixando a Incubadora. Hoje, a Qualitronix solidifica-se com expans\u00e3o em outros ramos, tais como Home Center, Lojas de Produtos de Seguran\u00e7a e Hipermercados \u2013 al\u00e9m do seu mercado, focalizado em materiais de constru\u00e7\u00e3o e materiais el\u00e9tricos. Visando ser reconhecida como empresa \u00e9tica, competitiva, com produtos de qualidade, respeitando seus clientes, colaboradores e fornecedores, obteve o certificado da NBR ISO 9001:2015. Tendo por base a confiabilidade e reconhecimento de seu p\u00fablico, a Qualitronix busca for\u00e7as e mais oportunidades no mercado \u2013 armas estrat\u00e9gicas contra seus concorrentes.<\/p>\n","protected":false},"excerpt":{"rendered":"<p>Controle Remoto P\/Ventilador de Teto e L\u00e2mpada QV40<\/p>\n<p>OP\u00c7\u00d5ES:<\/p>\n<p>&#8211;<\/p>\n<p>EMBALAGEM:<\/p>\n<p>&#8211;<\/p>\n","protected":false},"featured_media":7061,"comment_status":"open","ping_status":"closed","template":"","meta":[],"product_cat":[1055,1115],"product_tag":[2823,2825,2824],"_links":{"self":[{"href":"https:\/\/trenaferragens.com.br\/index.php?rest_route=\/wp\/v2\/product\/7060"}],"collection":[{"href":"https:\/\/trenaferragens.com.br\/index.php?rest_route=\/wp\/v2\/product"}],"about":[{"href":"https:\/\/trenaferragens.com.br\/index.php?rest_route=\/wp\/v2\/types\/product"}],"replies":[{"embeddable":true,"href":"https:\/\/trenaferragens.com.br\/index.php?rest_route=%2Fwp%2Fv2%2Fcomments&post=7060"}],"wp:featuredmedia":[{"embeddable":true,"href":"https:\/\/trenaferragens.com.br\/index.php?rest_route=\/wp\/v2\/media\/7061"}],"wp:attachment":[{"href":"https:\/\/trenaferragens.com.br\/index.php?rest_route=%2Fwp%2Fv2%2Fmedia&parent=7060"}],"wp:term":[{"taxonomy":"product_cat","embeddable":true,"href":"https:\/\/trenaferragens.com.br\/index.php?rest_route=%2Fwp%2Fv2%2Fproduct_cat&post=7060"},{"taxonomy":"product_tag","embeddable":true,"href":"https:\/\/trenaferragens.com.br\/index.php?rest_route=%2Fwp%2Fv2%2Fproduct_tag&post=7060"}],"curies":[{"name":"wp","href":"https:\/\/api.w.org\/{rel}","templated":true}]}}