{"id":7062,"date":"2020-03-04T20:08:08","date_gmt":"2020-03-04T20:08:08","guid":{"rendered":"http:\/\/trenaferragens1.hospedagemdesites.ws\/?post_type=product&#038;p=7062"},"modified":"2020-03-04T20:13:58","modified_gmt":"2020-03-04T20:13:58","slug":"sensor-de-presenca-microcontrolado-360g-qa23m","status":"publish","type":"product","link":"https:\/\/trenaferragens.com.br\/?product=sensor-de-presenca-microcontrolado-360g-qa23m","title":{"rendered":"Sensor de Presen\u00e7a Microcontrolado 360G\u00b0 QA23M"},"content":{"rendered":"<p class=\"itemTitle\">Sensor de Presen\u00e7a Microcontrolado 360G\u00b0 QA23M<\/p>\n<p>QUALITRONIX<\/p>\n<p>A\u00a0Qualitronix Tecnologia Ltda\u00a0vem ampliando o espa\u00e7o comercial de seus produtos com economia nas resid\u00eancias, com\u00e9rcios, ind\u00fastrias e outros empreendimentos. Destaca-se com vantagem competitiva em qualidade, durabilidade e seguran\u00e7a de seus equipamentos. O foco da empresa \u00e9 trabalhar com produtos de valor agregado, economicamente sustent\u00e1veis e preocupa\u00e7\u00e3o social, inspirada na filosofia da \u201cqualidade total a pre\u00e7os competitivos\u201d. Fundada em 1998, iniciou suas atividades na Incubadora de Produtos e Projetos do Instituto Nacional de Telecomunica\u00e7\u00f5es \u2013 Inatel. Demonstrando bom desempenho e capacidade de sobreviv\u00eancia no mercado global, graduou-se em 2001, deixando a Incubadora. Hoje, a Qualitronix solidifica-se com expans\u00e3o em outros ramos, tais como Home Center, Lojas de Produtos de Seguran\u00e7a e Hipermercados \u2013 al\u00e9m do seu mercado, focalizado em materiais de constru\u00e7\u00e3o e materiais el\u00e9tricos. Visando ser reconhecida como empresa \u00e9tica, competitiva, com produtos de qualidade, respeitando seus clientes, colaboradores e fornecedores, obteve o certificado da NBR ISO 9001:2015. Tendo por base a confiabilidade e reconhecimento de seu p\u00fablico, a Qualitronix busca for\u00e7as e mais oportunidades no mercado \u2013 armas estrat\u00e9gicas contra seus concorrentes.<\/p>\n","protected":false},"excerpt":{"rendered":"<p>Sensor de Presen\u00e7a Microcontrolado 360G\u00b0 QA23M<\/p>\n<p>DESCRI\u00c7\u00c3O DO PRODUTO: SENSOR DE PRESEN\u00c7A MICROCONTROLADO, 360\u00b0, COM FOTOC\u00c9LULA, COM 6 FUN\u00c7\u00d5ES<br \/>\nSensor de sobrepor; \u00e9 usado no teto; sensor com engate r\u00e1pido para 3 fios, funciona com qualquer tipo de l\u00e2mpada; a fotoc\u00e9lula serve para diferenciar dia\/noite, ou seja, quando o sensor detectar um movimento e detectar que h\u00e1 claridade no local, ele entende que a l\u00e2mpada n\u00e3o precisa acender, economizando energia. Modelo sobrepor teto.<\/p>\n<p>As fun\u00e7\u00f5es s\u00e3o:<\/p>\n<p>Sensor de Presen\u00e7a + Fotoc\u00e9lula;<br \/>\nSensor de Presen\u00e7a;<br \/>\nManter Ligado;<br \/>\nTimer;<br \/>\nSimulador de Presen\u00e7a;<br \/>\nRel\u00e9 Fotoc\u00e9lula.<\/p>\n<p>&#8211;<\/p>\n<p>EMBALAGEM:<\/p>\n<p>&#8211;<\/p>\n","protected":false},"featured_media":7063,"comment_status":"open","ping_status":"closed","template":"","meta":[],"product_cat":[1055,1115],"product_tag":[2823,2826,2824],"_links":{"self":[{"href":"https:\/\/trenaferragens.com.br\/index.php?rest_route=\/wp\/v2\/product\/7062"}],"collection":[{"href":"https:\/\/trenaferragens.com.br\/index.php?rest_route=\/wp\/v2\/product"}],"about":[{"href":"https:\/\/trenaferragens.com.br\/index.php?rest_route=\/wp\/v2\/types\/product"}],"replies":[{"embeddable":true,"href":"https:\/\/trenaferragens.com.br\/index.php?rest_route=%2Fwp%2Fv2%2Fcomments&post=7062"}],"wp:featuredmedia":[{"embeddable":true,"href":"https:\/\/trenaferragens.com.br\/index.php?rest_route=\/wp\/v2\/media\/7063"}],"wp:attachment":[{"href":"https:\/\/trenaferragens.com.br\/index.php?rest_route=%2Fwp%2Fv2%2Fmedia&parent=7062"}],"wp:term":[{"taxonomy":"product_cat","embeddable":true,"href":"https:\/\/trenaferragens.com.br\/index.php?rest_route=%2Fwp%2Fv2%2Fproduct_cat&post=7062"},{"taxonomy":"product_tag","embeddable":true,"href":"https:\/\/trenaferragens.com.br\/index.php?rest_route=%2Fwp%2Fv2%2Fproduct_tag&post=7062"}],"curies":[{"name":"wp","href":"https:\/\/api.w.org\/{rel}","templated":true}]}}