{"id":7069,"date":"2020-03-05T19:03:07","date_gmt":"2020-03-05T19:03:07","guid":{"rendered":"http:\/\/trenaferragens1.hospedagemdesites.ws\/?post_type=product&#038;p=7069"},"modified":"2020-03-05T19:13:22","modified_gmt":"2020-03-05T19:13:22","slug":"tela-fachada-2828m","status":"publish","type":"product","link":"https:\/\/trenaferragens.com.br\/?product=tela-fachada-2828m","title":{"rendered":"Tela Fachada 2828M"},"content":{"rendered":"<p class=\"itemTitle\">Tela Fachada 2828M<\/p>\n<p>ROMA<\/p>\n<p>A ROMA \u2013 Solu\u00e7\u00f5es em Geossint\u00e9ticos, Telas e Filmes Pl\u00e1sticos, faz parte do Grupo D\u2019Amaro, que est\u00e1 presente h\u00e1 quase 50 anos no mercado.<br \/>\nO Grupo \u00e9 formado pela Ind\u00fastria T\u00eaxtil Florence e pela Roma, que foi fundada em 1994, com o objetivo de trazer para o mercado Telas e Filmes Pl\u00e1sticos voltados para os segmentos de Geossint\u00e9ticos, Constru\u00e7\u00e3o Civil, Agroneg\u00f3cios e Industrial.<br \/>\nA ROMA possui sua f\u00e1brica sediada na cidade de Tatu\u00ed, a 130 km de S\u00e3o Paulo, em uma \u00e1rea total de 550.000 m\u00b2, com uma completa e moderna estrutura fabril, distribu\u00edda em 18.000 m\u00b2 de \u00e1rea coberta.<br \/>\nO Setor Comercial e Administrativo est\u00e1 estrategicamente localizado a 20 km do centro de S\u00e3o Paulo, em Alphaville, um dos principais polos empresariais do Pa\u00eds.<\/p>\n","protected":false},"excerpt":{"rendered":"<p>Tela Fachada 2828M<\/p>\n<p>Dispon\u00edvel nas op\u00e7\u00f5es:<\/p>\n<p>Azul e Branca<\/p>\n<p>Principais Vantagens:<br \/>\n2828:<\/p>\n<p>Bordas refor\u00e7adas;<br \/>\nFio mais refor\u00e7ado;<br \/>\nAceita impress\u00e3o personalizada;<br \/>\nDevido sua longevidade pode ser aproveitada em outras obras;<br \/>\nGrande resist\u00eancia \u00e0 tra\u00e7\u00e3o mec\u00e2nica;<br \/>\nExcelente acabamento;<br \/>\nResistentes a impactos;<br \/>\nLaudos t\u00e9cnicos do IPT (Instituto de Pesquisas Tecnol\u00f3gicas);<\/p>\n<p>2828 M:<\/p>\n<p>Excelente acabamento;<br \/>\nBordas refor\u00e7adas;<\/p>\n","protected":false},"featured_media":7070,"comment_status":"open","ping_status":"closed","template":"","meta":[],"product_cat":[1141],"product_tag":[2832,2833,2414],"_links":{"self":[{"href":"https:\/\/trenaferragens.com.br\/index.php?rest_route=\/wp\/v2\/product\/7069"}],"collection":[{"href":"https:\/\/trenaferragens.com.br\/index.php?rest_route=\/wp\/v2\/product"}],"about":[{"href":"https:\/\/trenaferragens.com.br\/index.php?rest_route=\/wp\/v2\/types\/product"}],"replies":[{"embeddable":true,"href":"https:\/\/trenaferragens.com.br\/index.php?rest_route=%2Fwp%2Fv2%2Fcomments&post=7069"}],"wp:featuredmedia":[{"embeddable":true,"href":"https:\/\/trenaferragens.com.br\/index.php?rest_route=\/wp\/v2\/media\/7070"}],"wp:attachment":[{"href":"https:\/\/trenaferragens.com.br\/index.php?rest_route=%2Fwp%2Fv2%2Fmedia&parent=7069"}],"wp:term":[{"taxonomy":"product_cat","embeddable":true,"href":"https:\/\/trenaferragens.com.br\/index.php?rest_route=%2Fwp%2Fv2%2Fproduct_cat&post=7069"},{"taxonomy":"product_tag","embeddable":true,"href":"https:\/\/trenaferragens.com.br\/index.php?rest_route=%2Fwp%2Fv2%2Fproduct_tag&post=7069"}],"curies":[{"name":"wp","href":"https:\/\/api.w.org\/{rel}","templated":true}]}}