{"id":7071,"date":"2020-03-05T19:18:27","date_gmt":"2020-03-05T19:18:27","guid":{"rendered":"http:\/\/trenaferragens1.hospedagemdesites.ws\/?post_type=product&#038;p=7071"},"modified":"2020-03-05T20:28:00","modified_gmt":"2020-03-05T20:28:00","slug":"tela-mosquiteiro-2860-flex","status":"publish","type":"product","link":"https:\/\/trenaferragens.com.br\/?product=tela-mosquiteiro-2860-flex","title":{"rendered":"Tela Mosquiteiro (2860) Flex"},"content":{"rendered":"<p class=\"itemTitle\">Tela Mosquiteiro (2860) Flex<\/p>\n<p>ROMA<\/p>\n<p>A ROMA \u2013 Solu\u00e7\u00f5es em Geossint\u00e9ticos, Telas e Filmes Pl\u00e1sticos, faz parte do Grupo D\u2019Amaro, que est\u00e1 presente h\u00e1 quase 50 anos no mercado.<br \/>\nO Grupo \u00e9 formado pela Ind\u00fastria T\u00eaxtil Florence e pela Roma, que foi fundada em 1994, com o objetivo de trazer para o mercado Telas e Filmes Pl\u00e1sticos voltados para os segmentos de Geossint\u00e9ticos, Constru\u00e7\u00e3o Civil, Agroneg\u00f3cios e Industrial.<br \/>\nA ROMA possui sua f\u00e1brica sediada na cidade de Tatu\u00ed, a 130 km de S\u00e3o Paulo, em uma \u00e1rea total de 550.000 m\u00b2, com uma completa e moderna estrutura fabril, distribu\u00edda em 18.000 m\u00b2 de \u00e1rea coberta.<br \/>\nO Setor Comercial e Administrativo est\u00e1 estrategicamente localizado a 20 km do centro de S\u00e3o Paulo, em Alphaville, um dos principais polos empresariais do Pa\u00eds.<\/p>\n","protected":false},"excerpt":{"rendered":"<p>Tela Mosquiteiro (2860) Flex<\/p>\n<p>Dispon\u00edvel nas op\u00e7\u00f5es:<\/p>\n<p>Branca, Cinza e Verde<\/p>\n<p>CARACTER\u00cdSTICAS:<\/p>\n<p>TELA MOSQUITEIRO FLEX:\u00a0a base para esta tela \u00e9 a nossa Tela Mosquiteiro 2860. Por ser mais male\u00e1vel, se adapta \u00e0 v\u00e1rias situa\u00e7\u00f5es, muitas vezes passando despercebida no ambiente. Pode ser usada em:\u00a0Esquadrias | Cria\u00e7\u00e3o de peixes de pequeno porte | \u00a0Prote\u00e7\u00e3o de flores e frutas | Prote\u00e7\u00e3o \u00a0contra Insetos.\u00a0<\/p>\n","protected":false},"featured_media":7072,"comment_status":"open","ping_status":"closed","template":"","meta":[],"product_cat":[1141],"product_tag":[2834,2832,2415,2835,2414],"_links":{"self":[{"href":"https:\/\/trenaferragens.com.br\/index.php?rest_route=\/wp\/v2\/product\/7071"}],"collection":[{"href":"https:\/\/trenaferragens.com.br\/index.php?rest_route=\/wp\/v2\/product"}],"about":[{"href":"https:\/\/trenaferragens.com.br\/index.php?rest_route=\/wp\/v2\/types\/product"}],"replies":[{"embeddable":true,"href":"https:\/\/trenaferragens.com.br\/index.php?rest_route=%2Fwp%2Fv2%2Fcomments&post=7071"}],"wp:featuredmedia":[{"embeddable":true,"href":"https:\/\/trenaferragens.com.br\/index.php?rest_route=\/wp\/v2\/media\/7072"}],"wp:attachment":[{"href":"https:\/\/trenaferragens.com.br\/index.php?rest_route=%2Fwp%2Fv2%2Fmedia&parent=7071"}],"wp:term":[{"taxonomy":"product_cat","embeddable":true,"href":"https:\/\/trenaferragens.com.br\/index.php?rest_route=%2Fwp%2Fv2%2Fproduct_cat&post=7071"},{"taxonomy":"product_tag","embeddable":true,"href":"https:\/\/trenaferragens.com.br\/index.php?rest_route=%2Fwp%2Fv2%2Fproduct_tag&post=7071"}],"curies":[{"name":"wp","href":"https:\/\/api.w.org\/{rel}","templated":true}]}}