{"id":7075,"date":"2020-03-05T20:44:57","date_gmt":"2020-03-05T20:44:57","guid":{"rendered":"http:\/\/trenaferragens1.hospedagemdesites.ws\/?post_type=product&#038;p=7075"},"modified":"2020-03-05T20:52:02","modified_gmt":"2020-03-05T20:52:02","slug":"tela-sintetica-preta","status":"publish","type":"product","link":"https:\/\/trenaferragens.com.br\/?product=tela-sintetica-preta","title":{"rendered":"Tela Sint\u00e9tica Preta"},"content":{"rendered":"<p class=\"itemTitle\">Tela Sint\u00e9tica Preta<\/p>\n<p>ROMA<\/p>\n<p>A ROMA \u2013 Solu\u00e7\u00f5es em Geossint\u00e9ticos, Telas e Filmes Pl\u00e1sticos, faz parte do Grupo D\u2019Amaro, que est\u00e1 presente h\u00e1 quase 50 anos no mercado.<br \/>\nO Grupo \u00e9 formado pela Ind\u00fastria T\u00eaxtil Florence e pela Roma, que foi fundada em 1994, com o objetivo de trazer para o mercado Telas e Filmes Pl\u00e1sticos voltados para os segmentos de Geossint\u00e9ticos, Constru\u00e7\u00e3o Civil, Agroneg\u00f3cios e Industrial.<br \/>\nA ROMA possui sua f\u00e1brica sediada na cidade de Tatu\u00ed, a 130 km de S\u00e3o Paulo, em uma \u00e1rea total de 550.000 m\u00b2, com uma completa e moderna estrutura fabril, distribu\u00edda em 18.000 m\u00b2 de \u00e1rea coberta.<br \/>\nO Setor Comercial e Administrativo est\u00e1 estrategicamente localizado a 20 km do centro de S\u00e3o Paulo, em Alphaville, um dos principais polos empresariais do Pa\u00eds.<\/p>\n","protected":false},"excerpt":{"rendered":"<p>Tela Sint\u00e9tica Preta<\/p>\n<p>Dispon\u00edvel nas op\u00e7\u00f5es:<\/p>\n<p>Pinteiro, Galinheiro e Viveiro<\/p>\n<p>CARACTER\u00cdSTICAS:<\/p>\n<p>TELA MULTIUSO:\u00a0\u00e9\u00a0composta por nossa j\u00e1 super reconhecida Tela Touro. Qualidade acima de qualquer prova. Tela resistente, de f\u00e1cil manuseio e super ecl\u00e9tica, podendo ser usada nas mais v\u00e1rias situa\u00e7\u00f5es como:\u00a0Cercamentos de jardins, playgrounds, campos e quadras poliesportivas | Prote\u00e7\u00e3o de mudas e \u00e1rvores | Prote\u00e7\u00e3o de port\u00f5es para animais | Prote\u00e7\u00e3o de calhas.<\/p>\n","protected":false},"featured_media":7076,"comment_status":"open","ping_status":"closed","template":"","meta":[],"product_cat":[1141],"product_tag":[2832,2839,2838,2414],"_links":{"self":[{"href":"https:\/\/trenaferragens.com.br\/index.php?rest_route=\/wp\/v2\/product\/7075"}],"collection":[{"href":"https:\/\/trenaferragens.com.br\/index.php?rest_route=\/wp\/v2\/product"}],"about":[{"href":"https:\/\/trenaferragens.com.br\/index.php?rest_route=\/wp\/v2\/types\/product"}],"replies":[{"embeddable":true,"href":"https:\/\/trenaferragens.com.br\/index.php?rest_route=%2Fwp%2Fv2%2Fcomments&post=7075"}],"wp:featuredmedia":[{"embeddable":true,"href":"https:\/\/trenaferragens.com.br\/index.php?rest_route=\/wp\/v2\/media\/7076"}],"wp:attachment":[{"href":"https:\/\/trenaferragens.com.br\/index.php?rest_route=%2Fwp%2Fv2%2Fmedia&parent=7075"}],"wp:term":[{"taxonomy":"product_cat","embeddable":true,"href":"https:\/\/trenaferragens.com.br\/index.php?rest_route=%2Fwp%2Fv2%2Fproduct_cat&post=7075"},{"taxonomy":"product_tag","embeddable":true,"href":"https:\/\/trenaferragens.com.br\/index.php?rest_route=%2Fwp%2Fv2%2Fproduct_tag&post=7075"}],"curies":[{"name":"wp","href":"https:\/\/api.w.org\/{rel}","templated":true}]}}