{"id":7078,"date":"2020-03-11T19:08:45","date_gmt":"2020-03-11T19:08:45","guid":{"rendered":"http:\/\/trenaferragens1.hospedagemdesites.ws\/?post_type=product&#038;p=7078"},"modified":"2020-03-11T19:15:41","modified_gmt":"2020-03-11T19:15:41","slug":"tela-tapume-2828-bicolor","status":"publish","type":"product","link":"https:\/\/trenaferragens.com.br\/?product=tela-tapume-2828-bicolor","title":{"rendered":"Tela Tapume 2828 Bicolor"},"content":{"rendered":"<p class=\"itemTitle\">Tela Tapume 2828 Bicolor<\/p>\n<p>ROMA<\/p>\n<p>A ROMA \u2013 Solu\u00e7\u00f5es em Geossint\u00e9ticos, Telas e Filmes Pl\u00e1sticos, faz parte do Grupo D\u2019Amaro, que est\u00e1 presente h\u00e1 quase 50 anos no mercado.<br \/>\nO Grupo \u00e9 formado pela Ind\u00fastria T\u00eaxtil Florence e pela Roma, que foi fundada em 1994, com o objetivo de trazer para o mercado Telas e Filmes Pl\u00e1sticos voltados para os segmentos de Geossint\u00e9ticos, Constru\u00e7\u00e3o Civil, Agroneg\u00f3cios e Industrial.<br \/>\nA ROMA possui sua f\u00e1brica sediada na cidade de Tatu\u00ed, a 130 km de S\u00e3o Paulo, em uma \u00e1rea total de 550.000 m\u00b2, com uma completa e moderna estrutura fabril, distribu\u00edda em 18.000 m\u00b2 de \u00e1rea coberta.<br \/>\nO Setor Comercial e Administrativo est\u00e1 estrategicamente localizado a 20 km do centro de S\u00e3o Paulo, em Alphaville, um dos principais polos empresariais do Pa\u00eds.<\/p>\n","protected":false},"excerpt":{"rendered":"<p>Tela Tapume 2828 Bicolor<\/p>\n<p>CARACTER\u00cdSTICAS:<\/p>\n<p>A Tela\u00a0Tapume tecida\u00a0\u00e9 produzida por Polietileno de alta densidade (PEAD) 100 % monofilado, o que proporciona uma maior resist\u00eancia da tela em rela\u00e7\u00e3o \u00e0s telas de r\u00e1fia.<\/p>\n<p>A Tela pode ser utilizada em obras com \u00e1rea de risco com a fun\u00e7\u00e3o de sinaliza\u00e7\u00e3o e delimita\u00e7\u00e3o de obras, tamb\u00e9m pode ser utilizada como item de seguran\u00e7a nas extremidades de lajes, edif\u00edcios, demarca\u00e7\u00e3o de \u00e1reas, eventos esportivos, delimita\u00e7\u00e3o de espa\u00e7os, \u00e1reas de perigo ou com acesso restrito, entre muitas outras finalidades.<\/p>\n<p>Principais Vantagens:<\/p>\n<p>Durabilidade;<br \/>\nBicolor;<br \/>\nLeve;<br \/>\nResistente;<br \/>\nCores duradoras;<br \/>\nFlexibilidade;<br \/>\nBoa resist\u00eancia mec\u00e2nica;<br \/>\n100% monofilada.<\/p>\n<p>Principais Diferenciais:<\/p>\n<p>Tela fabricada com 100% de polietileno;<br \/>\n100% monofilada;<br \/>\nRolos compactados que facilitam o transporte e reduz custos de fretes e armazenagem;<br \/>\nSuperior em durabilidade se comparado \u00e0 r\u00e1fia.<\/p>\n<p>*As especifica\u00e7\u00f5es t\u00e9cnicas est\u00e3o sujeitas a altera\u00e7\u00f5es sem aviso pr\u00e9vio.<\/p>\n<p>Largura:\u00a01,20 m<br \/>\nComprimento:\u00a050 m<br \/>\nCores:\u00a0Laranja e Branca<\/p>\n","protected":false},"featured_media":7079,"comment_status":"open","ping_status":"closed","template":"","meta":[],"product_cat":[1141],"product_tag":[2841,2832,2838,2840,2842,2414],"_links":{"self":[{"href":"https:\/\/trenaferragens.com.br\/index.php?rest_route=\/wp\/v2\/product\/7078"}],"collection":[{"href":"https:\/\/trenaferragens.com.br\/index.php?rest_route=\/wp\/v2\/product"}],"about":[{"href":"https:\/\/trenaferragens.com.br\/index.php?rest_route=\/wp\/v2\/types\/product"}],"replies":[{"embeddable":true,"href":"https:\/\/trenaferragens.com.br\/index.php?rest_route=%2Fwp%2Fv2%2Fcomments&post=7078"}],"wp:featuredmedia":[{"embeddable":true,"href":"https:\/\/trenaferragens.com.br\/index.php?rest_route=\/wp\/v2\/media\/7079"}],"wp:attachment":[{"href":"https:\/\/trenaferragens.com.br\/index.php?rest_route=%2Fwp%2Fv2%2Fmedia&parent=7078"}],"wp:term":[{"taxonomy":"product_cat","embeddable":true,"href":"https:\/\/trenaferragens.com.br\/index.php?rest_route=%2Fwp%2Fv2%2Fproduct_cat&post=7078"},{"taxonomy":"product_tag","embeddable":true,"href":"https:\/\/trenaferragens.com.br\/index.php?rest_route=%2Fwp%2Fv2%2Fproduct_tag&post=7078"}],"curies":[{"name":"wp","href":"https:\/\/api.w.org\/{rel}","templated":true}]}}