{"id":7080,"date":"2020-03-11T19:17:04","date_gmt":"2020-03-11T19:17:04","guid":{"rendered":"http:\/\/trenaferragens1.hospedagemdesites.ws\/?post_type=product&#038;p=7080"},"modified":"2020-03-11T19:25:32","modified_gmt":"2020-03-11T19:25:32","slug":"tela-tapume-plastica-esp-eco-laranja","status":"publish","type":"product","link":"https:\/\/trenaferragens.com.br\/?product=tela-tapume-plastica-esp-eco-laranja","title":{"rendered":"Tela Tapume Pl\u00e1stica Esp-Eco Laranja"},"content":{"rendered":"<p class=\"itemTitle\">Tela Tapume Pl\u00e1stica Esp-Eco Laranja<\/p>\n<p>ROMA<\/p>\n<p>A ROMA \u2013 Solu\u00e7\u00f5es em Geossint\u00e9ticos, Telas e Filmes Pl\u00e1sticos, faz parte do Grupo D\u2019Amaro, que est\u00e1 presente h\u00e1 quase 50 anos no mercado.<br \/>\nO Grupo \u00e9 formado pela Ind\u00fastria T\u00eaxtil Florence e pela Roma, que foi fundada em 1994, com o objetivo de trazer para o mercado Telas e Filmes Pl\u00e1sticos voltados para os segmentos de Geossint\u00e9ticos, Constru\u00e7\u00e3o Civil, Agroneg\u00f3cios e Industrial.<br \/>\nA ROMA possui sua f\u00e1brica sediada na cidade de Tatu\u00ed, a 130 km de S\u00e3o Paulo, em uma \u00e1rea total de 550.000 m\u00b2, com uma completa e moderna estrutura fabril, distribu\u00edda em 18.000 m\u00b2 de \u00e1rea coberta.<br \/>\nO Setor Comercial e Administrativo est\u00e1 estrategicamente localizado a 20 km do centro de S\u00e3o Paulo, em Alphaville, um dos principais polos empresariais do Pa\u00eds.<\/p>\n","protected":false},"excerpt":{"rendered":"<p>Tela Tapume 2828 Bicolor<\/p>\n<p>CARACTER\u00cdSTICAS:<\/p>\n<p>Tela Tapume<\/p>\n<p>As\u00a0Telas\u00a0 Tapume\u00a0s\u00e3o telas extrudadas e fabricadas com Polipropileno virgem e com alta pigmenta\u00e7\u00e3o que proporciona melhor visualiza\u00e7\u00e3o.<\/p>\n<p>A Tela Touro Square \u00a0Tapume \u00e9 utilizada em obras com \u00e1rea de risco com a fun\u00e7\u00e3o de sinaliza\u00e7\u00e3o e delimita\u00e7\u00e3o de obras, demarca\u00e7\u00e3o de \u00e1reas, eventos esportivos, delimita\u00e7\u00e3o de espa\u00e7os, \u00e1reas de perigo ou com acesso restrito, entre muitas outras finalidades.<\/p>\n<p>Saiba diferenciar e escolher o melhor tipo de tapume para sua obra.<\/p>\n<p>Principais aplica\u00e7\u00f5es da Tela Touro Square Tapume:<\/p>\n<p>Sinaliza\u00e7\u00e3o de constru\u00e7\u00f5es, obras e eventos (a NR 18 prev\u00ea seu uso);<br \/>\nDelimita\u00e7\u00e3o visual de \u00e1reas em geral.<\/p>\n<p>Principais Vantagens:<\/p>\n<p>Facilidade de instala\u00e7\u00e3o;<br \/>\nLeveza;<br \/>\nFlexibilidade;<br \/>\nN\u00e3o oxidam;<br \/>\nAcabamento nas bordas;<br \/>\nPossui \u00f3tima visualiza\u00e7\u00e3o dado a alta concentra\u00e7\u00e3o de pigmento em sua mistura.<\/p>\n<p>Principais Diferenciais:<\/p>\n<p>A Roma possui fabrica\u00e7\u00e3o pr\u00f3pria;<br \/>\n10 vezes mais resistente que as telas importadas;<br \/>\n2 vezes mais resistentes que as telas dos concorrentes;<br \/>\nAlta concentra\u00e7\u00e3o de pigmento em sua mistura;<br \/>\nDurabilidade maior;<br \/>\nRolos compactados que facilitam o transporte e reduz custos de fretes e armazenagem;<br \/>\nMat\u00e9ria prima virgem.<\/p>\n<p>*As especifica\u00e7\u00f5es t\u00e9cnicas est\u00e3o sujeitas a altera\u00e7\u00f5es sem aviso pr\u00e9vio.<\/p>\n<p>Largura:\u00a01,20 m<br \/>\nComprimento:\u00a050 m<br \/>\nCores:\u00a0Laranja<br \/>\nAbertura de Malha:\u00a075x25mm | 75x22mm<\/p>\n","protected":false},"featured_media":7081,"comment_status":"open","ping_status":"closed","template":"","meta":[],"product_cat":[1141],"product_tag":[2832,2838,2840,2414],"_links":{"self":[{"href":"https:\/\/trenaferragens.com.br\/index.php?rest_route=\/wp\/v2\/product\/7080"}],"collection":[{"href":"https:\/\/trenaferragens.com.br\/index.php?rest_route=\/wp\/v2\/product"}],"about":[{"href":"https:\/\/trenaferragens.com.br\/index.php?rest_route=\/wp\/v2\/types\/product"}],"replies":[{"embeddable":true,"href":"https:\/\/trenaferragens.com.br\/index.php?rest_route=%2Fwp%2Fv2%2Fcomments&post=7080"}],"wp:featuredmedia":[{"embeddable":true,"href":"https:\/\/trenaferragens.com.br\/index.php?rest_route=\/wp\/v2\/media\/7081"}],"wp:attachment":[{"href":"https:\/\/trenaferragens.com.br\/index.php?rest_route=%2Fwp%2Fv2%2Fmedia&parent=7080"}],"wp:term":[{"taxonomy":"product_cat","embeddable":true,"href":"https:\/\/trenaferragens.com.br\/index.php?rest_route=%2Fwp%2Fv2%2Fproduct_cat&post=7080"},{"taxonomy":"product_tag","embeddable":true,"href":"https:\/\/trenaferragens.com.br\/index.php?rest_route=%2Fwp%2Fv2%2Fproduct_tag&post=7080"}],"curies":[{"name":"wp","href":"https:\/\/api.w.org\/{rel}","templated":true}]}}