{"id":7086,"date":"2020-03-11T20:04:15","date_gmt":"2020-03-11T20:04:15","guid":{"rendered":"http:\/\/trenaferragens1.hospedagemdesites.ws\/?post_type=product&#038;p=7086"},"modified":"2020-03-11T20:08:23","modified_gmt":"2020-03-11T20:08:23","slug":"lona-4x50mts-transparente-1-rolo","status":"publish","type":"product","link":"https:\/\/trenaferragens.com.br\/?product=lona-4x50mts-transparente-1-rolo","title":{"rendered":"Lona 4x50Mts Transparente (1 Rolo)"},"content":{"rendered":"<p class=\"itemTitle\">Lona 4x50Mts Transparente (1 Rolo)<\/p>\n<p>JOPAK<\/p>\n<p>A Jopak embalagens vem ao mercado brasileiro oferecendo um grande leque de produtos nos seguimentos de embalagens pl\u00e1sticas, lonas, filmes strech e filmes ind\u00fastrias para diversos segmentos.<br \/>\nO setor fabril est\u00e1 localizado em uma \u00e1rea industrial privilegiada, capaz de oferecer o atendimento e a estrutura necess\u00e1rias para atender todos os pedidos.<br \/>\nAl\u00e9m de possuir diferenciais competitivos, somados ao atendimento personalizado, a Jopak preocupa-se com o meio ambiente, por isso, tamb\u00e9m utiliza mat\u00e9ria-prima reciclada em sua produ\u00e7\u00e3o, garantindo assim, a satisfa\u00e7\u00e3o dos clientes e cumprindo seu papel socialmente respons\u00e1vel.<\/p>\n<p>Este compromisso tornou-se um grande diferencial, fortalecendo a marca.<\/p>\n","protected":false},"excerpt":{"rendered":"<p>Lona 4x50Mts Transparente (1 Rolo)<\/p>\n<p>Descri\u00e7\u00e3o:<\/p>\n<p>Lona pl\u00e1stica desenvolvida com mat\u00e9ria prima de PEBD (polietileno de baixa densidade) virgem ou reciclado, formulada com pigmentos de primeira linha nossa lona pl\u00e1stica tem alta resist\u00eancia e \u00f3timo custo benef\u00edcio. A lona pl\u00e1stica \u00e9 produzida em diversos pesos e tamanhos,nas cores preta, amarela, azul, branca e transparente.<\/p>\n","protected":false},"featured_media":7088,"comment_status":"open","ping_status":"closed","template":"","meta":[],"product_cat":[1141],"product_tag":[2843,2844,2845,2846],"_links":{"self":[{"href":"https:\/\/trenaferragens.com.br\/index.php?rest_route=\/wp\/v2\/product\/7086"}],"collection":[{"href":"https:\/\/trenaferragens.com.br\/index.php?rest_route=\/wp\/v2\/product"}],"about":[{"href":"https:\/\/trenaferragens.com.br\/index.php?rest_route=\/wp\/v2\/types\/product"}],"replies":[{"embeddable":true,"href":"https:\/\/trenaferragens.com.br\/index.php?rest_route=%2Fwp%2Fv2%2Fcomments&post=7086"}],"wp:featuredmedia":[{"embeddable":true,"href":"https:\/\/trenaferragens.com.br\/index.php?rest_route=\/wp\/v2\/media\/7088"}],"wp:attachment":[{"href":"https:\/\/trenaferragens.com.br\/index.php?rest_route=%2Fwp%2Fv2%2Fmedia&parent=7086"}],"wp:term":[{"taxonomy":"product_cat","embeddable":true,"href":"https:\/\/trenaferragens.com.br\/index.php?rest_route=%2Fwp%2Fv2%2Fproduct_cat&post=7086"},{"taxonomy":"product_tag","embeddable":true,"href":"https:\/\/trenaferragens.com.br\/index.php?rest_route=%2Fwp%2Fv2%2Fproduct_tag&post=7086"}],"curies":[{"name":"wp","href":"https:\/\/api.w.org\/{rel}","templated":true}]}}