{"id":7116,"date":"2020-04-28T16:06:27","date_gmt":"2020-04-28T16:06:27","guid":{"rendered":"http:\/\/trenaferragens1.hospedagemdesites.ws\/?post_type=product&#038;p=7116"},"modified":"2020-04-28T16:22:40","modified_gmt":"2020-04-28T16:22:40","slug":"jimo-cupim-incolor","status":"publish","type":"product","link":"https:\/\/trenaferragens.com.br\/?product=jimo-cupim-incolor","title":{"rendered":"Jimo Cupim Incolor"},"content":{"rendered":"<p class=\"itemTitle\">Jimo Cupim Incolor<\/p>\n<p>JIMO<\/p>\n<p>A transfer\u00eancia total da f\u00e1brica ocorreu em 1985, e, em 1998, a terceira gera\u00e7\u00e3o da fam\u00edlia chegava para ficar, iniciando sua trajet\u00f3ria na empresa \u201cfeita para durar\u201d, lema seguido pela JIMO. Possui instala\u00e7\u00f5es industriais e laborat\u00f3rios de ponta, com pessoal treinado e qualificado para suas atividades.\u00a0A ind\u00fastria firmou sua presen\u00e7a no mercado e solidificou o conceito que identifica sua marca: \u201cQualidade Comprovada\u201d.\u00a0\u00c9 reconhecida por ser inovadora e possuir o maior n\u00famero de solu\u00e7\u00f5es em inseticidas dom\u00e9sticos no mercado brasileiro. Foi a primeira empresa brasileira a patentear um produto natural no mercado de conserva\u00e7\u00e3o de madeira, o JIMO Ecomofo.\u00a0\u00c9 refer\u00eancia de categoria e l\u00edder de mercado em alguns segmentos em que atua, como na preserva\u00e7\u00e3o de madeira com o JIMO Cupim.<\/p>\n<p>A JIMO valoriza seu maior patrim\u00f4nio, que s\u00e3o seus colaboradores, e est\u00e1 presente em milhares de pontos de venda em todo pa\u00eds, bem como na exporta\u00e7\u00e3o para diversos pa\u00edses da Am\u00e9rica Latina. Atua tamb\u00e9m no Private Label (marca pr\u00f3pria), com opera\u00e7\u00f5es comerciais de\u00a0full service\u00a0ou industrializa\u00e7\u00e3o para clientes no Brasil e na Am\u00e9rica Latina.\u00a0A marca JIMO, o cliente, o DNA na qu\u00edmica, o amor pela empresa e a vontade de empreender sempre motivaram seus diretores a seguir os preceitos de uma gest\u00e3o respons\u00e1vel, olhando para frente e buscando nichos e oportunidades de mercado com produtos inovadores e com uma real qualidade percebida pelo consumidor.<\/p>\n","protected":false},"excerpt":{"rendered":"<p>Fornecido em latas de 18 L, 5 L, 900 ml e 500 ml nas vers\u00f5es Incolor e Marrom Escuro.<\/p>\n<p>JIMO CUPIM INCOLOR \u00e9 um produto fornecido pronto para o uso, de cor castanho claro.<\/p>\n<p>JIMO CUPIM MARROM ESCURO \u00e9 um produto fornecido pronto para uso (agite antes de usar), e sua aplica\u00e7\u00e3o proporciona um acabamento escuro, r\u00fastico decorativo e transparente, real\u00e7ando os veios naturais da madeira. Tem larga utiliza\u00e7\u00e3o na zona rural, sendo aplicado no tratamento preventivo ou curativo de moir\u00f5es, cercas, estacas, galp\u00f5es, etc. Como elemento decorativo, JIMO CUPIM MARROM ESCURO confere rusticidade aos ambientes quando aplicado em m\u00f3veis, pain\u00e9is de madeira, objetos de arte, forros, barrotes, lajotas, tijolos expostos, etc. Em locais de grande incid\u00eancia de raios solares, sua cor tende a desmerecer, fazendo-se necess\u00e1ria nova aplica\u00e7\u00e3o. A madeira, entretanto, permanece imunizada. Esta reaplica\u00e7\u00e3o, meramente decorativa, pode ser feita sem lixa\u00e7\u00e3o da madeira.<\/p>\n<p>Como o produto apresenta colora\u00e7\u00e3o escura, recomenda-se proteger as \u00e1reas adjacentes para evitar poss\u00edveis manchas por respingos.<\/p>\n<p>Caso deseje uma cor mais clara, dilua JIMO CUPIM MARROM ESCURO com JIMO CUPIM INCOLOR. N\u00e3o use outro tipo de solvente, sob pena de alterar as caracter\u00edsticas do produto.<\/p>\n","protected":false},"featured_media":7117,"comment_status":"open","ping_status":"closed","template":"","meta":[],"product_cat":[1855],"product_tag":[2864,2862,2863],"_links":{"self":[{"href":"https:\/\/trenaferragens.com.br\/index.php?rest_route=\/wp\/v2\/product\/7116"}],"collection":[{"href":"https:\/\/trenaferragens.com.br\/index.php?rest_route=\/wp\/v2\/product"}],"about":[{"href":"https:\/\/trenaferragens.com.br\/index.php?rest_route=\/wp\/v2\/types\/product"}],"replies":[{"embeddable":true,"href":"https:\/\/trenaferragens.com.br\/index.php?rest_route=%2Fwp%2Fv2%2Fcomments&post=7116"}],"wp:featuredmedia":[{"embeddable":true,"href":"https:\/\/trenaferragens.com.br\/index.php?rest_route=\/wp\/v2\/media\/7117"}],"wp:attachment":[{"href":"https:\/\/trenaferragens.com.br\/index.php?rest_route=%2Fwp%2Fv2%2Fmedia&parent=7116"}],"wp:term":[{"taxonomy":"product_cat","embeddable":true,"href":"https:\/\/trenaferragens.com.br\/index.php?rest_route=%2Fwp%2Fv2%2Fproduct_cat&post=7116"},{"taxonomy":"product_tag","embeddable":true,"href":"https:\/\/trenaferragens.com.br\/index.php?rest_route=%2Fwp%2Fv2%2Fproduct_tag&post=7116"}],"curies":[{"name":"wp","href":"https:\/\/api.w.org\/{rel}","templated":true}]}}