{"id":7118,"date":"2020-04-28T16:11:40","date_gmt":"2020-04-28T16:11:40","guid":{"rendered":"http:\/\/trenaferragens1.hospedagemdesites.ws\/?post_type=product&#038;p=7118"},"modified":"2022-12-21T00:16:50","modified_gmt":"2022-12-21T00:16:50","slug":"alcool-gel-antisseptico-70-eucatex-protect","status":"publish","type":"product","link":"https:\/\/trenaferragens.com.br\/?product=alcool-gel-antisseptico-70-eucatex-protect","title":{"rendered":"\u00c1lcool Gel Antiss\u00e9ptico 70% &#8211; Eucatex Protect"},"content":{"rendered":"<p class=\"itemTitle\">\u00c1lcool Gel Antiss\u00e9ptico 70% &#8211; Eucatex Protect<\/p>\n<p>TINTAS EUCATEX<\/p>\n<p>Com uma hist\u00f3ria que ultrapassa seis d\u00e9cadas, a Eucatex exibe a maturidade de um grupo que soube ajustar as suas linhas de produtos e responder \u00e0s novas exig\u00eancias do consumidor brasileiro, tanto no seu jeito de morar como nas diferentes maneiras de pensar o ambiente de trabalho.<\/p>\n<p>O Grupo se mant\u00e9m como um dos maiores produtores de pisos, divis\u00f3rias, portas, pain\u00e9is MDP e MDF, chapas de fibras de madeira e tintas e vernizes do Brasil. Com mais de dois mil funcion\u00e1rios, exporta para 40 pa\u00edses e possui seis modernas f\u00e1bricas, localizadas em Botucatu e Salto, cidades do interior do Estado de S\u00e3o Paulo, e Cabo de Santo Agostinho, no estado de Pernambuco.<\/p>\n","protected":false},"excerpt":{"rendered":"<p>\u00c1lcool Gel Antiss\u00e9ptico 70% &#8211; Eucatex Protect<\/p>\n<p>\u00c9 um produto desenvolvido para higieniza\u00e7\u00e3o e limpeza de m\u00e3os e superf\u00edcies. Seu uso n\u00e3o resseca a pele e deixa uma sensa\u00e7\u00e3o de limpeza e toque aveludado.<\/p>\n<p>DISPON\u00cdVEL NAS OP\u00c7\u00d5ES:<\/p>\n<p>420gr\/500ml e 4.2kg\/5Lt<\/p>\n<p>COMPOSI\u00c7\u00c3O:<\/p>\n<p>\u00c2lcool, \u00c1gua , \u00e1lcool isopripAico, propilenog licol, aminometilpro panol, metaparabeno, propilparabeno, hexil cinnama1, carb\u00f5mero.<\/p>\n<p>INSTRU\u00c7\u00d5ES DE USO<br \/>\nIndicado para higieniza\u00e7\u00e3o de m\u00e3os, aplicar uma pequena quantidade nas m\u00e3os secas, e espalhar at\u00e9 a total absor\u00e7\u00e3o.<br \/>\nPode ser tamb\u00e9m utilizado para higieniza\u00e7\u00e3o de superf\u00edcies, aplicando o produto sobre a \u00e1rea com aux\u00edlio de um pano limpo e seco.<\/p>\n","protected":false},"featured_media":7119,"comment_status":"open","ping_status":"closed","template":"","meta":[],"product_cat":[1148,1855,1143],"product_tag":[2867,2868,2865,2866],"_links":{"self":[{"href":"https:\/\/trenaferragens.com.br\/index.php?rest_route=\/wp\/v2\/product\/7118"}],"collection":[{"href":"https:\/\/trenaferragens.com.br\/index.php?rest_route=\/wp\/v2\/product"}],"about":[{"href":"https:\/\/trenaferragens.com.br\/index.php?rest_route=\/wp\/v2\/types\/product"}],"replies":[{"embeddable":true,"href":"https:\/\/trenaferragens.com.br\/index.php?rest_route=%2Fwp%2Fv2%2Fcomments&post=7118"}],"wp:featuredmedia":[{"embeddable":true,"href":"https:\/\/trenaferragens.com.br\/index.php?rest_route=\/wp\/v2\/media\/7119"}],"wp:attachment":[{"href":"https:\/\/trenaferragens.com.br\/index.php?rest_route=%2Fwp%2Fv2%2Fmedia&parent=7118"}],"wp:term":[{"taxonomy":"product_cat","embeddable":true,"href":"https:\/\/trenaferragens.com.br\/index.php?rest_route=%2Fwp%2Fv2%2Fproduct_cat&post=7118"},{"taxonomy":"product_tag","embeddable":true,"href":"https:\/\/trenaferragens.com.br\/index.php?rest_route=%2Fwp%2Fv2%2Fproduct_tag&post=7118"}],"curies":[{"name":"wp","href":"https:\/\/api.w.org\/{rel}","templated":true}]}}