{"id":7126,"date":"2020-04-28T16:23:17","date_gmt":"2020-04-28T16:23:17","guid":{"rendered":"http:\/\/trenaferragens1.hospedagemdesites.ws\/?post_type=product&#038;p=7126"},"modified":"2020-04-28T16:31:11","modified_gmt":"2020-04-28T16:31:11","slug":"mascara-de-tecido-lavavel-branca","status":"publish","type":"product","link":"https:\/\/trenaferragens.com.br\/?product=mascara-de-tecido-lavavel-branca","title":{"rendered":"M\u00e1scara de Tecido Lav\u00e1vel Branca"},"content":{"rendered":"<p class=\"itemTitle\">M\u00e1scara de Tecido Lav\u00e1vel Branca<\/p>\n","protected":false},"excerpt":{"rendered":"<p>M\u00e1scara de Tecido Lav\u00e1vel Branca<\/p>\n<p>Previne a contamina\u00e7\u00e3o do ambiente pelo usu\u00e1rio.<\/p>\n<p>Lavar antes de usar;<br \/>\nLavar ap\u00f3s 3 horas de uso;<br \/>\nPermite ajuste facial cobrindo nariz e boca adequadamente.<\/p>\n","protected":false},"featured_media":7127,"comment_status":"open","ping_status":"closed","template":"","meta":[],"product_cat":[1148,1143],"product_tag":[2871,2869,2870],"_links":{"self":[{"href":"https:\/\/trenaferragens.com.br\/index.php?rest_route=\/wp\/v2\/product\/7126"}],"collection":[{"href":"https:\/\/trenaferragens.com.br\/index.php?rest_route=\/wp\/v2\/product"}],"about":[{"href":"https:\/\/trenaferragens.com.br\/index.php?rest_route=\/wp\/v2\/types\/product"}],"replies":[{"embeddable":true,"href":"https:\/\/trenaferragens.com.br\/index.php?rest_route=%2Fwp%2Fv2%2Fcomments&post=7126"}],"wp:featuredmedia":[{"embeddable":true,"href":"https:\/\/trenaferragens.com.br\/index.php?rest_route=\/wp\/v2\/media\/7127"}],"wp:attachment":[{"href":"https:\/\/trenaferragens.com.br\/index.php?rest_route=%2Fwp%2Fv2%2Fmedia&parent=7126"}],"wp:term":[{"taxonomy":"product_cat","embeddable":true,"href":"https:\/\/trenaferragens.com.br\/index.php?rest_route=%2Fwp%2Fv2%2Fproduct_cat&post=7126"},{"taxonomy":"product_tag","embeddable":true,"href":"https:\/\/trenaferragens.com.br\/index.php?rest_route=%2Fwp%2Fv2%2Fproduct_tag&post=7126"}],"curies":[{"name":"wp","href":"https:\/\/api.w.org\/{rel}","templated":true}]}}