{"id":7175,"date":"2020-06-25T20:08:17","date_gmt":"2020-06-25T20:08:17","guid":{"rendered":"http:\/\/trenaferragens1.hospedagemdesites.ws\/?post_type=product&#038;p=7175"},"modified":"2020-06-25T20:20:17","modified_gmt":"2020-06-25T20:20:17","slug":"rejunte-flexivel-quartzolit-1kg","status":"publish","type":"product","link":"https:\/\/trenaferragens.com.br\/?product=rejunte-flexivel-quartzolit-1kg","title":{"rendered":"Rejunte Flex\u00edvel Quartzolit 1Kg"},"content":{"rendered":"<p>Rejunte Flex\u00edvel Quartzolit 1Kg<\/p>\n<p>QUARTZOLIT<\/p>\n<p>A\u00a0Weber\u00a0iniciou suas atividades na Fran\u00e7a em\u00a01904\u00a0e, atualmente, esta presente por toda a Europa, \u00c1sia e Am\u00e9rica do Sul. Foi incorporada ao\u00a0Grupo Saint-Gobain\u00a0em julho de 1996, emprega 9.500 pessoas e atua em 46\u00a0pa\u00edses.<br \/>\nO\u00a0Grupo Saint-Gobain\u00a0surgiu na Fran\u00e7a em\u00a01665. \u00c9 um dos maiores grupos industriais do mundo no mercado da constru\u00e7\u00e3o. Ele emprega 195.000 pessoas e atua em 64\u00a0pa\u00edses. Seu\u00a0faturamento, em 2013, foi\u00a0de 43,2 bilh\u00f5es de Euros.<\/p>\n","protected":false},"excerpt":{"rendered":"<p>Rejunte Flex\u00edvel Quartzolit 1Kg<\/p>\n<p>Rejunte ciment\u00edcio colorido, aditivado, flex\u00edvel e de acabamento liso.<br \/>\nF\u00e1cil de misturar e de aplicar, dispon\u00edvel em 14 cores.<\/p>\n<p>Tipo II conforme NBR 14.992<br \/>\nSuporteParede Interna, Piso, Fachada, Rodap\u00e9, Teto, Laje e Telhado, Revestimento antigoEmbalagem<\/p>\n<p>Saco pl\u00e1stico com 1 kg | Saco pl\u00e1stico com 5 kg<\/p>\n<p>Cores<\/p>\n<p>Branco, Bege, Palha, Preto Grafitte, Caramelo, Cinza Outono, Cinza Platina e Marrom Caf\u00e9.<\/p>\n","protected":false},"featured_media":7176,"comment_status":"open","ping_status":"closed","template":"","meta":[],"product_cat":[1116],"product_tag":[2027,2892,2893],"_links":{"self":[{"href":"https:\/\/trenaferragens.com.br\/index.php?rest_route=\/wp\/v2\/product\/7175"}],"collection":[{"href":"https:\/\/trenaferragens.com.br\/index.php?rest_route=\/wp\/v2\/product"}],"about":[{"href":"https:\/\/trenaferragens.com.br\/index.php?rest_route=\/wp\/v2\/types\/product"}],"replies":[{"embeddable":true,"href":"https:\/\/trenaferragens.com.br\/index.php?rest_route=%2Fwp%2Fv2%2Fcomments&post=7175"}],"wp:featuredmedia":[{"embeddable":true,"href":"https:\/\/trenaferragens.com.br\/index.php?rest_route=\/wp\/v2\/media\/7176"}],"wp:attachment":[{"href":"https:\/\/trenaferragens.com.br\/index.php?rest_route=%2Fwp%2Fv2%2Fmedia&parent=7175"}],"wp:term":[{"taxonomy":"product_cat","embeddable":true,"href":"https:\/\/trenaferragens.com.br\/index.php?rest_route=%2Fwp%2Fv2%2Fproduct_cat&post=7175"},{"taxonomy":"product_tag","embeddable":true,"href":"https:\/\/trenaferragens.com.br\/index.php?rest_route=%2Fwp%2Fv2%2Fproduct_tag&post=7175"}],"curies":[{"name":"wp","href":"https:\/\/api.w.org\/{rel}","templated":true}]}}