{"id":7181,"date":"2020-06-25T20:35:26","date_gmt":"2020-06-25T20:35:26","guid":{"rendered":"http:\/\/trenaferragens1.hospedagemdesites.ws\/?post_type=product&#038;p=7181"},"modified":"2020-06-25T20:40:16","modified_gmt":"2020-06-25T20:40:16","slug":"barramento-pente-trifasico-3x4-weg","status":"publish","type":"product","link":"https:\/\/trenaferragens.com.br\/?product=barramento-pente-trifasico-3x4-weg","title":{"rendered":"Barramento Pente Trif\u00e1sico 3&#215;4 WEG"},"content":{"rendered":"<p>WEG<\/p>\n<p>Ousadia, entusiasmo e comprometimento s\u00e3o caracter\u00edsticas comuns aos tr\u00eas homens que decidiram unir experi\u00eancias em busca de conquistas. Werner Ricardo Voigt, Eggon Jo\u00e3o da Silva e Geraldo Werninghaus compartilharam um sonho que, com muita paix\u00e3o e trabalho, se tornou realidade.<\/p>\n","protected":false},"excerpt":{"rendered":"<p>Barramento Pente Trif\u00e1sico 3&#215;4 WEG<\/p>\n<p>Resumo das caracter\u00edsticas t\u00e9cnicas<br \/>\nAplica\u00e7\u00e3o\tMinidisjuntor MDW<br \/>\nN\u00famero polos\tTrif\u00e1sica<br \/>\nTens\u00e3o de isola\u00e7\u00e3o\t690 V &#8211; 50\/60 Hz<br \/>\nCor\tCinza<\/p>\n","protected":false},"featured_media":7182,"comment_status":"open","ping_status":"closed","template":"","meta":[],"product_cat":[194],"product_tag":[2899,2895,2897,2894],"_links":{"self":[{"href":"https:\/\/trenaferragens.com.br\/index.php?rest_route=\/wp\/v2\/product\/7181"}],"collection":[{"href":"https:\/\/trenaferragens.com.br\/index.php?rest_route=\/wp\/v2\/product"}],"about":[{"href":"https:\/\/trenaferragens.com.br\/index.php?rest_route=\/wp\/v2\/types\/product"}],"replies":[{"embeddable":true,"href":"https:\/\/trenaferragens.com.br\/index.php?rest_route=%2Fwp%2Fv2%2Fcomments&post=7181"}],"wp:featuredmedia":[{"embeddable":true,"href":"https:\/\/trenaferragens.com.br\/index.php?rest_route=\/wp\/v2\/media\/7182"}],"wp:attachment":[{"href":"https:\/\/trenaferragens.com.br\/index.php?rest_route=%2Fwp%2Fv2%2Fmedia&parent=7181"}],"wp:term":[{"taxonomy":"product_cat","embeddable":true,"href":"https:\/\/trenaferragens.com.br\/index.php?rest_route=%2Fwp%2Fv2%2Fproduct_cat&post=7181"},{"taxonomy":"product_tag","embeddable":true,"href":"https:\/\/trenaferragens.com.br\/index.php?rest_route=%2Fwp%2Fv2%2Fproduct_tag&post=7181"}],"curies":[{"name":"wp","href":"https:\/\/api.w.org\/{rel}","templated":true}]}}