{"id":7193,"date":"2020-06-26T14:52:43","date_gmt":"2020-06-26T14:52:43","guid":{"rendered":"http:\/\/trenaferragens1.hospedagemdesites.ws\/?post_type=product&#038;p=7193"},"modified":"2020-06-26T14:53:46","modified_gmt":"2020-06-26T14:53:46","slug":"plugue-industrial-piwd-4p-32a-weg","status":"publish","type":"product","link":"https:\/\/trenaferragens.com.br\/?product=plugue-industrial-piwd-4p-32a-weg","title":{"rendered":"Plugue Industrial PIWD 4P 32A WEG"},"content":{"rendered":"<p>WEG<\/p>\n<p>Ousadia, entusiasmo e comprometimento s\u00e3o caracter\u00edsticas comuns aos tr\u00eas homens que decidiram unir experi\u00eancias em busca de conquistas. Werner Ricardo Voigt, Eggon Jo\u00e3o da Silva e Geraldo Werninghaus compartilharam um sonho que, com muita paix\u00e3o e trabalho, se tornou realidade.<\/p>\n","protected":false},"excerpt":{"rendered":"<p>Plugue Industrial PIWD 4P 32A WEG<\/p>\n<p>A linha de Plugues e Tomadas Industriais WEG conta com uma gama completa de produtos que atendem os mais diversos ambientes e aplica\u00e7\u00f5es, tanto para a ind\u00fastria quanto para instala\u00e7\u00f5es comerciais de acordo com as especifica\u00e7\u00f5es de conformidade da norma IEC 60309.<\/p>\n<p>Resumo das caracter\u00edsticas t\u00e9cnicas<br \/>\nTipo\tPlugue Industrial<br \/>\nCorrente nominal\t32 A<br \/>\nN\u00famero de polos\t4 Polos<br \/>\nPosi\u00e7\u00e3o do pino terra\t9h<br \/>\nTens\u00e3o nominal\t200-250 Vca\/cc<\/p>\n","protected":false},"featured_media":7192,"comment_status":"open","ping_status":"closed","template":"","meta":[],"product_cat":[194,1059],"product_tag":[2905,2903,2904,2894],"_links":{"self":[{"href":"https:\/\/trenaferragens.com.br\/index.php?rest_route=\/wp\/v2\/product\/7193"}],"collection":[{"href":"https:\/\/trenaferragens.com.br\/index.php?rest_route=\/wp\/v2\/product"}],"about":[{"href":"https:\/\/trenaferragens.com.br\/index.php?rest_route=\/wp\/v2\/types\/product"}],"replies":[{"embeddable":true,"href":"https:\/\/trenaferragens.com.br\/index.php?rest_route=%2Fwp%2Fv2%2Fcomments&post=7193"}],"wp:featuredmedia":[{"embeddable":true,"href":"https:\/\/trenaferragens.com.br\/index.php?rest_route=\/wp\/v2\/media\/7192"}],"wp:attachment":[{"href":"https:\/\/trenaferragens.com.br\/index.php?rest_route=%2Fwp%2Fv2%2Fmedia&parent=7193"}],"wp:term":[{"taxonomy":"product_cat","embeddable":true,"href":"https:\/\/trenaferragens.com.br\/index.php?rest_route=%2Fwp%2Fv2%2Fproduct_cat&post=7193"},{"taxonomy":"product_tag","embeddable":true,"href":"https:\/\/trenaferragens.com.br\/index.php?rest_route=%2Fwp%2Fv2%2Fproduct_tag&post=7193"}],"curies":[{"name":"wp","href":"https:\/\/api.w.org\/{rel}","templated":true}]}}