{"id":7199,"date":"2020-06-26T16:18:19","date_gmt":"2020-06-26T16:18:19","guid":{"rendered":"http:\/\/trenaferragens1.hospedagemdesites.ws\/?post_type=product&#038;p=7199"},"modified":"2022-11-13T12:44:51","modified_gmt":"2022-11-13T12:44:51","slug":"tomada-industrial-sobrepor-tsw-32a-4p-weg","status":"publish","type":"product","link":"https:\/\/trenaferragens.com.br\/?product=tomada-industrial-sobrepor-tsw-32a-4p-weg","title":{"rendered":"Tomada Industrial Sobrepor TSW 32A 4P WEG"},"content":{"rendered":"<p>WEG<\/p>\n<p>Ousadia, entusiasmo e comprometimento s\u00e3o caracter\u00edsticas comuns aos tr\u00eas homens que decidiram unir experi\u00eancias em busca de conquistas. Werner Ricardo Voigt, Eggon Jo\u00e3o da Silva e Geraldo Werninghaus compartilharam um sonho que, com muita paix\u00e3o e trabalho, se tornou realidade.<\/p>\n","protected":false},"excerpt":{"rendered":"<p>Tomada Industrial Sobrepor TSW 32A 4P WEG<\/p>\n<p>A linha de Plugues e Tomadas Industriais WEG conta com uma gama completa de produtos que atendem os mais diversos ambientes e aplica\u00e7\u00f5es, tanto para a ind\u00fastria quanto para instala\u00e7\u00f5es comerciais de acordo com as especifica\u00e7\u00f5es de conformidade da norma IEC 60309.<br \/>\nResumo das caracter\u00edsticas t\u00e9cnicas<br \/>\nTipo\tTomada Industrial de Sobrepor<br \/>\nCorrente nominal\t32 A<br \/>\nN\u00famero de polos\t4 Polos<br \/>\nPosi\u00e7\u00e3o do pino terra\t9h<br \/>\nTens\u00e3o nominal\t200-250 Vca\/cc<\/p>\n","protected":false},"featured_media":7198,"comment_status":"open","ping_status":"closed","template":"","meta":[],"product_cat":[194,1058],"product_tag":[2906,2907,2908,2894],"_links":{"self":[{"href":"https:\/\/trenaferragens.com.br\/index.php?rest_route=\/wp\/v2\/product\/7199"}],"collection":[{"href":"https:\/\/trenaferragens.com.br\/index.php?rest_route=\/wp\/v2\/product"}],"about":[{"href":"https:\/\/trenaferragens.com.br\/index.php?rest_route=\/wp\/v2\/types\/product"}],"replies":[{"embeddable":true,"href":"https:\/\/trenaferragens.com.br\/index.php?rest_route=%2Fwp%2Fv2%2Fcomments&post=7199"}],"wp:featuredmedia":[{"embeddable":true,"href":"https:\/\/trenaferragens.com.br\/index.php?rest_route=\/wp\/v2\/media\/7198"}],"wp:attachment":[{"href":"https:\/\/trenaferragens.com.br\/index.php?rest_route=%2Fwp%2Fv2%2Fmedia&parent=7199"}],"wp:term":[{"taxonomy":"product_cat","embeddable":true,"href":"https:\/\/trenaferragens.com.br\/index.php?rest_route=%2Fwp%2Fv2%2Fproduct_cat&post=7199"},{"taxonomy":"product_tag","embeddable":true,"href":"https:\/\/trenaferragens.com.br\/index.php?rest_route=%2Fwp%2Fv2%2Fproduct_tag&post=7199"}],"curies":[{"name":"wp","href":"https:\/\/api.w.org\/{rel}","templated":true}]}}