{"id":7291,"date":"2020-08-25T20:50:36","date_gmt":"2020-08-25T20:50:36","guid":{"rendered":"https:\/\/trenaferragens.com.br\/?post_type=product&#038;p=7291"},"modified":"2020-08-25T20:52:32","modified_gmt":"2020-08-25T20:52:32","slug":"disjuntor-bipolar-mdw-dim-curva-c-weg","status":"publish","type":"product","link":"https:\/\/trenaferragens.com.br\/?product=disjuntor-bipolar-mdw-dim-curva-c-weg","title":{"rendered":"Disjuntor Bipolar MDW DIM Curva C WEG"},"content":{"rendered":"<p>WEG<\/p>\n<p>Ousadia, entusiasmo e comprometimento s\u00e3o caracter\u00edsticas comuns aos tr\u00eas homens que decidiram unir experi\u00eancias em busca de conquistas. Werner Ricardo Voigt, Eggon Jo\u00e3o da Silva e Geraldo Werninghaus compartilharam um sonho que, com muita paix\u00e3o e trabalho, se tornou realidade.<\/p>\n","protected":false},"excerpt":{"rendered":"<p>Disjuntor Bipolar MDW DIM Curva C WEG<\/p>\n<p>Desenvolvidos para prote\u00e7\u00e3o de instala\u00e7\u00f5es el\u00e9tricas contra sobrecarga e curto-circuito. Possui correntes de 2 a 125 A (MDW) e 6 a 125 A (MDWH) e se encontram nas vers\u00f5es monopolar, bipolar, tripolar ou tetrapolar.<\/p>\n<p>Resumo das caracter\u00edsticas t\u00e9cnicas<\/p>\n<p>N\u00famero de Polos: 2<\/p>\n<p>Curva de disparo: C<\/p>\n<p>Modelos: 10A, 16A, 20A, 25A, 32A, 40A, 50A, 63A.<\/p>\n","protected":false},"featured_media":7292,"comment_status":"open","ping_status":"closed","template":"","meta":[],"product_cat":[195,194],"product_tag":[2947,2945,2946,2894],"_links":{"self":[{"href":"https:\/\/trenaferragens.com.br\/index.php?rest_route=\/wp\/v2\/product\/7291"}],"collection":[{"href":"https:\/\/trenaferragens.com.br\/index.php?rest_route=\/wp\/v2\/product"}],"about":[{"href":"https:\/\/trenaferragens.com.br\/index.php?rest_route=\/wp\/v2\/types\/product"}],"replies":[{"embeddable":true,"href":"https:\/\/trenaferragens.com.br\/index.php?rest_route=%2Fwp%2Fv2%2Fcomments&post=7291"}],"wp:featuredmedia":[{"embeddable":true,"href":"https:\/\/trenaferragens.com.br\/index.php?rest_route=\/wp\/v2\/media\/7292"}],"wp:attachment":[{"href":"https:\/\/trenaferragens.com.br\/index.php?rest_route=%2Fwp%2Fv2%2Fmedia&parent=7291"}],"wp:term":[{"taxonomy":"product_cat","embeddable":true,"href":"https:\/\/trenaferragens.com.br\/index.php?rest_route=%2Fwp%2Fv2%2Fproduct_cat&post=7291"},{"taxonomy":"product_tag","embeddable":true,"href":"https:\/\/trenaferragens.com.br\/index.php?rest_route=%2Fwp%2Fv2%2Fproduct_tag&post=7291"}],"curies":[{"name":"wp","href":"https:\/\/api.w.org\/{rel}","templated":true}]}}