{"id":7297,"date":"2020-08-25T20:57:37","date_gmt":"2020-08-25T20:57:37","guid":{"rendered":"https:\/\/trenaferragens.com.br\/?post_type=product&#038;p=7297"},"modified":"2020-08-25T20:58:53","modified_gmt":"2020-08-25T20:58:53","slug":"disjuntor-tripolar-dwp-35ka-caixa-moldada-weg","status":"publish","type":"product","link":"https:\/\/trenaferragens.com.br\/?product=disjuntor-tripolar-dwp-35ka-caixa-moldada-weg","title":{"rendered":"Disjuntor Tripolar DWP 35KA (Caixa Moldada) WEG"},"content":{"rendered":"<p>WEG<\/p>\n<p>Ousadia, entusiasmo e comprometimento s\u00e3o caracter\u00edsticas comuns aos tr\u00eas homens que decidiram unir experi\u00eancias em busca de conquistas. Werner Ricardo Voigt, Eggon Jo\u00e3o da Silva e Geraldo Werninghaus compartilharam um sonho que, com muita paix\u00e3o e trabalho, se tornou realidade.<\/p>\n","protected":false},"excerpt":{"rendered":"<p>Disjuntor Tripolar DWP 35KA (Caixa Moldada) WEG<\/p>\n<p>O disjuntor em caixa moldada DWP protege contra curto-circuito e sobrecarga dos circuitos de distribui\u00e7\u00e3o de baixa tens\u00e3o de 16 a 800 A.<\/p>\n<p>Resumo das caracter\u00edsticas t\u00e9cnicas<\/p>\n<p>N\u00famero de polos: 3<\/p>\n<p>Capacidade de interrup\u00e7\u00e3o: 35KA (400 VCA)<\/p>\n<p>Modelos: 300A<\/p>\n","protected":false},"featured_media":7298,"comment_status":"open","ping_status":"closed","template":"","meta":[],"product_cat":[195,194],"product_tag":[2949,2948,2945,2894],"_links":{"self":[{"href":"https:\/\/trenaferragens.com.br\/index.php?rest_route=\/wp\/v2\/product\/7297"}],"collection":[{"href":"https:\/\/trenaferragens.com.br\/index.php?rest_route=\/wp\/v2\/product"}],"about":[{"href":"https:\/\/trenaferragens.com.br\/index.php?rest_route=\/wp\/v2\/types\/product"}],"replies":[{"embeddable":true,"href":"https:\/\/trenaferragens.com.br\/index.php?rest_route=%2Fwp%2Fv2%2Fcomments&post=7297"}],"wp:featuredmedia":[{"embeddable":true,"href":"https:\/\/trenaferragens.com.br\/index.php?rest_route=\/wp\/v2\/media\/7298"}],"wp:attachment":[{"href":"https:\/\/trenaferragens.com.br\/index.php?rest_route=%2Fwp%2Fv2%2Fmedia&parent=7297"}],"wp:term":[{"taxonomy":"product_cat","embeddable":true,"href":"https:\/\/trenaferragens.com.br\/index.php?rest_route=%2Fwp%2Fv2%2Fproduct_cat&post=7297"},{"taxonomy":"product_tag","embeddable":true,"href":"https:\/\/trenaferragens.com.br\/index.php?rest_route=%2Fwp%2Fv2%2Fproduct_tag&post=7297"}],"curies":[{"name":"wp","href":"https:\/\/api.w.org\/{rel}","templated":true}]}}