{"id":7307,"date":"2020-08-27T20:41:04","date_gmt":"2020-08-27T20:41:04","guid":{"rendered":"https:\/\/trenaferragens.com.br\/?post_type=product&#038;p=7307"},"modified":"2020-08-27T20:41:55","modified_gmt":"2020-08-27T20:41:55","slug":"caixa-de-ferramentas-tatica-cinza-183-44x23x18cm-metasul","status":"publish","type":"product","link":"https:\/\/trenaferragens.com.br\/?product=caixa-de-ferramentas-tatica-cinza-183-44x23x18cm-metasul","title":{"rendered":"Caixa de Ferramentas T\u00e1tica Cinza 18,3&#8243; (44x23x18cm) Metasul"},"content":{"rendered":"<p>Masseira &#8211; Metasul<\/p>\n<p>METASUL<\/p>\n<p>&#8220;Construir com qualidade&#8221; sempre foi o forte da Metasul e foi com essa filosofia que, em 1992 em Bra\u00e7o do Norte, Santa Catarina, iniciou-se sua hist\u00f3ria<\/p>\n<p>No come\u00e7o, a empresa produzia apenas baldes de a\u00e7o para concreto. J\u00e1 em 1996, atenta \u00e0s necessidades do mercado, passou a fabricar tamb\u00e9m produtos \u00e0 base de pl\u00e1stico. Com um significativo aumento da produ\u00e7\u00e3o, a Metasul ampliou suas instala\u00e7\u00f5es e investiu em modernos equipamentos na busca de novos produtos, com tra\u00e7os modernos e inovadores, passando a ser refer\u00eancia de qualidade e inova\u00e7\u00e3o.<\/p>\n<p>A ampla linha de produtos com a assinatura Metasul, esta em toda parte, seja em lojas de materiais para constru\u00e7\u00e3o, agropecu\u00e1rias, home centers, supermercados e no dia-a-dia de milh\u00f5es de pessoas. Hoje s\u00e3o mais de 300 itens que comp\u00f5em a Linha Banheiro, Hidr\u00e1ulica, Concreto, Ferramentas, El\u00e9trica, Jardinagem, Pintura e Acess\u00f3rios.<\/p>\n<p>Toda a qualidade Metasul que \u00e9 reconhecida ao ser prefer\u00eancia na hora de construir ou reformar s\u00f3 \u00e9 poss\u00edvel com seu moderno complexo industrial e o trabalho altamente capacitado de seus profissionais.<\/p>\n<p>A Metasul entende que o cliente \u00e9 parte fundamental para sua exist\u00eancia, e pensando nisso constituiu uma equipe de vendas capacitada que garante um atendimento personalizado e diferenciado, com respeito e comprometimento com seus clientes.<\/p>\n<p>A cada dia que passa a marca Metasul se fortalece garantindo seu espa\u00e7o no mercado com clientes satisfeitos, credibilidade e competitividade de uma empresa brasileira s\u00f3lida e completa, que h\u00e1 20 anos vem evoluindo e construindo um nome conceituado conquistando a confian\u00e7a dos consumidores mais exigentes.<\/p>\n<p><b>Metasul, Na sua Obra, Na sua Casa!<\/b><\/p>\n","protected":false},"excerpt":{"rendered":"<p>Caixa de Ferramentas 18,3&#8243; (44x23x18cm) Metasul<\/p>\n<p>DETALHES DO PRODUTO<\/p>\n<p>Descri\u00e7\u00e3o: Produzido em polipropileno.<\/p>\n<p>Dimens\u00f5es: 44x23x18cm<\/p>\n<p>Embalagem: 03 unidades<\/p>\n","protected":false},"featured_media":7308,"comment_status":"open","ping_status":"closed","template":"","meta":[],"product_cat":[1094],"product_tag":[2951,2543,2802],"_links":{"self":[{"href":"https:\/\/trenaferragens.com.br\/index.php?rest_route=\/wp\/v2\/product\/7307"}],"collection":[{"href":"https:\/\/trenaferragens.com.br\/index.php?rest_route=\/wp\/v2\/product"}],"about":[{"href":"https:\/\/trenaferragens.com.br\/index.php?rest_route=\/wp\/v2\/types\/product"}],"replies":[{"embeddable":true,"href":"https:\/\/trenaferragens.com.br\/index.php?rest_route=%2Fwp%2Fv2%2Fcomments&post=7307"}],"wp:featuredmedia":[{"embeddable":true,"href":"https:\/\/trenaferragens.com.br\/index.php?rest_route=\/wp\/v2\/media\/7308"}],"wp:attachment":[{"href":"https:\/\/trenaferragens.com.br\/index.php?rest_route=%2Fwp%2Fv2%2Fmedia&parent=7307"}],"wp:term":[{"taxonomy":"product_cat","embeddable":true,"href":"https:\/\/trenaferragens.com.br\/index.php?rest_route=%2Fwp%2Fv2%2Fproduct_cat&post=7307"},{"taxonomy":"product_tag","embeddable":true,"href":"https:\/\/trenaferragens.com.br\/index.php?rest_route=%2Fwp%2Fv2%2Fproduct_tag&post=7307"}],"curies":[{"name":"wp","href":"https:\/\/api.w.org\/{rel}","templated":true}]}}