{"id":7317,"date":"2020-08-28T20:51:59","date_gmt":"2020-08-28T20:51:59","guid":{"rendered":"https:\/\/trenaferragens.com.br\/?post_type=product&#038;p=7317"},"modified":"2022-11-01T16:21:32","modified_gmt":"2022-11-01T16:21:32","slug":"pegpinte-acrilico-profissional-eucatex","status":"publish","type":"product","link":"https:\/\/trenaferragens.com.br\/?product=pegpinte-acrilico-profissional-eucatex","title":{"rendered":"Peg&amp;Pinte Acr\u00edlico Profissional Eucatex"},"content":{"rendered":"<p>TINTAS EUCATEX<\/p>\n<p>Com uma hist\u00f3ria que ultrapassa seis d\u00e9cadas, a Eucatex exibe a maturidade de um grupo que soube ajustar as suas linhas de produtos e responder \u00e0s novas exig\u00eancias do consumidor brasileiro, tanto no seu jeito de morar como nas diferentes maneiras de pensar o ambiente de trabalho.<\/p>\n<p>O Grupo se mant\u00e9m como um dos maiores produtores de pisos, divis\u00f3rias, portas, pain\u00e9is MDP e MDF, chapas de fibras de madeira e tintas e vernizes do Brasil. Com mais de dois mil funcion\u00e1rios, exporta para 40 pa\u00edses e possui seis modernas f\u00e1bricas, localizadas em Botucatu e Salto, cidades do interior do Estado de S\u00e3o Paulo, e Cabo de Santo Agostinho, no estado de Pernambuco.<\/p>\n","protected":false},"excerpt":{"rendered":"<p>Peg &#038; Pinte Acr\u00edlico Profissional Eucatex<\/p>\n<p>DESCRI\u00c7\u00c3O T\u00c9CNICA<\/p>\n<p>Peg &#038; Pinte Tinta Acr\u00edlica Profissional\u00a0<\/p>\n<p>Peg &#038; Pinte Tinta Acr\u00edlica Profissional \u00e9 um produto de boa qualidade para pinturas internas. Uso interior.<\/p>\n<p>*Sem cheiro ap\u00f3s 3 horas de aplica\u00e7\u00e3o.<\/p>\n<p>DISPON\u00cdVEL NAS EMBALAGENS: Gal\u00e3o (3,6L) e Lata (18L).<\/p>\n<p>CORES: Branco e Gelo.<\/p>\n<p>Acabamento:fosco aveludado.<\/p>\n","protected":false},"featured_media":7357,"comment_status":"open","ping_status":"closed","template":"","meta":[],"product_cat":[1125],"product_tag":[2954,2957,2952,2866],"_links":{"self":[{"href":"https:\/\/trenaferragens.com.br\/index.php?rest_route=\/wp\/v2\/product\/7317"}],"collection":[{"href":"https:\/\/trenaferragens.com.br\/index.php?rest_route=\/wp\/v2\/product"}],"about":[{"href":"https:\/\/trenaferragens.com.br\/index.php?rest_route=\/wp\/v2\/types\/product"}],"replies":[{"embeddable":true,"href":"https:\/\/trenaferragens.com.br\/index.php?rest_route=%2Fwp%2Fv2%2Fcomments&post=7317"}],"wp:featuredmedia":[{"embeddable":true,"href":"https:\/\/trenaferragens.com.br\/index.php?rest_route=\/wp\/v2\/media\/7357"}],"wp:attachment":[{"href":"https:\/\/trenaferragens.com.br\/index.php?rest_route=%2Fwp%2Fv2%2Fmedia&parent=7317"}],"wp:term":[{"taxonomy":"product_cat","embeddable":true,"href":"https:\/\/trenaferragens.com.br\/index.php?rest_route=%2Fwp%2Fv2%2Fproduct_cat&post=7317"},{"taxonomy":"product_tag","embeddable":true,"href":"https:\/\/trenaferragens.com.br\/index.php?rest_route=%2Fwp%2Fv2%2Fproduct_tag&post=7317"}],"curies":[{"name":"wp","href":"https:\/\/api.w.org\/{rel}","templated":true}]}}