{"id":7339,"date":"2020-09-08T17:36:33","date_gmt":"2020-09-08T17:36:33","guid":{"rendered":"https:\/\/trenaferragens.com.br\/?post_type=product&#038;p=7339"},"modified":"2020-09-08T17:37:56","modified_gmt":"2020-09-08T17:37:56","slug":"rejunte-epoxi-piscina-portokoll","status":"publish","type":"product","link":"https:\/\/trenaferragens.com.br\/?product=rejunte-epoxi-piscina-portokoll","title":{"rendered":"Rejunte Ep\u00f3xi Piscina Portokoll"},"content":{"rendered":"<p>SOBRE PAREX<\/p>\n<p>Fundada em 1978 pelo grupo france\u0302s Lafarge, a PAREX de 2001 ate\u0301 2014 fez parte do grupo da Materis, empresa de produtos qui\u0301micos para construc\u0327a\u0303o fundada quando a Lafarge vendeu seu brac\u0327o de materiais especiais. Com foco principal no desenvolvimento geogra\u0301fico, tanto organicamente como por meio de aquisic\u0327o\u0303es, a PAREX demonstrou um forte crescimento enquanto redefiniu sua posic\u0327a\u0303o no mercado global. Durante este peri\u0301odo de desenvolvimento, a PAREX adquiriu e integrou com sucesso mais de vinte marcas locais fortes em todo o mundo. Na maioria dos casos, os nego\u0301cios adquiridos eram de propriedade familiar e nos orgulhamos do fato de que a grande maioria dos proprieta\u0301rios e gerentes anteriores continuaram como colegas dentro da PAREX. Como resultado, o espi\u0301rito empreendedor e dina\u0302mico derivado de nossa heranc\u0327a proporcionou uma forte unia\u0303o a\u0300 nossa rede e e\u0301 uma forc\u0327a u\u0301nica de nossa empresa. A fo\u0301rmula comprovada para o sucesso conti\u0301nuo da PAREX esta\u0301 combinando o desenvolvimento global com uma forte presenc\u0327a local, garantindo que as pessoas estejam sempre pro\u0301ximas dos clientes locais.<br \/>\nE agora um novo marco, desde 23 de maio de 2019 a PAREX faz parte do Grupo Sika.<br \/>\nA marca PortoKoll pertence a PAREX, uma das marcas de argamassas e rejuntamentos, expertise do grupo no Brasil.<\/p>\n","protected":false},"excerpt":{"rendered":"<p>Rejunte Ep\u00f3xi Piscina Portokoll<\/p>\n<p>DESCRI\u00c7\u00c3O T\u00c9CNICA<\/p>\n<p>O Ep\u00f3xi Piscinas \u00e9 um rejuntamento tricomponente ideal para piscinas e \u00e1reas molhadas. Flex\u00edvel e totalmente imperme\u00e1vel, n\u00e3o mancha e \u00e9 resistente \u00e0 forma\u00e7\u00e3o de fungos e bact\u00e9rias. Pode ser usado para rejuntar cer\u00e2micas de qualquer tipo (gr\u00eas e monoporosas), inclusive porcelanatos, em piscinas e \u00e1reas molhadas (internas ou externas). Libera para enchimento da piscina em 48 horas. Cores exclusivas dispon\u00edveis.<\/p>\n<p>DISPON\u00cdVEL NAS EMBALAGENS: Balde (1Kg).<\/p>\n<p>CORES: Azu Piscina, Azul Royal.<\/p>\n<p>Indica\u00e7\u00e3o:<\/p>\n<p>\u00c1reas internas e externas<br \/>\nPorcelanatos, cera\u0302micas e pedras<br \/>\nJuntas de 2 a 8 mm<\/p>\n","protected":false},"featured_media":7340,"comment_status":"open","ping_status":"closed","template":"","meta":[],"product_cat":[178,1124],"product_tag":[2965,2966,2892,2969,2970,2968],"_links":{"self":[{"href":"https:\/\/trenaferragens.com.br\/index.php?rest_route=\/wp\/v2\/product\/7339"}],"collection":[{"href":"https:\/\/trenaferragens.com.br\/index.php?rest_route=\/wp\/v2\/product"}],"about":[{"href":"https:\/\/trenaferragens.com.br\/index.php?rest_route=\/wp\/v2\/types\/product"}],"replies":[{"embeddable":true,"href":"https:\/\/trenaferragens.com.br\/index.php?rest_route=%2Fwp%2Fv2%2Fcomments&post=7339"}],"wp:featuredmedia":[{"embeddable":true,"href":"https:\/\/trenaferragens.com.br\/index.php?rest_route=\/wp\/v2\/media\/7340"}],"wp:attachment":[{"href":"https:\/\/trenaferragens.com.br\/index.php?rest_route=%2Fwp%2Fv2%2Fmedia&parent=7339"}],"wp:term":[{"taxonomy":"product_cat","embeddable":true,"href":"https:\/\/trenaferragens.com.br\/index.php?rest_route=%2Fwp%2Fv2%2Fproduct_cat&post=7339"},{"taxonomy":"product_tag","embeddable":true,"href":"https:\/\/trenaferragens.com.br\/index.php?rest_route=%2Fwp%2Fv2%2Fproduct_tag&post=7339"}],"curies":[{"name":"wp","href":"https:\/\/api.w.org\/{rel}","templated":true}]}}