{"id":7351,"date":"2020-09-28T14:27:56","date_gmt":"2020-09-28T14:27:56","guid":{"rendered":"https:\/\/trenaferragens.com.br\/?post_type=product&#038;p=7351"},"modified":"2022-10-12T22:35:09","modified_gmt":"2022-10-12T22:35:09","slug":"manta-liquida-branca-quartzolit","status":"publish","type":"product","link":"https:\/\/trenaferragens.com.br\/?product=manta-liquida-branca-quartzolit","title":{"rendered":"Manta L\u00edquida Branca Quartzolit"},"content":{"rendered":"<p>Manta L\u00edquida Branca Quartzolit<\/p>\n<p>QUARTZOLIT<\/p>\n<p>A quartzolit \u00e9 l\u00edder mundial na produ\u00e7\u00e3o de argamassas industrializadas e oferece uma variedade de solu\u00e7\u00f5es com a mais avan\u00e7ada tecnologia em suas formula\u00e7\u00f5es para atender \u00e0s exig\u00eancias t\u00e9cnicas do mercado.<\/p>\n","protected":false},"excerpt":{"rendered":"<p>Manta L\u00edquida Branca Quartzolit<\/p>\n<p>DESCRI\u00c7\u00c3O T\u00c9CNICA<\/p>\n<p>manta l\u00edquida branca quartzolit\u00a0\u00e9 um impermeabilizante flex\u00edvel e el\u00e1stico para lajes e coberturas sem tr\u00e2nsito, como\u00a0 lajes de concreto armado e telhas de fibrocimento e telhas cer\u00e2micas. Ap\u00f3s secagem, forma uma membrana de alta resist\u00eancia qu\u00edmica.<\/p>\n<p>\u00a0 \u00a0 \u00a0 \u00a0 \u00a0F\u00e1cil aplica\u00e7\u00e3o<br \/>\n\u00a0 \u00a0 \u00a0 \u00a0 \u00a0Impermeabilizante flex\u00edvel de f\u00e1cil aplica\u00e7\u00e3o<br \/>\n\u00a0 \u00a0 \u00a0 \u00a0 \u00a0Resistente aos raios ultravioleta e \u00e0s intemp\u00e9ries<br \/>\n\u00a0 \u00a0 \u00a0 \u00a0 \u00a0Acomoda pequenas movimenta\u00e7\u00f5es da estrutura<br \/>\n\u00a0 \u00a0 \u00a0 \u00a0 \u00a0Baixa\u00a0absor\u00e7\u00e3o\u00a0de \u00e1gua em longos per\u00edodos<br \/>\n\u00a0 \u00a0 \u00a0 \u00a0 \u00a0Mant\u00e9m as propriedades em baixas temperaturas<br \/>\n\u00a0 \u00a0 \u00a0 \u00a0 \u00a0Baixa reten\u00e7\u00e3o de fuligem<\/p>\n<p>Embalagem:\u00a0dispon\u00edvel em baldes de 4,5kg e 18kg.<br \/>\nCor:\u00a0Branca\u00a0(pode ser pigmentada)<br \/>\nValidade:\u00a024 meses.<\/p>\n<p>Alta resist\u00eancia<br \/>\nAlta ader\u00eancia<br \/>\nProduto Branco<br \/>\nPronto para uso<\/p>\n","protected":false},"featured_media":7352,"comment_status":"open","ping_status":"closed","template":"","meta":[],"product_cat":[1116],"product_tag":[2172,2974,2027],"_links":{"self":[{"href":"https:\/\/trenaferragens.com.br\/index.php?rest_route=\/wp\/v2\/product\/7351"}],"collection":[{"href":"https:\/\/trenaferragens.com.br\/index.php?rest_route=\/wp\/v2\/product"}],"about":[{"href":"https:\/\/trenaferragens.com.br\/index.php?rest_route=\/wp\/v2\/types\/product"}],"replies":[{"embeddable":true,"href":"https:\/\/trenaferragens.com.br\/index.php?rest_route=%2Fwp%2Fv2%2Fcomments&post=7351"}],"wp:featuredmedia":[{"embeddable":true,"href":"https:\/\/trenaferragens.com.br\/index.php?rest_route=\/wp\/v2\/media\/7352"}],"wp:attachment":[{"href":"https:\/\/trenaferragens.com.br\/index.php?rest_route=%2Fwp%2Fv2%2Fmedia&parent=7351"}],"wp:term":[{"taxonomy":"product_cat","embeddable":true,"href":"https:\/\/trenaferragens.com.br\/index.php?rest_route=%2Fwp%2Fv2%2Fproduct_cat&post=7351"},{"taxonomy":"product_tag","embeddable":true,"href":"https:\/\/trenaferragens.com.br\/index.php?rest_route=%2Fwp%2Fv2%2Fproduct_tag&post=7351"}],"curies":[{"name":"wp","href":"https:\/\/api.w.org\/{rel}","templated":true}]}}