{"id":7385,"date":"2020-11-05T18:36:49","date_gmt":"2020-11-05T18:36:49","guid":{"rendered":"https:\/\/trenaferragens.com.br\/?post_type=product&#038;p=7385"},"modified":"2022-10-06T15:22:06","modified_gmt":"2022-10-06T15:22:06","slug":"laca-cera-cimento-queimado-portokoll","status":"publish","type":"product","link":"https:\/\/trenaferragens.com.br\/?product=laca-cera-cimento-queimado-portokoll","title":{"rendered":"Laca Cera Cimento Queimado Portokoll"},"content":{"rendered":"<p>SOBRE PAREX<\/p>\n<p>Fundada em 1978 pelo grupo france\u0302s Lafarge, a PAREX de 2001 ate\u0301 2014 fez parte do grupo da Materiais, empresa de produtos qui\u0301micos para construc\u0327a\u0303o fundada quando a Lafarge vendeu seu brac\u0327o de materiais especiais. Com foco principal no desenvolvimento geogra\u0301fico, tanto organicamente como por meio de aquisic\u0327o\u0303es, a PAREX demonstrou um forte crescimento enquanto redefiniu sua posic\u0327a\u0303o no mercado global. Durante este peri\u0301odo de desenvolvimento, a PAREX adquiriu e integrou com sucesso mais de vinte marcas locais fortes em todo o mundo. Na maioria dos casos, os nego\u0301cios adquiridos eram de propriedade familiar e nos orgulhamos do fato de que a grande maioria dos proprieta\u0301rios e gerentes anteriores continuaram como colegas dentro da PAREX. Como resultado, o espi\u0301rito empreendedor e dina\u0302mico derivado de nossa heranc\u0327a proporcionou uma forte unia\u0303o a\u0300 nossa rede e e\u0301 uma forc\u0327a u\u0301nica de nossa empresa. A fo\u0301rmula comprovada para o sucesso conti\u0301nuo da PAREX esta\u0301 combinando o desenvolvimento global com uma forte presenc\u0327a local, garantindo que as pessoas estejam sempre pro\u0301ximas dos clientes locais.<br \/>\nE agora um novo marco, desde 23 de maio de 2019 a PAREX faz parte do Grupo Sika.<br \/>\nA marca PortoKoll pertence a PAREX, uma das marcas de argamassas e rejuntamentos, expertise do grupo no Brasil.<\/p>\n","protected":false},"excerpt":{"rendered":"<p>Laca Cera Cimento Queimado Portokoll<\/p>\n<p>DESCRI\u00c7\u00c3O T\u00c9CNICA<\/p>\n<p>A Cera Laca PortoKoll\u00ae \u00e9 um produto desenvolvido para selar e promover durabilidade e prote\u00e7\u00e3o ao Cimento Queimado.<\/p>\n<p>Ficha t\u00e9cnica<br \/>\nIndica\u00e7\u00e3o:<br \/>\n Aplica\u00e7\u00e3o de duas dem\u00e3os sobre o Cimento Queimado PortoKoll\u00ae.<\/p>\n<p>Rendimento:<br \/>\n 100ml por dem\u00e3o\/m\u00b2.<br \/>\n* O rendimento \u00e9 aproximado e varia de acordo com o tipo e as condi\u00e7\u00f5es da base como planicidade e rugosidade, al\u00e9m de n\u00e3o prever eventuais perdas por manuseio.<\/p>\n","protected":false},"featured_media":7386,"comment_status":"open","ping_status":"closed","template":"","meta":[],"product_cat":[1120,178,1124],"product_tag":[2918,2983,2984,2966],"_links":{"self":[{"href":"https:\/\/trenaferragens.com.br\/index.php?rest_route=\/wp\/v2\/product\/7385"}],"collection":[{"href":"https:\/\/trenaferragens.com.br\/index.php?rest_route=\/wp\/v2\/product"}],"about":[{"href":"https:\/\/trenaferragens.com.br\/index.php?rest_route=\/wp\/v2\/types\/product"}],"replies":[{"embeddable":true,"href":"https:\/\/trenaferragens.com.br\/index.php?rest_route=%2Fwp%2Fv2%2Fcomments&post=7385"}],"wp:featuredmedia":[{"embeddable":true,"href":"https:\/\/trenaferragens.com.br\/index.php?rest_route=\/wp\/v2\/media\/7386"}],"wp:attachment":[{"href":"https:\/\/trenaferragens.com.br\/index.php?rest_route=%2Fwp%2Fv2%2Fmedia&parent=7385"}],"wp:term":[{"taxonomy":"product_cat","embeddable":true,"href":"https:\/\/trenaferragens.com.br\/index.php?rest_route=%2Fwp%2Fv2%2Fproduct_cat&post=7385"},{"taxonomy":"product_tag","embeddable":true,"href":"https:\/\/trenaferragens.com.br\/index.php?rest_route=%2Fwp%2Fv2%2Fproduct_tag&post=7385"}],"curies":[{"name":"wp","href":"https:\/\/api.w.org\/{rel}","templated":true}]}}