{"id":7481,"date":"2021-03-16T13:38:12","date_gmt":"2021-03-16T13:38:12","guid":{"rendered":"https:\/\/trenaferragens.com.br\/?post_type=product&#038;p=7481"},"modified":"2021-03-16T13:40:26","modified_gmt":"2021-03-16T13:40:26","slug":"2-tomadas-2pt-10a-4x2-compose-weg","status":"publish","type":"product","link":"https:\/\/trenaferragens.com.br\/?product=2-tomadas-2pt-10a-4x2-compose-weg","title":{"rendered":"2 Tomadas 2P+T 10A 4&#215;2 &#8211; Compos\u00e9 WEG"},"content":{"rendered":"<p>WEG<\/p>\n<p>Ousadia, entusiasmo e comprometimento s\u00e3o caracter\u00edsticas comuns aos tr\u00eas homens que decidiram unir experi\u00eancias em busca de conquistas. Werner Ricardo Voigt, Eggon Jo\u00e3o da Silva e Geraldo Werninghaus compartilharam um sonho que, com muita paix\u00e3o e trabalho, se tornou realidade.<\/p>\n","protected":false},"excerpt":{"rendered":"<p>2 Tomadas 2P+T 10A 4&#215;2 &#8211; Compos\u00e9 WEG<\/p>\n<p>Com design contempor\u00e2neo e linhas que combinam com o seu estilo, a Compos\u00e9 \u00e9 a nova linha de Tomadas &#038; Interruptores da WEG. S\u00e3o 10 op\u00e7\u00f5es de cores para deixar a sua casa do seu jeito, sem deixar de lado a funcionalidade e a qualidade j\u00e1 reconhecidas da marca WEG.<\/p>\n<p>Resumo das caracter\u00edsticas t\u00e9cnicas<br \/>\nTipo\tTomada de energia<\/p>\n","protected":false},"featured_media":7482,"comment_status":"open","ping_status":"closed","template":"","meta":[],"product_cat":[194,1058],"product_tag":[3007,3005,3008,2894],"_links":{"self":[{"href":"https:\/\/trenaferragens.com.br\/index.php?rest_route=\/wp\/v2\/product\/7481"}],"collection":[{"href":"https:\/\/trenaferragens.com.br\/index.php?rest_route=\/wp\/v2\/product"}],"about":[{"href":"https:\/\/trenaferragens.com.br\/index.php?rest_route=\/wp\/v2\/types\/product"}],"replies":[{"embeddable":true,"href":"https:\/\/trenaferragens.com.br\/index.php?rest_route=%2Fwp%2Fv2%2Fcomments&post=7481"}],"wp:featuredmedia":[{"embeddable":true,"href":"https:\/\/trenaferragens.com.br\/index.php?rest_route=\/wp\/v2\/media\/7482"}],"wp:attachment":[{"href":"https:\/\/trenaferragens.com.br\/index.php?rest_route=%2Fwp%2Fv2%2Fmedia&parent=7481"}],"wp:term":[{"taxonomy":"product_cat","embeddable":true,"href":"https:\/\/trenaferragens.com.br\/index.php?rest_route=%2Fwp%2Fv2%2Fproduct_cat&post=7481"},{"taxonomy":"product_tag","embeddable":true,"href":"https:\/\/trenaferragens.com.br\/index.php?rest_route=%2Fwp%2Fv2%2Fproduct_tag&post=7481"}],"curies":[{"name":"wp","href":"https:\/\/api.w.org\/{rel}","templated":true}]}}