{"id":7499,"date":"2021-03-16T14:19:04","date_gmt":"2021-03-16T14:19:04","guid":{"rendered":"https:\/\/trenaferragens.com.br\/?post_type=product&#038;p=7499"},"modified":"2021-03-16T14:23:07","modified_gmt":"2021-03-16T14:23:07","slug":"modulo-campainha-cigarra-127v-pial-pop","status":"publish","type":"product","link":"https:\/\/trenaferragens.com.br\/?product=modulo-campainha-cigarra-127v-pial-pop","title":{"rendered":"M\u00f3dulo Campainha Cigarra 127V Pial POP"},"content":{"rendered":"<p>M\u00f3dulo Campainha Cigarra 127V Pial POP<\/p>\n<p>PIAL-LEGRAND<\/p>\n<p>O Grupo Legrand Brasil est\u00e1 consolidado por marcas de refer\u00eancia mundial e regional como Legrand, Bticino, HDL, Lorenzetti Materiais El\u00e9tricos, SMS e Daneva, al\u00e9m das linhas de produtos Pial, Cemar e Cablofil. Nossas marcas e produtos comp\u00f4em coerentes sistemas que incorporam as mais recentes inova\u00e7\u00f5es tecnol\u00f3gicas para oferecer melhorias de conforto, seguran\u00e7a e comunica\u00e7\u00e3o para todos os tipos de projetos.<\/p>\n<p>Solu\u00e7\u00f5es para o conforto, efici\u00eancia energ\u00e9tica, comunica\u00e7\u00e3o, gest\u00e3o de seguran\u00e7a e controle da instala\u00e7\u00e3o: interruptores e tomadas, sistema de automa\u00e7\u00e3o residencial, interfonia, circuito fechado de televis\u00e3o e sistema de alarme antifurto.<\/p>\n","protected":false},"excerpt":{"rendered":"<p>M\u00f3dulo Campainha Cigarra 127V Pial POP<\/p>\n<p>A linha Pial, que desde sempre \u00e9 refer\u00eancia em interruptores com diferenciais exclusivos em design, acabamentos e fun\u00e7\u00f5es, apresenta uma novidade PoP para sua casa.<\/p>\n","protected":false},"featured_media":7500,"comment_status":"open","ping_status":"closed","template":"","meta":[],"product_cat":[194,1058,306],"product_tag":[3011,2747,3009,3010,3012],"_links":{"self":[{"href":"https:\/\/trenaferragens.com.br\/index.php?rest_route=\/wp\/v2\/product\/7499"}],"collection":[{"href":"https:\/\/trenaferragens.com.br\/index.php?rest_route=\/wp\/v2\/product"}],"about":[{"href":"https:\/\/trenaferragens.com.br\/index.php?rest_route=\/wp\/v2\/types\/product"}],"replies":[{"embeddable":true,"href":"https:\/\/trenaferragens.com.br\/index.php?rest_route=%2Fwp%2Fv2%2Fcomments&post=7499"}],"wp:featuredmedia":[{"embeddable":true,"href":"https:\/\/trenaferragens.com.br\/index.php?rest_route=\/wp\/v2\/media\/7500"}],"wp:attachment":[{"href":"https:\/\/trenaferragens.com.br\/index.php?rest_route=%2Fwp%2Fv2%2Fmedia&parent=7499"}],"wp:term":[{"taxonomy":"product_cat","embeddable":true,"href":"https:\/\/trenaferragens.com.br\/index.php?rest_route=%2Fwp%2Fv2%2Fproduct_cat&post=7499"},{"taxonomy":"product_tag","embeddable":true,"href":"https:\/\/trenaferragens.com.br\/index.php?rest_route=%2Fwp%2Fv2%2Fproduct_tag&post=7499"}],"curies":[{"name":"wp","href":"https:\/\/api.w.org\/{rel}","templated":true}]}}