{"id":7553,"date":"2021-03-16T18:45:36","date_gmt":"2021-03-16T18:45:36","guid":{"rendered":"https:\/\/trenaferragens.com.br\/?post_type=product&#038;p=7553"},"modified":"2021-03-16T18:51:34","modified_gmt":"2021-03-16T18:51:34","slug":"sika-top-100-caixa-18kg","status":"publish","type":"product","link":"https:\/\/trenaferragens.com.br\/?product=sika-top-100-caixa-18kg","title":{"rendered":"Sika Top 100 Caixa 18Kg"},"content":{"rendered":"<p>Sika Top 100 Caixa 18Kg<\/p>\n<div class=\"titletext parbase section\">\n<div class=\"titletext content-element \">\n<h4 class=\"headline-element\">A MARCA SIKA SIGNIFICA QUALIDADE, INOVA\u00c7\u00c3O E SERVI\u00c7O<\/h4>\n<h4>Sika \u00e9 uma marca forte.\u00a0Permite ao Grupo apresentar uma identidade uniforme em todos os mercados-alvo e com todos os produtos.<\/h4>\n<\/div>\n<\/div>\n<div class=\"titletext parbase section\">\n<div class=\"titletext content-element \">\n<h4 class=\"headline-element\">SIKA COMO MARCA<\/h4>\n<p>A Branding oferece aos produtos uma identidade distinta e os associa a um conjunto espec\u00edfico de valores.\u00a0Este fato foi reconhecido no in\u00edcio da hist\u00f3ria da Sika pelo fundador Kaspar Winkler, que cunhou o nome da empresa e desenhou seu logotipo.\u00a0A consider\u00e1vel posi\u00e7\u00e3o adquirida pela marca Sika ao longo dos anos \u00e9 um tributo a esta hipermetropia.\u00a0Tendo mudado apenas um pouco desde a sua cria\u00e7\u00e3o, o logotipo sintetiza continuidade e solidez.\u00a0\u00c9 reconhecido em todo o mundo como sin\u00f4nimo de inova\u00e7\u00e3o, qualidade e servi\u00e7o.\u00a0A marca combinada de marcas de palavras \/ imagens provou ser um recurso valioso em todo o mundo durante a expans\u00e3o de d\u00e9cadas do grupo Sika.\u00a0Foi lan\u00e7ado com sucesso e \u00e9 prontamente aceito em todas as fronteiras culturais.<\/p>\n<\/div>\n<\/div>\n<p>A Sika integra com sucesso o slogan &#8220;Building Trust&#8221; na sua estrat\u00e9gia de comunica\u00e7\u00e3o.\u00a0As implica\u00e7\u00f5es deste compromisso para o posicionamento da marca da Sika podem ser descritas da seguinte forma:<\/p>\n<p>&#8220;Produtos qu\u00edmicos especiais s\u00e3o nossos neg\u00f3cios e a confian\u00e7a \u00e9 a base do nosso sucesso.\u00a0Por mais de um s\u00e9culo, nos concentramos na qualidade de nossos produtos, enquanto constantemente trazemos para nossa ind\u00fastria um esp\u00edrito de reinven\u00e7\u00e3o.\u00a0Estamos empenhados em fornecer solu\u00e7\u00f5es confi\u00e1veis, inovadoras e duradouras para nossos clientes nas ind\u00fastrias de constru\u00e7\u00e3o, constru\u00e7\u00e3o e fabrica\u00e7\u00e3o.\u00a0Isso realmente representa o valor e o impacto de toda a gama de compet\u00eancias essenciais da Sika: veda\u00e7\u00e3o, liga\u00e7\u00e3o, amortecimento, refor\u00e7o e prote\u00e7\u00e3o.\u00a0Adequado e capaz de enfrentar os desafios futuros de nossos clientes e parceiros, oferecemos produtos inovadores com valor agregado, servi\u00e7os abrangentes, respostas expertas, treinamento bem-formado e solu\u00e7\u00f5es customizadas.\u00a0Estamos orgulhosos de nossas conquistas e ansiosos para provar a n\u00f3s mesmos.\u00a0Sika fornece um selo de qualidade em que voc\u00ea pode confiar.<br \/>\nComprometidos com a excel\u00eancia.<br \/>\nInspirado na inova\u00e7\u00e3o.<br \/>\nConstruindo confian\u00e7a.&#8221;<\/p>\n","protected":false},"excerpt":{"rendered":"<div class=\"details\">\n<p>Sika Top 100 Caixa 18Kg<\/p>\n<div class=\"cmp-product__description cmp-font--light\">\n<div class=\"cmp-text\">\n<div class=\"cmp-product__description--short\">\n<div class=\"cmp-product__description cmp-font--light\">\n<div class=\"cmp-text\">\n<div class=\"cmp-product__description--short\">\n<div class=\"cmp-product__description cmp-font--light\">\n<div class=\"cmp-text\">\n<div class=\"cmp-product__description--short\">Revestimento impermeabilizante bicomponente semi-flex\u00edvel<\/div>\n<p class=\"cmp-text__paragraph line-clamp_readmore line-clamp_readmore_ellipsis open\" data-read-more=\"Ler mais (+)\" data-read-less=\"Ler menos (-)\">SikaTop\u00ae 100 \u00e9 um revestimento, semi-flex\u00edvel, impermeabilizante e protetor, bicomponente, \u00e0 base de cimento, areias selecionadas e resina acr\u00edlica para uso em concreto, argamassa ou alvenaria com excelente ader\u00eancia e impermeabilidade. SikaTop\u00ae 100 \u00e9 fornecido pronto para o uso, bastando misturar os componentes A (l\u00edquido) e B (p\u00f3).<\/p>\n<\/div>\n<\/div>\n<div class=\"cmp-product__attributes\">\n<ul>\n<li>F\u00e1cil aplica\u00e7\u00e3o, podendo ser aplicado como pintura.<\/li>\n<li>Excelente impermeabilidade.<\/li>\n<li>Alta ader\u00eancia em substratos ciment\u00edcios e alvenaria.<\/li>\n<\/ul>\n<\/div>\n<\/div>\n<\/div>\n<\/div>\n<\/div>\n<\/div>\n<\/div>\n<\/div>\n","protected":false},"featured_media":7554,"comment_status":"open","ping_status":"closed","template":"","meta":[],"product_cat":[166,270],"product_tag":[3014,3015,3018],"_links":{"self":[{"href":"https:\/\/trenaferragens.com.br\/index.php?rest_route=\/wp\/v2\/product\/7553"}],"collection":[{"href":"https:\/\/trenaferragens.com.br\/index.php?rest_route=\/wp\/v2\/product"}],"about":[{"href":"https:\/\/trenaferragens.com.br\/index.php?rest_route=\/wp\/v2\/types\/product"}],"replies":[{"embeddable":true,"href":"https:\/\/trenaferragens.com.br\/index.php?rest_route=%2Fwp%2Fv2%2Fcomments&post=7553"}],"wp:featuredmedia":[{"embeddable":true,"href":"https:\/\/trenaferragens.com.br\/index.php?rest_route=\/wp\/v2\/media\/7554"}],"wp:attachment":[{"href":"https:\/\/trenaferragens.com.br\/index.php?rest_route=%2Fwp%2Fv2%2Fmedia&parent=7553"}],"wp:term":[{"taxonomy":"product_cat","embeddable":true,"href":"https:\/\/trenaferragens.com.br\/index.php?rest_route=%2Fwp%2Fv2%2Fproduct_cat&post=7553"},{"taxonomy":"product_tag","embeddable":true,"href":"https:\/\/trenaferragens.com.br\/index.php?rest_route=%2Fwp%2Fv2%2Fproduct_tag&post=7553"}],"curies":[{"name":"wp","href":"https:\/\/api.w.org\/{rel}","templated":true}]}}