{"id":7557,"date":"2021-03-16T18:57:37","date_gmt":"2021-03-16T18:57:37","guid":{"rendered":"https:\/\/trenaferragens.com.br\/?post_type=product&#038;p=7557"},"modified":"2021-03-16T18:58:01","modified_gmt":"2021-03-16T18:58:01","slug":"fixa-tudo-branco-tubo-400gr-kisafix","status":"publish","type":"product","link":"https:\/\/trenaferragens.com.br\/?product=fixa-tudo-branco-tubo-400gr-kisafix","title":{"rendered":"Fixa Tudo Branco Tubo 400gr &#8211; Kisafix"},"content":{"rendered":"<p>Fixa Tudo Branco Tubo 400gr &#8211; Kisafix<\/p>\n<p>KISAFIX<\/p>\n<p>A Kisafix \u00e9 uma marca da Killing, uma ind\u00fastria qu\u00edmica com mais de 55 anos de hist\u00f3ria em colagem e pintura, presente no nosso dia a dia nas colagens dos nossos cal\u00e7ados, m\u00f3veis, colch\u00f5es, estofados, entre outros produtos.<\/p>\n<p>Atualmente \u00e9 uma das l\u00edderes no segmento de adesivos na Am\u00e9rica Latina e l\u00edder absoluta na linha de adesivos para cal\u00e7ados no Brasil. Tem em seu portf\u00f3lio uma ampla linha com tecnologias base solvente, base \u00e1gua, hot melt, PUR, Instant\u00e2neos e em complementos como thinners, diluentes e acabamentos para m\u00f3veis.<\/p>\n","protected":false},"excerpt":{"rendered":"<div class=\"details\">\n<p>Fixa Tudo Branco Tubo 400gr &#8211; Kisafix<\/p>\n<p>Indicado para veda\u00e7\u00e3o e colagem em \u00e1reas internas e externas. Principais aplica\u00e7\u00f5es: Fixa\u00e7\u00e3o de espelhos, policarbonato, PVC, metais, pedras e vidros.<\/p>\n<\/div>\n","protected":false},"featured_media":7556,"comment_status":"open","ping_status":"closed","template":"","meta":[],"product_cat":[1855,270],"product_tag":[3021,3019,3020],"_links":{"self":[{"href":"https:\/\/trenaferragens.com.br\/index.php?rest_route=\/wp\/v2\/product\/7557"}],"collection":[{"href":"https:\/\/trenaferragens.com.br\/index.php?rest_route=\/wp\/v2\/product"}],"about":[{"href":"https:\/\/trenaferragens.com.br\/index.php?rest_route=\/wp\/v2\/types\/product"}],"replies":[{"embeddable":true,"href":"https:\/\/trenaferragens.com.br\/index.php?rest_route=%2Fwp%2Fv2%2Fcomments&post=7557"}],"wp:featuredmedia":[{"embeddable":true,"href":"https:\/\/trenaferragens.com.br\/index.php?rest_route=\/wp\/v2\/media\/7556"}],"wp:attachment":[{"href":"https:\/\/trenaferragens.com.br\/index.php?rest_route=%2Fwp%2Fv2%2Fmedia&parent=7557"}],"wp:term":[{"taxonomy":"product_cat","embeddable":true,"href":"https:\/\/trenaferragens.com.br\/index.php?rest_route=%2Fwp%2Fv2%2Fproduct_cat&post=7557"},{"taxonomy":"product_tag","embeddable":true,"href":"https:\/\/trenaferragens.com.br\/index.php?rest_route=%2Fwp%2Fv2%2Fproduct_tag&post=7557"}],"curies":[{"name":"wp","href":"https:\/\/api.w.org\/{rel}","templated":true}]}}