{"id":7592,"date":"2021-03-30T18:18:33","date_gmt":"2021-03-30T18:18:33","guid":{"rendered":"https:\/\/trenaferragens.com.br\/?post_type=product&#038;p=7592"},"modified":"2021-03-30T18:24:10","modified_gmt":"2021-03-30T18:24:10","slug":"vaselina-liquida-industrial-vonder","status":"publish","type":"product","link":"https:\/\/trenaferragens.com.br\/?product=vaselina-liquida-industrial-vonder","title":{"rendered":"Vaselina L\u00edquida Industrial VONDER"},"content":{"rendered":"<p>VONDER<\/p>\n<p>A VONDER \u00e9 uma das marcas mais completas do Brasil em sua categoria, sendo detentora do melhor e mais completo mix de ferragens, ferramentas, m\u00e1quinas e equipamentos para uso profissional do mercado. Um hist\u00f3rico de trabalho e crescimento muito expressivo, incrementando seus produtos ano a ano e surpreendendo por sua evolu\u00e7\u00e3o e aprimoramento em diversos segmentos e linhas, sempre primando pela m\u00e1xima qualidade de suas ferramentas e ampla variedade de produtos destinados a diferentes segmentos de atua\u00e7\u00e3o profissional.<\/p>\n<p>A VONDER \u00e9 a principal marca do Grupo OVD, um dos maiores atacadistas de ferragens e ferramentas do pa\u00eds, com 50 anos de mercado e dedica\u00e7\u00e3o aos seus parceiros e clientes.<\/p>\n","protected":false},"excerpt":{"rendered":"<p>Vaselina L\u00edquida Industrial VONDER<\/p>\n<ul>\n<li>Indicada no material para constru\u00e7\u00e3o na prote\u00e7\u00e3o de esquadrias, preven\u00e7\u00e3o e limpeza de couros, amaciante de couros, lubrifica\u00e7\u00e3o de esteiras, fitas adesivas plastificantes, prote\u00e7\u00e3o de pe\u00e7as mec\u00e2nicas, lubrifica\u00e7\u00e3o de m\u00e1quinas\/pneum\u00e1ticos. Impermeabilizante, cal\u00e7ados como desmoldante, limpeza de ferragens n\u00e1uticas, equipamentos de pesca, ar condicionado e armas, prote\u00e7\u00e3o de chaparia, plastificante de borracha, defensivos agr\u00edcolas, cordoaria, tinta para papel carbono, como \u00f3leo protetivo contra corros\u00e3o. Na Ind\u00fastria de pl\u00e1sticos \u00e9 um ve\u00edculo de pigmenta\u00e7\u00e3o para tingimento, al\u00e9m de ser um excelente amaciante. Na constru\u00e7\u00e3o civil \u00e9 utilizada como protetor de caixilhos e desmoldante para concreto. Na Ind\u00fastria t\u00eaxtil \u00e9 utilizada no processo de algod\u00e3o, evitando a forma\u00e7\u00e3o de poeiras e dando maior flexibilidade \u00e0s fibras. Obs.: \u00c9 contra indicado o uso da vaselina l\u00edquida industrial em alimentos, cosm\u00e9ticos e medicamentos, por ser um produto para uso industrial.Aplica\u00e7\u00e3o simples e f\u00e1cil. Por ser um produto a base de \u00f3leo Minerais paraf\u00ednico sem aditivos, derivado do petr\u00f3leo, sua lubrifica\u00e7\u00e3o torna-se completa, deixando as pe\u00e7as totalmente lubrificada.<\/li>\n<\/ul>\n<p><strong>Embalagens:\u00a0<\/strong><\/p>\n<ul>\n<li>Volume: 500 ml<\/li>\n<\/ul>\n<ul>\n<li>Conte\u00fado l\u00edquido: 450 g<\/li>\n<\/ul>\n","protected":false},"featured_media":7594,"comment_status":"open","ping_status":"closed","template":"","meta":[],"product_cat":[1855],"product_tag":[3039,3038,3041,2909],"_links":{"self":[{"href":"https:\/\/trenaferragens.com.br\/index.php?rest_route=\/wp\/v2\/product\/7592"}],"collection":[{"href":"https:\/\/trenaferragens.com.br\/index.php?rest_route=\/wp\/v2\/product"}],"about":[{"href":"https:\/\/trenaferragens.com.br\/index.php?rest_route=\/wp\/v2\/types\/product"}],"replies":[{"embeddable":true,"href":"https:\/\/trenaferragens.com.br\/index.php?rest_route=%2Fwp%2Fv2%2Fcomments&post=7592"}],"wp:featuredmedia":[{"embeddable":true,"href":"https:\/\/trenaferragens.com.br\/index.php?rest_route=\/wp\/v2\/media\/7594"}],"wp:attachment":[{"href":"https:\/\/trenaferragens.com.br\/index.php?rest_route=%2Fwp%2Fv2%2Fmedia&parent=7592"}],"wp:term":[{"taxonomy":"product_cat","embeddable":true,"href":"https:\/\/trenaferragens.com.br\/index.php?rest_route=%2Fwp%2Fv2%2Fproduct_cat&post=7592"},{"taxonomy":"product_tag","embeddable":true,"href":"https:\/\/trenaferragens.com.br\/index.php?rest_route=%2Fwp%2Fv2%2Fproduct_tag&post=7592"}],"curies":[{"name":"wp","href":"https:\/\/api.w.org\/{rel}","templated":true}]}}