{"id":7598,"date":"2021-03-30T20:09:22","date_gmt":"2021-03-30T20:09:22","guid":{"rendered":"https:\/\/trenaferragens.com.br\/?post_type=product&#038;p=7598"},"modified":"2024-07-30T17:42:22","modified_gmt":"2024-07-30T17:42:22","slug":"kit-universal-caixa-de-descarga-simples-deca","status":"publish","type":"product","link":"https:\/\/trenaferragens.com.br\/?product=kit-universal-caixa-de-descarga-simples-deca","title":{"rendered":"Kit Universal Caixa de Descarga Simples &#8211; Deca"},"content":{"rendered":"<p>Kit Universal Caixa de Descarga Simples &#8211; Deca<\/p>\n<p>DECA<\/p>\n<p>Design, qualidade e inova\u00e7\u00e3o sempre foram conceitos que diferenciaram a Deca ao longo de sua hist\u00f3ria. S\u00e3o eles que fazem da empresa a maior fabricante de lou\u00e7as e metais sanit\u00e1rios do Hemisf\u00e9rio Sul e l\u00edder no mercado brasileiro, al\u00e9m de exportadora para os quatro continentes. Investindo constantemente em pesquisa e desenvolvimento tecnol\u00f3gico, a Deca se preocupa em oferecer produtos e solu\u00e7\u00f5es para clientes e consumidores, sempre buscando a excel\u00eancia em servi\u00e7os e uma gest\u00e3o sustent\u00e1vel.<\/p>\n","protected":false},"excerpt":{"rendered":"<p>Kit Universal Caixa de Descarga Simples &#8211; Deca<\/p>\n<p>Conhecida pela combina\u00e7\u00e3o perfeita entre tradi\u00e7\u00e3o e modernidade, a Hydra lan\u00e7a o mecanismo universal. Aliando a qualidade j\u00e1 reconhecida \u00e0 economia de agua, o mecanismo acoplado \u00e9 a solu\u00e7\u00e3o para os mais variados tipos de caixas acopladas que buscam mecanismo moderno e econ\u00f4mico. Al\u00e9m de serem silenciosas, se adaptam a qualquer tipo de caixa acoplada. Possuem op\u00e7\u00e3o de duplo ou simples acionamento e ainda operam em baixa e alta press\u00e3o. Sem contar que respeitam as exig\u00eancias das normas brasileiras.<\/p>\n<p><strong>ESPECIFICA\u00c7\u00d5ES<\/strong>:<\/p>\n<div class=\"product-details\">\n<p class=\"product-details__title\"><strong>Atributos<\/strong><\/p>\n<ul class=\"product-detail__list\">\n<li class=\"product-details__list-item\">Para alta e baixa press\u00e3o<\/li>\n<li class=\"product-details__list-item\">Silencioso<\/li>\n<li class=\"product-details__list-item\">F\u00e1cil instala\u00e7\u00e3o e adaptabilidade<\/li>\n<\/ul>\n<\/div>\n<div class=\"product-details\">\n<p class=\"product-details__title\"><strong>Dimens\u00f5es<\/strong><\/p>\n<ul class=\"product-detail__list\">\n<li style=\"list-style-type: none;\">\n<ul class=\"product-detail__list\">\n<li class=\"product-details__list-item\">Altura:\u00a0<em>530mm<\/em><\/li>\n<li class=\"product-details__list-item\">Comprimento:\u00a0<em>245mm<\/em><\/li>\n<li class=\"product-details__list-item\">Largura:\u00a0<em>90mm<\/em><\/li>\n<\/ul>\n<\/li>\n<\/ul>\n<p><small>OBS: Dimens\u00f5es do produto sem embalagem<\/small><\/p>\n<\/div>\n<div class=\"product-details\">\n<p class=\"product-details__title\"><strong>Dados t\u00e9cnicos<\/strong><\/p>\n<ul class=\"product-detail__list\">\n<li class=\"product-details__list-item\">Peso L\u00edquido:\u00a0<em>0.515<\/em><\/li>\n<li class=\"product-details__list-item\">Peso Bruto:\u00a0<em>0.530<\/em><\/li>\n<\/ul>\n<\/div>\n","protected":false},"featured_media":7599,"comment_status":"open","ping_status":"closed","template":"","meta":[],"product_cat":[312,168],"product_tag":[2400,3045,3046,2503],"_links":{"self":[{"href":"https:\/\/trenaferragens.com.br\/index.php?rest_route=\/wp\/v2\/product\/7598"}],"collection":[{"href":"https:\/\/trenaferragens.com.br\/index.php?rest_route=\/wp\/v2\/product"}],"about":[{"href":"https:\/\/trenaferragens.com.br\/index.php?rest_route=\/wp\/v2\/types\/product"}],"replies":[{"embeddable":true,"href":"https:\/\/trenaferragens.com.br\/index.php?rest_route=%2Fwp%2Fv2%2Fcomments&post=7598"}],"wp:featuredmedia":[{"embeddable":true,"href":"https:\/\/trenaferragens.com.br\/index.php?rest_route=\/wp\/v2\/media\/7599"}],"wp:attachment":[{"href":"https:\/\/trenaferragens.com.br\/index.php?rest_route=%2Fwp%2Fv2%2Fmedia&parent=7598"}],"wp:term":[{"taxonomy":"product_cat","embeddable":true,"href":"https:\/\/trenaferragens.com.br\/index.php?rest_route=%2Fwp%2Fv2%2Fproduct_cat&post=7598"},{"taxonomy":"product_tag","embeddable":true,"href":"https:\/\/trenaferragens.com.br\/index.php?rest_route=%2Fwp%2Fv2%2Fproduct_tag&post=7598"}],"curies":[{"name":"wp","href":"https:\/\/api.w.org\/{rel}","templated":true}]}}