{"id":7645,"date":"2021-05-03T19:33:14","date_gmt":"2021-05-03T19:33:14","guid":{"rendered":"https:\/\/trenaferragens.com.br\/?post_type=product&#038;p=7645"},"modified":"2021-05-03T19:35:08","modified_gmt":"2021-05-03T19:35:08","slug":"banca-aco-inox-lisa-1-50mt-pianox","status":"publish","type":"product","link":"https:\/\/trenaferragens.com.br\/?product=banca-aco-inox-lisa-1-50mt-pianox","title":{"rendered":"Banca A\u00e7o Inox Lisa 1.50mt &#8211; PIANOX"},"content":{"rendered":"<p>Banca A\u00e7o Inox Lisa 1.50mt &#8211; PIANOX<\/p>\n<p>PIANOX<\/p>\n<p>Pianox uma marca com 25 anos de mercado, com sedeem Santa Catarina &#8211; Brasil. Presente atual em 5 pa\u00edses da Am\u00e9rica do Sul. Focada em solu\u00e7\u00f5es inteligentes em a\u00e7o inox e tend\u00eancias internacionais, possui em seu parque fabril equipamentos e processos tecnol\u00f3gicos dos mais avan\u00e7ados, oferecendo ao mercado produtos de alta qualidade.<\/p>\n","protected":false},"excerpt":{"rendered":"<p>Banca A\u00e7o Inox Lisa 1.50mt &#8211; PIANOX<\/p>\n<p>&nbsp;<\/p>\n","protected":false},"featured_media":7646,"comment_status":"open","ping_status":"closed","template":"","meta":[],"product_cat":[168],"product_tag":[3061,3062,3063,3064],"_links":{"self":[{"href":"https:\/\/trenaferragens.com.br\/index.php?rest_route=\/wp\/v2\/product\/7645"}],"collection":[{"href":"https:\/\/trenaferragens.com.br\/index.php?rest_route=\/wp\/v2\/product"}],"about":[{"href":"https:\/\/trenaferragens.com.br\/index.php?rest_route=\/wp\/v2\/types\/product"}],"replies":[{"embeddable":true,"href":"https:\/\/trenaferragens.com.br\/index.php?rest_route=%2Fwp%2Fv2%2Fcomments&post=7645"}],"wp:featuredmedia":[{"embeddable":true,"href":"https:\/\/trenaferragens.com.br\/index.php?rest_route=\/wp\/v2\/media\/7646"}],"wp:attachment":[{"href":"https:\/\/trenaferragens.com.br\/index.php?rest_route=%2Fwp%2Fv2%2Fmedia&parent=7645"}],"wp:term":[{"taxonomy":"product_cat","embeddable":true,"href":"https:\/\/trenaferragens.com.br\/index.php?rest_route=%2Fwp%2Fv2%2Fproduct_cat&post=7645"},{"taxonomy":"product_tag","embeddable":true,"href":"https:\/\/trenaferragens.com.br\/index.php?rest_route=%2Fwp%2Fv2%2Fproduct_tag&post=7645"}],"curies":[{"name":"wp","href":"https:\/\/api.w.org\/{rel}","templated":true}]}}